{"id":325,"date":"2021-03-18T14:01:34","date_gmt":"2021-03-18T14:01:34","guid":{"rendered":"http:\/\/www.onionmachines.com\/product\/kryo-x26-mtb-model-y\/"},"modified":"2022-05-24T02:12:55","modified_gmt":"2022-05-24T02:12:55","slug":"onion-washing-machine","status":"publish","type":"product","link":"https:\/\/www.onionmachines.com\/fr\/produit\/onion-washing-machine\/","title":{"rendered":"Vente \u00e0 chaud Machine \u00e0 laver et \u00e0 nettoyer les oignons Co\u00fbt 800Kg\/H"},"content":{"rendered":"<p>Cette machine \u00e0 laver les oignons utilise un d\u00e9bit d'eau \u00e0 haute pression et des dispositifs g\u00e9n\u00e9rateurs de bulles pour frapper la surface de l'objet \u00e0 nettoyer, ce qui permet de nettoyer efficacement la salet\u00e9 \u00e0 la surface de l'oignon, et l'effet de nettoyage est bon. Cette machine am\u00e9liore consid\u00e9rablement le taux de recyclage de l'eau de nettoyage, \u00e9conomise 80% d'eau de nettoyage et \u00e9conomise de la main d'\u0153uvre.<\/p>\n<ul>\n<li>Taux \u00e9lev\u00e9 d'\u00e9conomie d'eau : peut am\u00e9liorer l'efficacit\u00e9 du travail de plus de 50%<\/li>\n<li>Service personnalis\u00e9 : Il peut \u00eatre personnalis\u00e9 en fonction de la production.<\/li>\n<li>Utilisations : Tue efficacement les bact\u00e9ries nocives et d\u00e9compose les pesticides r\u00e9siduels.<\/li>\n<li>Avantages : Installation simple, fonctionnement facile, maintenance ais\u00e9e et faible consommation d'\u00e9nergie.<\/li>\n<\/ul>\n<h2><img loading=\"lazy\" decoding=\"async\" class=\"alignnone size-full wp-image-1719\" src=\"https:\/\/www.onionmachines.com\/wp-content\/uploads\/2021\/03\/5-5.jpg\" alt=\"\" width=\"800\" height=\"500\" srcset=\"https:\/\/www.onionmachines.com\/wp-content\/uploads\/2021\/03\/5-5.jpg 800w, https:\/\/www.onionmachines.com\/wp-content\/uploads\/2021\/03\/5-5-300x188.jpg 300w, https:\/\/www.onionmachines.com\/wp-content\/uploads\/2021\/03\/5-5-768x480.jpg 768w, https:\/\/www.onionmachines.com\/wp-content\/uploads\/2021\/03\/5-5-600x375.jpg 600w\" sizes=\"auto, (max-width: 800px) 100vw, 800px\" \/><\/h2>\n<h2><strong><b>Processus de travail de la <\/b><\/strong><strong><b>Machine \u00e0 nettoyer les oignons<\/b><\/strong><\/h2>\n<ul>\n<li>L'orifice d'alimentation est \u00e9quip\u00e9 d'une vague de surf frontale, qui pousse efficacement le mat\u00e9riau vers l'avant et place la pile d'alimentation.<\/li>\n<li>Lorsque l'oignon entre dans l'\u00e9vier, le flux d'eau \u00e0 haute pression et les fortes bulles d'air dispersent, roulent, nettoient et distribuent le mat\u00e9riel.<\/li>\n<li>Il y a un tuyau d'arrosage au-dessus de l'\u00e9vier, qui coop\u00e8re avec les bulles d'air au fond de l'\u00e9vier pour que les oignons soient brass\u00e9s efficacement dans l'eau, et l'effet de nettoyage est excellent.<\/li>\n<li>La poussi\u00e8re lav\u00e9e \u00e0 la surface de l'oignon tombera au fond de la biblioth\u00e8que d'isolement et ne causera pas de pollution secondaire due au reflux.<\/li>\n<\/ul>\n<h2><strong><b>Avantages de la <\/b><\/strong><strong><b>Machine \u00e0 laver les oignons<\/b><\/strong><\/h2>\n<ul>\n<li>L'ensemble de la machine \u00e0 laver les oignons est fabriqu\u00e9 en acier inoxydable de haute qualit\u00e9, conforme aux normes d'hygi\u00e8ne.<\/li>\n<li>L'effet de nettoyage est bon, ce qui permet d'am\u00e9liorer l'efficacit\u00e9 du nettoyage et d'\u00e9conomiser de l'eau. C'est le meilleur choix pour le nettoyage des fruits et l\u00e9gumes.<\/li>\n<li>Fonctionnement simple et stable, nettoyage et entretien ais\u00e9s.<\/li>\n<li>La machine \u00e0 nettoyer les oignons a une bonne capacit\u00e9 de r\u00e9gulation de la vitesse, et les utilisateurs peuvent ajuster la vitesse en fonction de leurs besoins r\u00e9els.<\/li>\n<li>La prise en charge de la personnalisation, qui peut \u00eatre adapt\u00e9e en fonction du r\u00e9sultat du traitement.<\/li>\n<\/ul>\n<h2><iframe loading=\"lazy\" title=\"Lecteur vid\u00e9o YouTube\" src=\"https:\/\/www.youtube.com\/embed\/3vKlcqu7JBE\" width=\"850\" height=\"475.5\" frameborder=\"0\" allowfullscreen=\"allowfullscreen\"><span data-mce-type=\"bookmark\" style=\"display: inline-block; width: 0px; overflow: hidden; line-height: 0;\" class=\"mce_SELRES_start\"><\/span><\/iframe><\/h2>\n<h2><strong><b>A<\/b><\/strong><strong><b>application<\/b><\/strong><strong><b>s<\/b><\/strong><\/h2>\n<p>Cette machine \u00e0 nettoyer les oignons est largement utilis\u00e9e pour nettoyer les l\u00e9gumes, les produits aquatiques, les dattes rouges, les jujubes, les carottes, les pommes, les pommes de terre, les pommes de terre, etc. Couleur.<\/p>\n<h2><strong><b>Co\u00fbt de la machine \u00e0 laver les oignons<\/b><\/strong><\/h2>\n<p>Le co\u00fbt de la machine \u00e0 laver les oignons fournie par notre soci\u00e9t\u00e9 varie en fonction de la puissance et du mod\u00e8le. Si vous \u00eates int\u00e9ress\u00e9 par cette machine, vous pouvez nous laisser un message et nous vous enverrons un devis d\u00e8s que possible.<\/p>\n<h2 class=\"feat_tit\">Donn\u00e9es techniques<\/h2>\n<div class=\"tech_con\">\n<table border=\"1\" cellspacing=\"0\">\n<tbody>\n<tr>\n<td>Machine \u00e0 laver les pommes de terre \u00e0 bulles<\/td>\n<td>Puissance\uff08KW\uff09<\/td>\n<td>Taille\uff08MM\uff09<\/td>\n<td>Poids\uff08KG\uff09<\/td>\n<td>Largeur de la maille\uff08MM\uff09<\/td>\n<\/tr>\n<tr>\n<td>GGXQ3000<\/td>\n<td>2.2\/0.75\/1.5<\/td>\n<td>3100*1400*1500<\/td>\n<td>500<\/td>\n<td>600<\/td>\n<\/tr>\n<tr>\n<td>GGXQ4000<\/td>\n<td>4\/1.1\/1.5<\/td>\n<td>4100*1400*1500<\/td>\n<td>700<\/td>\n<td>800<\/td>\n<\/tr>\n<tr>\n<td>GGXQ5000<\/td>\n<td>5.5\/1.5\/2.2<\/td>\n<td>5100*1400*1500<\/td>\n<td>900<\/td>\n<td>800<\/td>\n<\/tr>\n<tr>\n<td>GGXQ6000<\/td>\n<td>5.5\/1.5\/2.2<\/td>\n<td>6100*1400*1500<\/td>\n<td>1000<\/td>\n<td>800<\/td>\n<\/tr>\n<tr>\n<td>GGXQ7000<\/td>\n<td>5.5\/1.5\/3<\/td>\n<td>7100*1400*1500<\/td>\n<td>1200<\/td>\n<td>800<\/td>\n<\/tr>\n<tr>\n<td>GGXQ8000<\/td>\n<td>5.5\/1.5\/3<\/td>\n<td>8100*1400*1500<\/td>\n<td>1350<\/td>\n<td>800<\/td>\n<\/tr>\n<\/tbody>\n<\/table>\n<\/div>\n\n<div class=\"wpcf7 no-js\" id=\"wpcf7-f12-o1\" lang=\"en-US\" dir=\"ltr\" data-wpcf7-id=\"12\">\n<div class=\"screen-reader-response\"><p role=\"status\" aria-live=\"polite\" aria-atomic=\"true\"><\/p> <ul><\/ul><\/div>\n<form action=\"\/fr\/wp-json\/wp\/v2\/product\/325#wpcf7-f12-o1\" method=\"post\" class=\"wpcf7-form init\" aria-label=\"Formulaire de contact\" novalidate=\"novalidate\" data-status=\"init\" data-trp-original-action=\"\/fr\/wp-json\/wp\/v2\/product\/325#wpcf7-f12-o1\">\n<fieldset class=\"hidden-fields-container\"><input type=\"hidden\" name=\"_wpcf7\" value=\"12\" \/><input type=\"hidden\" name=\"_wpcf7_version\" value=\"6.1.5\" \/><input type=\"hidden\" name=\"_wpcf7_locale\" value=\"en_US\" \/><input type=\"hidden\" name=\"_wpcf7_unit_tag\" value=\"wpcf7-f12-o1\" \/><input type=\"hidden\" name=\"_wpcf7_container_post\" value=\"0\" \/><input type=\"hidden\" name=\"_wpcf7_posted_data_hash\" value=\"\" \/>\n<\/fieldset>\n<div style='text-align: center;font-size: 30px;font-weight:bold;' class='pro-form'>\n\t<p>Laissez un message pour plus de d\u00e9tails et de prix\n\t<\/p>\n<\/div>\n<div style='width:50%;float:left'>\n\t<p><label> Votre nom<br \/>\n<span class=\"wpcf7-form-control-wrap\" data-name=\"your-name\"><input size=\"40\" maxlength=\"400\" class=\"wpcf7-form-control wpcf7-text\" aria-invalid=\"false\" value=\"\" type=\"text\" name=\"your-name\" \/><\/span> <\/label>\n\t<\/p>\n<\/div>\n<div style='width:50%;float:left'>\n\t<p><label> Votre pays<br \/>\n<span class=\"wpcf7-form-control-wrap\" data-name=\"text-899\"><input size=\"40\" maxlength=\"400\" class=\"wpcf7-form-control wpcf7-text\" aria-invalid=\"false\" value=\"\" type=\"text\" name=\"text-899\" \/><\/span> <\/label>\n\t<\/p>\n<\/div>\n<div style='clear:both'>\n<\/div>\n<div style='width:50%;float:left'>\n\t<p><label> *Votre email<br \/>\n<span class=\"wpcf7-form-control-wrap\" data-name=\"your-email\"><input size=\"40\" maxlength=\"400\" class=\"wpcf7-form-control wpcf7-email wpcf7-validates-as-required wpcf7-text wpcf7-validates-as-email\" aria-required=\"true\" aria-invalid=\"false\" value=\"\" type=\"email\" name=\"your-email\" \/><\/span> <\/label>\n\t<\/p>\n<\/div>\n<div style='width:50%;float:left'>\n\t<p><label> Votre t\u00e9l<br \/>\n<span class=\"wpcf7-form-control-wrap\" data-name=\"text-89\"><input size=\"40\" maxlength=\"400\" class=\"wpcf7-form-control wpcf7-text\" aria-invalid=\"false\" value=\"\" type=\"text\" name=\"text-89\" \/><\/span> <\/label>\n\t<\/p>\n<\/div>\n<div style='clear:both'>\n<\/div>\n<p><label> *Votre message<br \/>\n<span class=\"wpcf7-form-control-wrap\" data-name=\"your-message\"><textarea cols=\"40\" rows=\"10\" maxlength=\"2000\" class=\"wpcf7-form-control wpcf7-textarea wpcf7-validates-as-required\" aria-required=\"true\" aria-invalid=\"false\" name=\"your-message\"><\/textarea><\/span> <\/label>\n<\/p>\n<p><input class=\"wpcf7-form-control wpcf7-submit has-spinner\" type=\"submit\" value=\"Soumettre\" \/>\n<\/p><p style=\"display: none !important;\" class=\"akismet-fields-container\" data-prefix=\"_wpcf7_ak_\"><label>\u0394<textarea name=\"_wpcf7_ak_hp_textarea\" cols=\"45\" rows=\"8\" maxlength=\"100\"><\/textarea><\/label><input type=\"hidden\" id=\"ak_js_1\" name=\"_wpcf7_ak_js\" value=\"152\"\/><script>document.getElementById( \"ak_js_1\" ).setAttribute( \"value\", ( new Date() ).getTime() );<\/script><\/p><div class=\"wpcf7-response-output\" aria-hidden=\"true\"><\/div>\n<input type=\"hidden\" name=\"trp-form-language\" value=\"fr\"\/><\/form>\n<\/div>","protected":false},"excerpt":{"rendered":"<p>Cette machine est fabriqu\u00e9e en acier inoxydable, avec un ventilateur \u00e0 haute pression et un impact d'eau \u00e0 haute pression, afin d'obtenir l'effet de trempage, de nettoyage et de d\u00e9salinisation des oignons.<\/p>","protected":false},"featured_media":1715,"comment_status":"open","ping_status":"closed","template":"","meta":{"site-sidebar-layout":"default","site-content-layout":"default","ast-main-header-display":"","ast-hfb-above-header-display":"","ast-hfb-below-header-display":"","ast-hfb-mobile-header-display":"","site-post-title":"disabled","ast-breadcrumbs-content":"disabled","ast-featured-img":"","footer-sml-layout":"","theme-transparent-header-meta":"default","adv-header-id-meta":"","stick-header-meta":"","header-above-stick-meta":"","header-main-stick-meta":"","header-below-stick-meta":"","yasr_overall_rating":0,"yasr_post_is_review":"","yasr_auto_insert_disabled":"","yasr_review_type":""},"product_brand":[],"product_cat":[25],"product_tag":[],"class_list":{"0":"post-325","1":"product","2":"type-product","3":"status-publish","4":"has-post-thumbnail","6":"product_cat-onion-washing-machine","8":"first","9":"instock","10":"shipping-taxable","11":"product-type-simple"},"yasr_visitor_votes":{"stars_attributes":{"read_only":false,"span_bottom":false},"number_of_votes":0,"sum_votes":0},"yoast_head":"<!-- This site is optimized with the Yoast SEO plugin v26.9 - https:\/\/yoast.com\/product\/yoast-seo-wordpress\/ -->\n<title>Hot Sale Onion Washing Cleaning Machine Cost 800Kg\/H - Onion Processing Machine<\/title>\n<meta name=\"description\" content=\"This onion washing machine is suitable for a variety of materials and is a commonly used washing machine for vegetable processing.\" \/>\n<meta name=\"robots\" content=\"index, follow, max-snippet:-1, max-image-preview:large, max-video-preview:-1\" \/>\n<link rel=\"canonical\" href=\"https:\/\/www.onionmachines.com\/fr\/produit\/onion-washing-machine\/\" \/>\n<meta property=\"og:locale\" content=\"fr_FR\" \/>\n<meta property=\"og:type\" content=\"article\" \/>\n<meta property=\"og:title\" content=\"Hot Sale Onion Washing Cleaning Machine Cost 800Kg\/H - Onion Processing Machine\" \/>\n<meta property=\"og:description\" content=\"This onion washing machine is suitable for a variety of materials and is a commonly used washing machine for vegetable processing.\" \/>\n<meta property=\"og:url\" content=\"https:\/\/www.onionmachines.com\/fr\/produit\/onion-washing-machine\/\" \/>\n<meta property=\"og:site_name\" content=\"Onion Processing Machine\" \/>\n<meta property=\"article:modified_time\" content=\"2022-05-24T02:12:55+00:00\" \/>\n<meta property=\"og:image\" content=\"https:\/\/www.onionmachines.com\/wp-content\/uploads\/2021\/03\/1-5.jpg\" \/>\n\t<meta property=\"og:image:width\" content=\"600\" \/>\n\t<meta property=\"og:image:height\" content=\"600\" \/>\n\t<meta property=\"og:image:type\" content=\"image\/jpeg\" \/>\n<meta name=\"twitter:card\" content=\"summary_large_image\" \/>\n<meta name=\"twitter:label1\" content=\"Dur\u00e9e de lecture estim\u00e9e\" \/>\n\t<meta name=\"twitter:data1\" content=\"3 minutes\" \/>\n<script type=\"application\/ld+json\" class=\"yoast-schema-graph\">{\"@context\":\"https:\/\/schema.org\",\"@graph\":[{\"@type\":\"WebPage\",\"@id\":\"https:\/\/www.onionmachines.com\/product\/onion-washing-machine\/\",\"url\":\"https:\/\/www.onionmachines.com\/product\/onion-washing-machine\/\",\"name\":\"Hot Sale Onion Washing Cleaning Machine Cost 800Kg\/H - Onion Processing Machine\",\"isPartOf\":{\"@id\":\"https:\/\/www.onionmachines.com\/#website\"},\"primaryImageOfPage\":{\"@id\":\"https:\/\/www.onionmachines.com\/product\/onion-washing-machine\/#primaryimage\"},\"image\":{\"@id\":\"https:\/\/www.onionmachines.com\/product\/onion-washing-machine\/#primaryimage\"},\"thumbnailUrl\":\"https:\/\/www.onionmachines.com\/wp-content\/uploads\/2021\/03\/1-5.jpg\",\"datePublished\":\"2021-03-18T14:01:34+00:00\",\"dateModified\":\"2022-05-24T02:12:55+00:00\",\"description\":\"This onion washing machine is suitable for a variety of materials and is a commonly used washing machine for vegetable processing.\",\"breadcrumb\":{\"@id\":\"https:\/\/www.onionmachines.com\/product\/onion-washing-machine\/#breadcrumb\"},\"inLanguage\":\"fr-FR\",\"potentialAction\":[{\"@type\":\"ReadAction\",\"target\":[\"https:\/\/www.onionmachines.com\/product\/onion-washing-machine\/\"]}]},{\"@type\":\"ImageObject\",\"inLanguage\":\"fr-FR\",\"@id\":\"https:\/\/www.onionmachines.com\/product\/onion-washing-machine\/#primaryimage\",\"url\":\"https:\/\/www.onionmachines.com\/wp-content\/uploads\/2021\/03\/1-5.jpg\",\"contentUrl\":\"https:\/\/www.onionmachines.com\/wp-content\/uploads\/2021\/03\/1-5.jpg\",\"width\":600,\"height\":600,\"caption\":\"onion washing machine\"},{\"@type\":\"BreadcrumbList\",\"@id\":\"https:\/\/www.onionmachines.com\/product\/onion-washing-machine\/#breadcrumb\",\"itemListElement\":[{\"@type\":\"ListItem\",\"position\":1,\"name\":\"Home\",\"item\":\"https:\/\/www.onionmachines.com\/\"},{\"@type\":\"ListItem\",\"position\":2,\"name\":\"Products\",\"item\":\"https:\/\/www.onionmachines.com\/products\/\"},{\"@type\":\"ListItem\",\"position\":3,\"name\":\"Hot Sale Onion Washing Cleaning Machine Cost 800Kg\/H\"}]},{\"@type\":\"WebSite\",\"@id\":\"https:\/\/www.onionmachines.com\/#website\",\"url\":\"https:\/\/www.onionmachines.com\/\",\"name\":\"Onion Processing Machine\",\"description\":\"Onion Machines Supplier\",\"potentialAction\":[{\"@type\":\"SearchAction\",\"target\":{\"@type\":\"EntryPoint\",\"urlTemplate\":\"https:\/\/www.onionmachines.com\/?s={search_term_string}\"},\"query-input\":{\"@type\":\"PropertyValueSpecification\",\"valueRequired\":true,\"valueName\":\"search_term_string\"}}],\"inLanguage\":\"fr-FR\"},false]}<\/script>\n<!-- \/ Yoast SEO plugin. -->","yoast_head_json":{"title":"Machine de lavage et de nettoyage d'oignons \u00e0 vente rapide Co\u00fbt 800Kg\/H - Machine de traitement des oignons","description":"Cette machine \u00e0 laver les oignons convient \u00e0 une vari\u00e9t\u00e9 de mat\u00e9riaux et est une machine \u00e0 laver couramment utilis\u00e9e pour la transformation des l\u00e9gumes.","robots":{"index":"index","follow":"follow","max-snippet":"max-snippet:-1","max-image-preview":"max-image-preview:large","max-video-preview":"max-video-preview:-1"},"canonical":"https:\/\/www.onionmachines.com\/fr\/produit\/onion-washing-machine\/","og_locale":"fr_FR","og_type":"article","og_title":"Hot Sale Onion Washing Cleaning Machine Cost 800Kg\/H - Onion Processing Machine","og_description":"This onion washing machine is suitable for a variety of materials and is a commonly used washing machine for vegetable processing.","og_url":"https:\/\/www.onionmachines.com\/fr\/produit\/onion-washing-machine\/","og_site_name":"Onion Processing Machine","article_modified_time":"2022-05-24T02:12:55+00:00","og_image":[{"width":600,"height":600,"url":"https:\/\/www.onionmachines.com\/wp-content\/uploads\/2021\/03\/1-5.jpg","type":"image\/jpeg"}],"twitter_card":"summary_large_image","twitter_misc":{"Dur\u00e9e de lecture estim\u00e9e":"3 minutes"},"schema":{"@context":"https:\/\/schema.org","@graph":[{"@type":"WebPage","@id":"https:\/\/www.onionmachines.com\/product\/onion-washing-machine\/","url":"https:\/\/www.onionmachines.com\/product\/onion-washing-machine\/","name":"Machine de lavage et de nettoyage d'oignons \u00e0 vente rapide Co\u00fbt 800Kg\/H - Machine de traitement des oignons","isPartOf":{"@id":"https:\/\/www.onionmachines.com\/#website"},"primaryImageOfPage":{"@id":"https:\/\/www.onionmachines.com\/product\/onion-washing-machine\/#primaryimage"},"image":{"@id":"https:\/\/www.onionmachines.com\/product\/onion-washing-machine\/#primaryimage"},"thumbnailUrl":"https:\/\/www.onionmachines.com\/wp-content\/uploads\/2021\/03\/1-5.jpg","datePublished":"2021-03-18T14:01:34+00:00","dateModified":"2022-05-24T02:12:55+00:00","description":"Cette machine \u00e0 laver les oignons convient \u00e0 une vari\u00e9t\u00e9 de mat\u00e9riaux et est une machine \u00e0 laver couramment utilis\u00e9e pour la transformation des l\u00e9gumes.","breadcrumb":{"@id":"https:\/\/www.onionmachines.com\/product\/onion-washing-machine\/#breadcrumb"},"inLanguage":"fr-FR","potentialAction":[{"@type":"ReadAction","target":["https:\/\/www.onionmachines.com\/product\/onion-washing-machine\/"]}]},{"@type":"ImageObject","inLanguage":"fr-FR","@id":"https:\/\/www.onionmachines.com\/product\/onion-washing-machine\/#primaryimage","url":"https:\/\/www.onionmachines.com\/wp-content\/uploads\/2021\/03\/1-5.jpg","contentUrl":"https:\/\/www.onionmachines.com\/wp-content\/uploads\/2021\/03\/1-5.jpg","width":600,"height":600,"caption":"onion washing machine"},{"@type":"BreadcrumbList","@id":"https:\/\/www.onionmachines.com\/product\/onion-washing-machine\/#breadcrumb","itemListElement":[{"@type":"ListItem","position":1,"name":"Home","item":"https:\/\/www.onionmachines.com\/"},{"@type":"ListItem","position":2,"name":"Products","item":"https:\/\/www.onionmachines.com\/products\/"},{"@type":"ListItem","position":3,"name":"Hot Sale Onion Washing Cleaning Machine Cost 800Kg\/H"}]},{"@type":"WebSite","@id":"https:\/\/www.onionmachines.com\/#website","url":"https:\/\/www.onionmachines.com\/","name":"Machine de traitement des oignons","description":"Machines \u00e0 oignons Fournisseur","potentialAction":[{"@type":"SearchAction","target":{"@type":"EntryPoint","urlTemplate":"https:\/\/www.onionmachines.com\/?s={search_term_string}"},"query-input":{"@type":"PropertyValueSpecification","valueRequired":true,"valueName":"search_term_string"}}],"inLanguage":"fr-FR"},false]}},"_links":{"self":[{"href":"https:\/\/www.onionmachines.com\/fr\/wp-json\/wp\/v2\/product\/325","targetHints":{"allow":["GET"]}}],"collection":[{"href":"https:\/\/www.onionmachines.com\/fr\/wp-json\/wp\/v2\/product"}],"about":[{"href":"https:\/\/www.onionmachines.com\/fr\/wp-json\/wp\/v2\/types\/product"}],"replies":[{"embeddable":true,"href":"https:\/\/www.onionmachines.com\/fr\/wp-json\/wp\/v2\/comments?post=325"}],"wp:featuredmedia":[{"embeddable":true,"href":"https:\/\/www.onionmachines.com\/fr\/wp-json\/wp\/v2\/media\/1715"}],"wp:attachment":[{"href":"https:\/\/www.onionmachines.com\/fr\/wp-json\/wp\/v2\/media?parent=325"}],"wp:term":[{"taxonomy":"product_brand","embeddable":true,"href":"https:\/\/www.onionmachines.com\/fr\/wp-json\/wp\/v2\/product_brand?post=325"},{"taxonomy":"product_cat","embeddable":true,"href":"https:\/\/www.onionmachines.com\/fr\/wp-json\/wp\/v2\/product_cat?post=325"},{"taxonomy":"product_tag","embeddable":true,"href":"https:\/\/www.onionmachines.com\/fr\/wp-json\/wp\/v2\/product_tag?post=325"}],"curies":[{"name":"wp","href":"https:\/\/api.w.org\/{rel}","templated":true}]}}