{"id":3034,"date":"2025-12-12T16:39:45","date_gmt":"2025-12-12T08:39:45","guid":{"rendered":"https:\/\/www.onionmachines.com\/?post_type=product&#038;p=3034"},"modified":"2025-12-12T16:39:45","modified_gmt":"2025-12-12T08:39:45","slug":"onion-peeling-line","status":"publish","type":"product","link":"https:\/\/www.onionmachines.com\/fr\/produit\/onion-peeling-line\/","title":{"rendered":"Ligne de traitement d'\u00e9pluchage d'oignons 500-1000kg\/h Taux d'\u00e9pluchage \u00e9lev\u00e9"},"content":{"rendered":"<p>La ligne d'\u00e9pluchage des oignons est un syst\u00e8me de traitement automatis\u00e9 con\u00e7u sp\u00e9cifiquement pour la transformation des oignons \u00e0 grande \u00e9chelle. Elle est principalement utilis\u00e9e pour retirer la peau ext\u00e9rieure s\u00e8che des oignons et couper les racines. L'ensemble de la ligne d'\u00e9pluchage utilise g\u00e9n\u00e9ralement un syst\u00e8me de convoyage pour transporter les oignons d'un processus \u00e0 l'autre. Gr\u00e2ce aux structures m\u00e9caniques et \u00e0 la technologie d'\u00e9pluchage pneumatique, elle garantit que la surface de l'oignon est propre et intacte, sans dommages graves. Notre soci\u00e9t\u00e9 peut fournir diff\u00e9rentes options de configuration en fonction des exigences de capacit\u00e9 de production du client (par exemple, 500 kg\/h, 1 t\/h, 2 t\/h ou plus).<\/p>\n<p><img loading=\"lazy\" decoding=\"async\" class=\"alignnone wp-image-3035 size-full\" src=\"https:\/\/www.onionmachines.com\/wp-content\/uploads\/2025\/12\/onion-peeling.jpg\" alt=\"Ligne d&#039;\u00e9pluchage d&#039;oignons\" width=\"600\" height=\"396\" srcset=\"https:\/\/www.onionmachines.com\/wp-content\/uploads\/2025\/12\/onion-peeling.jpg 600w, https:\/\/www.onionmachines.com\/wp-content\/uploads\/2025\/12\/onion-peeling-300x198.jpg 300w, https:\/\/www.onionmachines.com\/wp-content\/uploads\/2025\/12\/onion-peeling-18x12.jpg 18w, https:\/\/www.onionmachines.com\/wp-content\/uploads\/2025\/12\/onion-peeling-64x42.jpg 64w\" sizes=\"auto, (max-width: 600px) 100vw, 600px\" \/><\/p>\n<h2>Principales \u00e9tapes de traitement de la ligne d'\u00e9pluchage d'oignons :<\/h2>\n<ol>\n<li><a href=\"https:\/\/www.onionmachines.com\/fr\/produit\/onion-root-stem-cutting-machine\/\">Coupe de racines d'oignon<\/a>: Avant d'\u00e9plucher les oignons, il est g\u00e9n\u00e9ralement n\u00e9cessaire d'enlever les racines pour permettre au mat\u00e9riel d'\u00e9pluchage de fonctionner correctement. Le coupe-racines peut ajuster automatiquement la position de coupe en fonction de la taille de l'oignon, ce qui garantit une \u00e9limination r\u00e9guli\u00e8re et minimise les d\u00e9chets.<\/li>\n<li>\u00c9pluchage des oignons : La machine \u00e0 \u00e9plucher est l'\u00e9quipement principal de la cha\u00eene d'\u00e9pluchage des oignons. Cet \u00e9quipement utilise une technologie d'\u00e9pluchage \u00e0 flux d'air puissant pour enlever rapidement la peau ext\u00e9rieure des oignons. Par rapport \u00e0 la m\u00e9thode traditionnelle d'\u00e9pluchage \u00e0 la main, la machine automatique \u00e0 \u00e9plucher les oignons est plus rapide, a un rendement plus \u00e9lev\u00e9 et est plus hygi\u00e9nique.<\/li>\n<li>3. Lavage : apr\u00e8s avoir \u00e9t\u00e9 \u00e9pluch\u00e9, l'oignon pr\u00e9sente encore des paillettes de peau ou des impuret\u00e9s \u00e0 sa surface. Il convient donc de le laver soigneusement \u00e0 l'aide d'une machine \u00e0 laver les oignons.<\/li>\n<li>4. S\u00e9chage : La machine de s\u00e9chage utilise des lames d'air \u00e0 grande vitesse pour s\u00e9cher l'humidit\u00e9 \u00e0 la surface de l'oignon, le pr\u00e9parant ainsi \u00e0 un traitement ult\u00e9rieur (comme le tranchage, le d\u00e9coupage en d\u00e9s, la cong\u00e9lation rapide, la friture, etc.)<\/li>\n<\/ol>\n<p><iframe loading=\"lazy\" title=\"Lecteur vid\u00e9o YouTube\" src=\"https:\/\/www.youtube.com\/embed\/_bLTeKfxArM?si=jVEXrubmEC6sWNCf\" width=\"560\" height=\"315\" frameborder=\"0\" allowfullscreen=\"allowfullscreen\"><\/iframe><\/p>\n<h2>Caract\u00e9ristiques de la ligne d'\u00e9pluchage d'oignons :<\/h2>\n<ol>\n<li>Rendement \u00e9lev\u00e9 et faible taux d'endommagement : Assure un \u00e9pluchage complet sans endommager excessivement les oignons, am\u00e9liorant ainsi l'utilisation des mati\u00e8res premi\u00e8res.<\/li>\n<li>Normes d'hygi\u00e8ne \u00e9lev\u00e9es : Toutes les pi\u00e8ces en contact avec les oignons sont en acier inoxydable 304, r\u00e9pondant ainsi aux exigences d'hygi\u00e8ne de l'industrie alimentaire.<\/li>\n<li>Personnalisable : Les combinaisons et les dimensions des \u00e9quipements de traitement des oignons peuvent \u00eatre ajust\u00e9es en fonction du volume de production du client, des sp\u00e9cifications des oignons, de la taille du site et des besoins de traitement en aval.<\/li>\n<\/ol>\n<h2>\u00c9quipement optionnel de traitement des oignons :<\/h2>\n<p>Pour r\u00e9pondre aux divers besoins de nos clients en mati\u00e8re de traitement, nous proposons non seulement des lignes compl\u00e8tes d'\u00e9pluchage d'oignons, mais aussi une vari\u00e9t\u00e9 d'\u00e9quipements compl\u00e9mentaires pour former un syst\u00e8me complet de production d'oignons transform\u00e9s en profondeur.<\/p>\n<ol>\n<li>\u00c9quipement de coupe d'oignons : Utilis\u00e9 pour produire des rondelles d'oignon, des tranches d'oignon, des oignons en d\u00e9s et des oignons r\u00e2p\u00e9s.<\/li>\n<li>\u00c9quipement de friture d'oignons : Utilis\u00e9 pour fabriquer des oignons croustillants, des rondelles d'oignon frites et d'autres produits.<\/li>\n<li>\u00c9quipement de s\u00e9chage d'oignons : Utilis\u00e9 pour produire des oignons s\u00e9ch\u00e9s, de la poudre d'oignon et d'autres produits.<\/li>\n<\/ol>\n\n<div class=\"wpcf7 no-js\" id=\"wpcf7-f12-o1\" lang=\"en-US\" dir=\"ltr\" data-wpcf7-id=\"12\">\n<div class=\"screen-reader-response\"><p role=\"status\" aria-live=\"polite\" aria-atomic=\"true\"><\/p> <ul><\/ul><\/div>\n<form action=\"\/fr\/wp-json\/wp\/v2\/product\/3034#wpcf7-f12-o1\" method=\"post\" class=\"wpcf7-form init\" aria-label=\"Formulaire de contact\" novalidate=\"novalidate\" data-status=\"init\" data-trp-original-action=\"\/fr\/wp-json\/wp\/v2\/product\/3034#wpcf7-f12-o1\">\n<fieldset class=\"hidden-fields-container\"><input type=\"hidden\" name=\"_wpcf7\" value=\"12\" \/><input type=\"hidden\" name=\"_wpcf7_version\" value=\"6.1.5\" \/><input type=\"hidden\" name=\"_wpcf7_locale\" value=\"en_US\" \/><input type=\"hidden\" name=\"_wpcf7_unit_tag\" value=\"wpcf7-f12-o1\" \/><input type=\"hidden\" name=\"_wpcf7_container_post\" value=\"0\" \/><input type=\"hidden\" name=\"_wpcf7_posted_data_hash\" value=\"\" \/>\n<\/fieldset>\n<div style='text-align: center;font-size: 30px;font-weight:bold;' class='pro-form'>\n\t<p>Laissez un message pour plus de d\u00e9tails et de prix\n\t<\/p>\n<\/div>\n<div style='width:50%;float:left'>\n\t<p><label> Votre nom<br \/>\n<span class=\"wpcf7-form-control-wrap\" data-name=\"your-name\"><input size=\"40\" maxlength=\"400\" class=\"wpcf7-form-control wpcf7-text\" aria-invalid=\"false\" value=\"\" type=\"text\" name=\"your-name\" \/><\/span> <\/label>\n\t<\/p>\n<\/div>\n<div style='width:50%;float:left'>\n\t<p><label> Votre pays<br \/>\n<span class=\"wpcf7-form-control-wrap\" data-name=\"text-899\"><input size=\"40\" maxlength=\"400\" class=\"wpcf7-form-control wpcf7-text\" aria-invalid=\"false\" value=\"\" type=\"text\" name=\"text-899\" \/><\/span> <\/label>\n\t<\/p>\n<\/div>\n<div style='clear:both'>\n<\/div>\n<div style='width:50%;float:left'>\n\t<p><label> *Votre email<br \/>\n<span class=\"wpcf7-form-control-wrap\" data-name=\"your-email\"><input size=\"40\" maxlength=\"400\" class=\"wpcf7-form-control wpcf7-email wpcf7-validates-as-required wpcf7-text wpcf7-validates-as-email\" aria-required=\"true\" aria-invalid=\"false\" value=\"\" type=\"email\" name=\"your-email\" \/><\/span> <\/label>\n\t<\/p>\n<\/div>\n<div style='width:50%;float:left'>\n\t<p><label> Votre t\u00e9l<br \/>\n<span class=\"wpcf7-form-control-wrap\" data-name=\"text-89\"><input size=\"40\" maxlength=\"400\" class=\"wpcf7-form-control wpcf7-text\" aria-invalid=\"false\" value=\"\" type=\"text\" name=\"text-89\" \/><\/span> <\/label>\n\t<\/p>\n<\/div>\n<div style='clear:both'>\n<\/div>\n<p><label> *Votre message<br \/>\n<span class=\"wpcf7-form-control-wrap\" data-name=\"your-message\"><textarea cols=\"40\" rows=\"10\" maxlength=\"2000\" class=\"wpcf7-form-control wpcf7-textarea wpcf7-validates-as-required\" aria-required=\"true\" aria-invalid=\"false\" name=\"your-message\"><\/textarea><\/span> <\/label>\n<\/p>\n<p><input class=\"wpcf7-form-control wpcf7-submit has-spinner\" type=\"submit\" value=\"Soumettre\" \/>\n<\/p><p style=\"display: none !important;\" class=\"akismet-fields-container\" data-prefix=\"_wpcf7_ak_\"><label>\u0394<textarea name=\"_wpcf7_ak_hp_textarea\" cols=\"45\" rows=\"8\" maxlength=\"100\"><\/textarea><\/label><input type=\"hidden\" id=\"ak_js_1\" name=\"_wpcf7_ak_js\" value=\"138\"\/><script>document.getElementById( \"ak_js_1\" ).setAttribute( \"value\", ( new Date() ).getTime() );<\/script><\/p><div class=\"wpcf7-response-output\" aria-hidden=\"true\"><\/div>\n<input type=\"hidden\" name=\"trp-form-language\" value=\"fr\"\/><\/form>\n<\/div>","protected":false},"excerpt":{"rendered":"<p>La ligne d'\u00e9pluchage d'oignons a une capacit\u00e9 de 500kg\/h-2000kg\/h et peut r\u00e9aliser automatiquement l'ensemble du processus de coupe des racines, d'\u00e9pluchage, de lavage et de s\u00e9chage \u00e0 l'air.<\/p>","protected":false},"featured_media":3036,"comment_status":"open","ping_status":"closed","template":"","meta":{"site-sidebar-layout":"default","site-content-layout":"default","ast-main-header-display":"","ast-hfb-above-header-display":"","ast-hfb-below-header-display":"","ast-hfb-mobile-header-display":"","site-post-title":"","ast-breadcrumbs-content":"","ast-featured-img":"","footer-sml-layout":"","theme-transparent-header-meta":"default","adv-header-id-meta":"","stick-header-meta":"","header-above-stick-meta":"","header-main-stick-meta":"","header-below-stick-meta":"","yasr_overall_rating":4.6,"yasr_post_is_review":"","yasr_auto_insert_disabled":"","yasr_review_type":""},"product_brand":[],"product_cat":[31],"product_tag":[],"class_list":{"0":"post-3034","1":"product","2":"type-product","3":"status-publish","4":"has-post-thumbnail","6":"product_cat-peeling-machine","8":"first","9":"instock","10":"shipping-taxable","11":"product-type-simple"},"yasr_visitor_votes":{"stars_attributes":{"read_only":false,"span_bottom":false},"number_of_votes":0,"sum_votes":0},"yoast_head":"<!-- This site is optimized with the Yoast SEO plugin v26.9 - https:\/\/yoast.com\/product\/yoast-seo-wordpress\/ -->\n<title>500-1000kg\/h Onion Peeling Processing Line High Peeling Rate - Onion Processing Machine<\/title>\n<meta name=\"description\" content=\"The onion peeling line has a capacity of 500kg\/h-2000kg\/h and can automatically complete the entire process of root cutting, peeling, washing, and air drying.\" \/>\n<meta name=\"robots\" content=\"index, follow, max-snippet:-1, max-image-preview:large, max-video-preview:-1\" \/>\n<link rel=\"canonical\" href=\"https:\/\/www.onionmachines.com\/fr\/produit\/onion-peeling-line\/\" \/>\n<meta property=\"og:locale\" content=\"fr_FR\" \/>\n<meta property=\"og:type\" content=\"article\" \/>\n<meta property=\"og:title\" content=\"500-1000kg\/h Onion Peeling Processing Line High Peeling Rate - Onion Processing Machine\" \/>\n<meta property=\"og:description\" content=\"The onion peeling line has a capacity of 500kg\/h-2000kg\/h and can automatically complete the entire process of root cutting, peeling, washing, and air drying.\" \/>\n<meta property=\"og:url\" content=\"https:\/\/www.onionmachines.com\/fr\/produit\/onion-peeling-line\/\" \/>\n<meta property=\"og:site_name\" content=\"Onion Processing Machine\" \/>\n<meta property=\"og:image\" content=\"https:\/\/www.onionmachines.com\/wp-content\/uploads\/2025\/12\/onion-peeling-line.jpg\" \/>\n\t<meta property=\"og:image:width\" content=\"600\" \/>\n\t<meta property=\"og:image:height\" content=\"600\" \/>\n\t<meta property=\"og:image:type\" content=\"image\/jpeg\" \/>\n<meta name=\"twitter:card\" content=\"summary_large_image\" \/>\n<meta name=\"twitter:label1\" content=\"Dur\u00e9e de lecture estim\u00e9e\" \/>\n\t<meta name=\"twitter:data1\" content=\"3 minutes\" \/>\n<script type=\"application\/ld+json\" class=\"yoast-schema-graph\">{\"@context\":\"https:\/\/schema.org\",\"@graph\":[{\"@type\":\"WebPage\",\"@id\":\"https:\/\/www.onionmachines.com\/product\/onion-peeling-line\/\",\"url\":\"https:\/\/www.onionmachines.com\/product\/onion-peeling-line\/\",\"name\":\"500-1000kg\/h Onion Peeling Processing Line High Peeling Rate - Onion Processing Machine\",\"isPartOf\":{\"@id\":\"https:\/\/www.onionmachines.com\/#website\"},\"primaryImageOfPage\":{\"@id\":\"https:\/\/www.onionmachines.com\/product\/onion-peeling-line\/#primaryimage\"},\"image\":{\"@id\":\"https:\/\/www.onionmachines.com\/product\/onion-peeling-line\/#primaryimage\"},\"thumbnailUrl\":\"https:\/\/www.onionmachines.com\/wp-content\/uploads\/2025\/12\/onion-peeling-line.jpg\",\"datePublished\":\"2025-12-12T08:39:45+00:00\",\"description\":\"The onion peeling line has a capacity of 500kg\/h-2000kg\/h and can automatically complete the entire process of root cutting, peeling, washing, and air drying.\",\"breadcrumb\":{\"@id\":\"https:\/\/www.onionmachines.com\/product\/onion-peeling-line\/#breadcrumb\"},\"inLanguage\":\"fr-FR\",\"potentialAction\":[{\"@type\":\"ReadAction\",\"target\":[\"https:\/\/www.onionmachines.com\/product\/onion-peeling-line\/\"]}]},{\"@type\":\"ImageObject\",\"inLanguage\":\"fr-FR\",\"@id\":\"https:\/\/www.onionmachines.com\/product\/onion-peeling-line\/#primaryimage\",\"url\":\"https:\/\/www.onionmachines.com\/wp-content\/uploads\/2025\/12\/onion-peeling-line.jpg\",\"contentUrl\":\"https:\/\/www.onionmachines.com\/wp-content\/uploads\/2025\/12\/onion-peeling-line.jpg\",\"width\":600,\"height\":600,\"caption\":\"onion processing equipment\"},{\"@type\":\"BreadcrumbList\",\"@id\":\"https:\/\/www.onionmachines.com\/product\/onion-peeling-line\/#breadcrumb\",\"itemListElement\":[{\"@type\":\"ListItem\",\"position\":1,\"name\":\"Home\",\"item\":\"https:\/\/www.onionmachines.com\/\"},{\"@type\":\"ListItem\",\"position\":2,\"name\":\"Products\",\"item\":\"https:\/\/www.onionmachines.com\/products\/\"},{\"@type\":\"ListItem\",\"position\":3,\"name\":\"500-1000kg\/h Onion Peeling Processing Line High Peeling Rate\"}]},{\"@type\":\"WebSite\",\"@id\":\"https:\/\/www.onionmachines.com\/#website\",\"url\":\"https:\/\/www.onionmachines.com\/\",\"name\":\"Onion Processing Machine\",\"description\":\"Onion Machines Supplier\",\"potentialAction\":[{\"@type\":\"SearchAction\",\"target\":{\"@type\":\"EntryPoint\",\"urlTemplate\":\"https:\/\/www.onionmachines.com\/?s={search_term_string}\"},\"query-input\":{\"@type\":\"PropertyValueSpecification\",\"valueRequired\":true,\"valueName\":\"search_term_string\"}}],\"inLanguage\":\"fr-FR\"},false]}<\/script>\n<!-- \/ Yoast SEO plugin. -->","yoast_head_json":{"title":"Ligne de traitement d'\u00e9pluchage d'oignons 500-1000kg\/h \u00e0 taux d'\u00e9pluchage \u00e9lev\u00e9 - Machine de traitement d'oignons","description":"La ligne d'\u00e9pluchage d'oignons a une capacit\u00e9 de 500kg\/h-2000kg\/h et peut r\u00e9aliser automatiquement l'ensemble du processus de coupe des racines, d'\u00e9pluchage, de lavage et de s\u00e9chage \u00e0 l'air.","robots":{"index":"index","follow":"follow","max-snippet":"max-snippet:-1","max-image-preview":"max-image-preview:large","max-video-preview":"max-video-preview:-1"},"canonical":"https:\/\/www.onionmachines.com\/fr\/produit\/onion-peeling-line\/","og_locale":"fr_FR","og_type":"article","og_title":"500-1000kg\/h Onion Peeling Processing Line High Peeling Rate - Onion Processing Machine","og_description":"The onion peeling line has a capacity of 500kg\/h-2000kg\/h and can automatically complete the entire process of root cutting, peeling, washing, and air drying.","og_url":"https:\/\/www.onionmachines.com\/fr\/produit\/onion-peeling-line\/","og_site_name":"Onion Processing Machine","og_image":[{"width":600,"height":600,"url":"https:\/\/www.onionmachines.com\/wp-content\/uploads\/2025\/12\/onion-peeling-line.jpg","type":"image\/jpeg"}],"twitter_card":"summary_large_image","twitter_misc":{"Dur\u00e9e de lecture estim\u00e9e":"3 minutes"},"schema":{"@context":"https:\/\/schema.org","@graph":[{"@type":"WebPage","@id":"https:\/\/www.onionmachines.com\/product\/onion-peeling-line\/","url":"https:\/\/www.onionmachines.com\/product\/onion-peeling-line\/","name":"Ligne de traitement d'\u00e9pluchage d'oignons 500-1000kg\/h \u00e0 taux d'\u00e9pluchage \u00e9lev\u00e9 - Machine de traitement d'oignons","isPartOf":{"@id":"https:\/\/www.onionmachines.com\/#website"},"primaryImageOfPage":{"@id":"https:\/\/www.onionmachines.com\/product\/onion-peeling-line\/#primaryimage"},"image":{"@id":"https:\/\/www.onionmachines.com\/product\/onion-peeling-line\/#primaryimage"},"thumbnailUrl":"https:\/\/www.onionmachines.com\/wp-content\/uploads\/2025\/12\/onion-peeling-line.jpg","datePublished":"2025-12-12T08:39:45+00:00","description":"La ligne d'\u00e9pluchage d'oignons a une capacit\u00e9 de 500kg\/h-2000kg\/h et peut r\u00e9aliser automatiquement l'ensemble du processus de coupe des racines, d'\u00e9pluchage, de lavage et de s\u00e9chage \u00e0 l'air.","breadcrumb":{"@id":"https:\/\/www.onionmachines.com\/product\/onion-peeling-line\/#breadcrumb"},"inLanguage":"fr-FR","potentialAction":[{"@type":"ReadAction","target":["https:\/\/www.onionmachines.com\/product\/onion-peeling-line\/"]}]},{"@type":"ImageObject","inLanguage":"fr-FR","@id":"https:\/\/www.onionmachines.com\/product\/onion-peeling-line\/#primaryimage","url":"https:\/\/www.onionmachines.com\/wp-content\/uploads\/2025\/12\/onion-peeling-line.jpg","contentUrl":"https:\/\/www.onionmachines.com\/wp-content\/uploads\/2025\/12\/onion-peeling-line.jpg","width":600,"height":600,"caption":"onion processing equipment"},{"@type":"BreadcrumbList","@id":"https:\/\/www.onionmachines.com\/product\/onion-peeling-line\/#breadcrumb","itemListElement":[{"@type":"ListItem","position":1,"name":"Home","item":"https:\/\/www.onionmachines.com\/"},{"@type":"ListItem","position":2,"name":"Products","item":"https:\/\/www.onionmachines.com\/products\/"},{"@type":"ListItem","position":3,"name":"500-1000kg\/h Onion Peeling Processing Line High Peeling Rate"}]},{"@type":"WebSite","@id":"https:\/\/www.onionmachines.com\/#website","url":"https:\/\/www.onionmachines.com\/","name":"Machine de traitement des oignons","description":"Machines \u00e0 oignons Fournisseur","potentialAction":[{"@type":"SearchAction","target":{"@type":"EntryPoint","urlTemplate":"https:\/\/www.onionmachines.com\/?s={search_term_string}"},"query-input":{"@type":"PropertyValueSpecification","valueRequired":true,"valueName":"search_term_string"}}],"inLanguage":"fr-FR"},false]}},"_links":{"self":[{"href":"https:\/\/www.onionmachines.com\/fr\/wp-json\/wp\/v2\/product\/3034","targetHints":{"allow":["GET"]}}],"collection":[{"href":"https:\/\/www.onionmachines.com\/fr\/wp-json\/wp\/v2\/product"}],"about":[{"href":"https:\/\/www.onionmachines.com\/fr\/wp-json\/wp\/v2\/types\/product"}],"replies":[{"embeddable":true,"href":"https:\/\/www.onionmachines.com\/fr\/wp-json\/wp\/v2\/comments?post=3034"}],"wp:featuredmedia":[{"embeddable":true,"href":"https:\/\/www.onionmachines.com\/fr\/wp-json\/wp\/v2\/media\/3036"}],"wp:attachment":[{"href":"https:\/\/www.onionmachines.com\/fr\/wp-json\/wp\/v2\/media?parent=3034"}],"wp:term":[{"taxonomy":"product_brand","embeddable":true,"href":"https:\/\/www.onionmachines.com\/fr\/wp-json\/wp\/v2\/product_brand?post=3034"},{"taxonomy":"product_cat","embeddable":true,"href":"https:\/\/www.onionmachines.com\/fr\/wp-json\/wp\/v2\/product_cat?post=3034"},{"taxonomy":"product_tag","embeddable":true,"href":"https:\/\/www.onionmachines.com\/fr\/wp-json\/wp\/v2\/product_tag?post=3034"}],"curies":[{"name":"wp","href":"https:\/\/api.w.org\/{rel}","templated":true}]}}