{"id":3028,"date":"2025-11-28T17:24:14","date_gmt":"2025-11-28T09:24:14","guid":{"rendered":"https:\/\/www.onionmachines.com\/?post_type=product&#038;p=3028"},"modified":"2025-11-28T17:24:15","modified_gmt":"2025-11-28T09:24:15","slug":"onion-sorting-packing-line","status":"publish","type":"product","link":"https:\/\/www.onionmachines.com\/fr\/produit\/onion-sorting-packing-line\/","title":{"rendered":"Ligne d'emballage pour le triage des oignons et des l\u00e9gumes pour les fermes et les usines"},"content":{"rendered":"<p>Cette ligne de triage des oignons permet des op\u00e9rations en continu, depuis l'alimentation et le classement des oignons jusqu'\u00e0 l'emballage final, ce qui r\u00e9duit consid\u00e9rablement le travail manuel tout en garantissant des sp\u00e9cifications de produits uniformes et une apparence soign\u00e9e, am\u00e9liorant ainsi la comp\u00e9titivit\u00e9 globale du march\u00e9. Elle utilise d'abord une calibreuse pour une classification pr\u00e9cise des oignons, suivie d'une ligne d'emballage automatis\u00e9e qui conditionne les oignons dans des sacs en filet.<\/p>\n<p>La ligne de triage et d'emballage des oignons se caract\u00e9rise par une conception rationnelle, une construction robuste et un fonctionnement simple, ce qui la rend adapt\u00e9e aux grandes exploitations d'oignons, aux usines de transformation des oignons et aux installations similaires. Outre les oignons, cette ligne de triage et d'emballage peut \u00e9galement traiter une large gamme de l\u00e9gumes-racines ronds ou presque ronds tels que les pommes de terre, l'ail, les radis et les betteraves, offrant ainsi une large applicabilit\u00e9.<\/p>\n<h2>Principe de fonctionnement de la ligne de tri des oignons :<\/h2>\n<p>Le tri des oignons se fait principalement sur la base de la taille du diam\u00e8tre. La calibreuse se compose de plusieurs s\u00e9ries de rouleaux r\u00e9guli\u00e8rement espac\u00e9s. Pendant le fonctionnement, les espaces entre les rouleaux s'\u00e9largissent progressivement. Au fur et \u00e0 mesure que les oignons avancent avec les rouleaux, les plus petits tombent dans les bacs de r\u00e9ception correspondants de la section avant en raison de l'\u00e9troitesse de l'espace. Au fur et \u00e0 mesure que les \u00e9carts augmentent, les oignons de taille moyenne et de grande taille tombent respectivement dans les canaux de collecte pr\u00e9vus \u00e0 cet effet \u00e0 l'extr\u00e9mit\u00e9 arri\u00e8re.<\/p>\n<p><iframe loading=\"lazy\" title=\"Lecteur vid\u00e9o YouTube\" src=\"https:\/\/www.youtube.com\/embed\/ILLo5JaiX8A?si=PdUEOOpT4RfZlqen\" width=\"560\" height=\"315\" frameborder=\"0\" allowfullscreen=\"allowfullscreen\"><\/iframe><\/p>\n<h2>Ligne de triage et d'emballage des oignons Configuration de l'\u00e9quipement :<\/h2>\n<ul>\n<li>Tapis d'alimentation : transporte uniform\u00e9ment les oignons vers l'\u00e9quipement de tri, r\u00e9duisant ainsi les manipulations manuelles.<\/li>\n<li>Machine \u00e0 trier : L'\u00e9quipement central de la cha\u00eene de production, qui trie les oignons en fonction de leur diam\u00e8tre.<\/li>\n<li>Plate-forme de tri : Retire manuellement les oignons ab\u00eem\u00e9s, moisis ou de qualit\u00e9 inf\u00e9rieure afin de garantir la qualit\u00e9 du produit fini.<\/li>\n<li>Tr\u00e9mie tampon : Stocke temporairement les oignons calibr\u00e9s, ce qui permet un conditionnement plus fluide et continu.<\/li>\n<li>Machine automatique de pesage et d'emballage en sacs \u00e0 mailles : Remplit automatiquement des oignons calibr\u00e9s dans des sacs en filet de 1 kg, 2 kg, 5 kg, 10 kg et autres sp\u00e9cifications, puis les scelle.<\/li>\n<\/ul>\n<p><img loading=\"lazy\" decoding=\"async\" class=\"alignnone wp-image-3031 size-full\" src=\"https:\/\/www.onionmachines.com\/wp-content\/uploads\/2025\/11\/3.jpg\" alt=\"machine \u00e0 trier les oignons usine\" width=\"600\" height=\"384\" srcset=\"https:\/\/www.onionmachines.com\/wp-content\/uploads\/2025\/11\/3.jpg 600w, https:\/\/www.onionmachines.com\/wp-content\/uploads\/2025\/11\/3-300x192.jpg 300w, https:\/\/www.onionmachines.com\/wp-content\/uploads\/2025\/11\/3-18x12.jpg 18w, https:\/\/www.onionmachines.com\/wp-content\/uploads\/2025\/11\/3-64x41.jpg 64w\" sizes=\"auto, (max-width: 600px) 100vw, 600px\" \/><\/p>\n<h2>Ligne de tri et d'emballage des oignons Caract\u00e9ristiques :<\/h2>\n<ul>\n<li>Classement pr\u00e9cis avec un minimum de d\u00e9g\u00e2ts : La m\u00e9thode de tri des barres \u00e0 rouleaux est douce et stable, \u00e9vitant le broyage des oignons et permettant un fonctionnement continu prolong\u00e9.<\/li>\n<li>Une automatisation pouss\u00e9e pour des \u00e9conomies de main-d'\u0153uvre : La ligne d'emballage automatique optionnelle r\u00e9duit consid\u00e9rablement les \u00e9tapes de pesage et d'ensachage manuel, ce qui permet une production continue.<\/li>\n<\/ul>\n<p><img loading=\"lazy\" decoding=\"async\" class=\"alignnone wp-image-3032 size-full\" src=\"https:\/\/www.onionmachines.com\/wp-content\/uploads\/2025\/11\/4.jpg\" alt=\"fabricant de machines \u00e0 trier les oignons\" width=\"600\" height=\"384\" srcset=\"https:\/\/www.onionmachines.com\/wp-content\/uploads\/2025\/11\/4.jpg 600w, https:\/\/www.onionmachines.com\/wp-content\/uploads\/2025\/11\/4-300x192.jpg 300w, https:\/\/www.onionmachines.com\/wp-content\/uploads\/2025\/11\/4-18x12.jpg 18w, https:\/\/www.onionmachines.com\/wp-content\/uploads\/2025\/11\/4-64x41.jpg 64w\" sizes=\"auto, (max-width: 600px) 100vw, 600px\" \/><\/p>\n<ul>\n<li>Fonctionnement simple et entretien facile : Le syst\u00e8me de contr\u00f4le est intuitif et simple. La ligne d'emballage pour le triage des oignons pr\u00e9sente une structure robuste et durable avec des intervalles de maintenance prolong\u00e9s.<\/li>\n<li>Am\u00e9lioration de l'uniformit\u00e9 du produit et de sa valeur marchande : Les oignons calibr\u00e9s pr\u00e9sentent une taille homog\u00e8ne, ce qui facilite les ventes et augmente la valeur globale du produit.<\/li>\n<li>Des solutions personnalisables : La ligne d'emballage et de triage des oignons peut \u00eatre configur\u00e9e de mani\u00e8re flexible pour r\u00e9pondre aux exigences de production des clients, avec des capacit\u00e9s allant de 1 tonne\/heure \u00e0 plus de 10 tonnes\/heure.<\/li>\n<\/ul>\n\n<div class=\"wpcf7 no-js\" id=\"wpcf7-f12-o1\" lang=\"en-US\" dir=\"ltr\" data-wpcf7-id=\"12\">\n<div class=\"screen-reader-response\"><p role=\"status\" aria-live=\"polite\" aria-atomic=\"true\"><\/p> <ul><\/ul><\/div>\n<form action=\"\/fr\/wp-json\/wp\/v2\/product\/3028#wpcf7-f12-o1\" method=\"post\" class=\"wpcf7-form init\" aria-label=\"Formulaire de contact\" novalidate=\"novalidate\" data-status=\"init\" data-trp-original-action=\"\/fr\/wp-json\/wp\/v2\/product\/3028#wpcf7-f12-o1\">\n<fieldset class=\"hidden-fields-container\"><input type=\"hidden\" name=\"_wpcf7\" value=\"12\" \/><input type=\"hidden\" name=\"_wpcf7_version\" value=\"6.1.5\" \/><input type=\"hidden\" name=\"_wpcf7_locale\" value=\"en_US\" \/><input type=\"hidden\" name=\"_wpcf7_unit_tag\" value=\"wpcf7-f12-o1\" \/><input type=\"hidden\" name=\"_wpcf7_container_post\" value=\"0\" \/><input type=\"hidden\" name=\"_wpcf7_posted_data_hash\" value=\"\" \/>\n<\/fieldset>\n<div style='text-align: center;font-size: 30px;font-weight:bold;' class='pro-form'>\n\t<p>Laissez un message pour plus de d\u00e9tails et de prix\n\t<\/p>\n<\/div>\n<div style='width:50%;float:left'>\n\t<p><label> Votre nom<br \/>\n<span class=\"wpcf7-form-control-wrap\" data-name=\"your-name\"><input size=\"40\" maxlength=\"400\" class=\"wpcf7-form-control wpcf7-text\" aria-invalid=\"false\" value=\"\" type=\"text\" name=\"your-name\" \/><\/span> <\/label>\n\t<\/p>\n<\/div>\n<div style='width:50%;float:left'>\n\t<p><label> Votre pays<br \/>\n<span class=\"wpcf7-form-control-wrap\" data-name=\"text-899\"><input size=\"40\" maxlength=\"400\" class=\"wpcf7-form-control wpcf7-text\" aria-invalid=\"false\" value=\"\" type=\"text\" name=\"text-899\" \/><\/span> <\/label>\n\t<\/p>\n<\/div>\n<div style='clear:both'>\n<\/div>\n<div style='width:50%;float:left'>\n\t<p><label> *Votre email<br \/>\n<span class=\"wpcf7-form-control-wrap\" data-name=\"your-email\"><input size=\"40\" maxlength=\"400\" class=\"wpcf7-form-control wpcf7-email wpcf7-validates-as-required wpcf7-text wpcf7-validates-as-email\" aria-required=\"true\" aria-invalid=\"false\" value=\"\" type=\"email\" name=\"your-email\" \/><\/span> <\/label>\n\t<\/p>\n<\/div>\n<div style='width:50%;float:left'>\n\t<p><label> Votre t\u00e9l<br \/>\n<span class=\"wpcf7-form-control-wrap\" data-name=\"text-89\"><input size=\"40\" maxlength=\"400\" class=\"wpcf7-form-control wpcf7-text\" aria-invalid=\"false\" value=\"\" type=\"text\" name=\"text-89\" \/><\/span> <\/label>\n\t<\/p>\n<\/div>\n<div style='clear:both'>\n<\/div>\n<p><label> *Votre message<br \/>\n<span class=\"wpcf7-form-control-wrap\" data-name=\"your-message\"><textarea cols=\"40\" rows=\"10\" maxlength=\"2000\" class=\"wpcf7-form-control wpcf7-textarea wpcf7-validates-as-required\" aria-required=\"true\" aria-invalid=\"false\" name=\"your-message\"><\/textarea><\/span> <\/label>\n<\/p>\n<p><input class=\"wpcf7-form-control wpcf7-submit has-spinner\" type=\"submit\" value=\"Soumettre\" \/>\n<\/p><p style=\"display: none !important;\" class=\"akismet-fields-container\" data-prefix=\"_wpcf7_ak_\"><label>\u0394<textarea name=\"_wpcf7_ak_hp_textarea\" cols=\"45\" rows=\"8\" maxlength=\"100\"><\/textarea><\/label><input type=\"hidden\" id=\"ak_js_1\" name=\"_wpcf7_ak_js\" value=\"61\"\/><script>document.getElementById( \"ak_js_1\" ).setAttribute( \"value\", ( new Date() ).getTime() );<\/script><\/p><div class=\"wpcf7-response-output\" aria-hidden=\"true\"><\/div>\n<input type=\"hidden\" name=\"trp-form-language\" value=\"fr\"\/><\/form>\n<\/div>","protected":false},"excerpt":{"rendered":"<p>La ligne de triage et d'emballage des oignons permet de classer automatiquement les oignons en fonction de leur taille et de les emballer dans des sacs en filet.<\/p>","protected":false},"featured_media":3029,"comment_status":"open","ping_status":"closed","template":"","meta":{"site-sidebar-layout":"default","site-content-layout":"default","ast-main-header-display":"","ast-hfb-above-header-display":"","ast-hfb-below-header-display":"","ast-hfb-mobile-header-display":"","site-post-title":"","ast-breadcrumbs-content":"","ast-featured-img":"","footer-sml-layout":"","theme-transparent-header-meta":"default","adv-header-id-meta":"","stick-header-meta":"","header-above-stick-meta":"","header-main-stick-meta":"","header-below-stick-meta":"","yasr_overall_rating":4.4,"yasr_post_is_review":"","yasr_auto_insert_disabled":"","yasr_review_type":""},"product_brand":[],"product_cat":[26],"product_tag":[],"class_list":{"0":"post-3028","1":"product","2":"type-product","3":"status-publish","4":"has-post-thumbnail","6":"product_cat-grading-machine","8":"first","9":"instock","10":"shipping-taxable","11":"product-type-simple"},"yasr_visitor_votes":{"stars_attributes":{"read_only":false,"span_bottom":false},"number_of_votes":0,"sum_votes":0},"yoast_head":"<!-- This site is optimized with the Yoast SEO plugin v26.9 - https:\/\/yoast.com\/product\/yoast-seo-wordpress\/ -->\n<title>Vegetable Onion Sorting Packing Line for Farms and Factories - Onion Processing Machine<\/title>\n<meta name=\"description\" content=\"The onion sorting packing line can automatically grade onions according to size and package them into mesh bags.\" \/>\n<meta name=\"robots\" content=\"index, follow, max-snippet:-1, max-image-preview:large, max-video-preview:-1\" \/>\n<link rel=\"canonical\" href=\"https:\/\/www.onionmachines.com\/fr\/produit\/onion-sorting-packing-line\/\" \/>\n<meta property=\"og:locale\" content=\"fr_FR\" \/>\n<meta property=\"og:type\" content=\"article\" \/>\n<meta property=\"og:title\" content=\"Vegetable Onion Sorting Packing Line for Farms and Factories - Onion Processing Machine\" \/>\n<meta property=\"og:description\" content=\"The onion sorting packing line can automatically grade onions according to size and package them into mesh bags.\" \/>\n<meta property=\"og:url\" content=\"https:\/\/www.onionmachines.com\/fr\/produit\/onion-sorting-packing-line\/\" \/>\n<meta property=\"og:site_name\" content=\"Onion Processing Machine\" \/>\n<meta property=\"article:modified_time\" content=\"2025-11-28T09:24:15+00:00\" \/>\n<meta property=\"og:image\" content=\"https:\/\/www.onionmachines.com\/wp-content\/uploads\/2025\/11\/1.jpg\" \/>\n\t<meta property=\"og:image:width\" content=\"600\" \/>\n\t<meta property=\"og:image:height\" content=\"600\" \/>\n\t<meta property=\"og:image:type\" content=\"image\/jpeg\" \/>\n<meta name=\"twitter:card\" content=\"summary_large_image\" \/>\n<meta name=\"twitter:label1\" content=\"Dur\u00e9e de lecture estim\u00e9e\" \/>\n\t<meta name=\"twitter:data1\" content=\"3 minutes\" \/>\n<script type=\"application\/ld+json\" class=\"yoast-schema-graph\">{\"@context\":\"https:\/\/schema.org\",\"@graph\":[{\"@type\":\"WebPage\",\"@id\":\"https:\/\/www.onionmachines.com\/product\/onion-sorting-packing-line\/\",\"url\":\"https:\/\/www.onionmachines.com\/product\/onion-sorting-packing-line\/\",\"name\":\"Vegetable Onion Sorting Packing Line for Farms and Factories - Onion Processing Machine\",\"isPartOf\":{\"@id\":\"https:\/\/www.onionmachines.com\/#website\"},\"primaryImageOfPage\":{\"@id\":\"https:\/\/www.onionmachines.com\/product\/onion-sorting-packing-line\/#primaryimage\"},\"image\":{\"@id\":\"https:\/\/www.onionmachines.com\/product\/onion-sorting-packing-line\/#primaryimage\"},\"thumbnailUrl\":\"https:\/\/www.onionmachines.com\/wp-content\/uploads\/2025\/11\/1.jpg\",\"datePublished\":\"2025-11-28T09:24:14+00:00\",\"dateModified\":\"2025-11-28T09:24:15+00:00\",\"description\":\"The onion sorting packing line can automatically grade onions according to size and package them into mesh bags.\",\"breadcrumb\":{\"@id\":\"https:\/\/www.onionmachines.com\/product\/onion-sorting-packing-line\/#breadcrumb\"},\"inLanguage\":\"fr-FR\",\"potentialAction\":[{\"@type\":\"ReadAction\",\"target\":[\"https:\/\/www.onionmachines.com\/product\/onion-sorting-packing-line\/\"]}]},{\"@type\":\"ImageObject\",\"inLanguage\":\"fr-FR\",\"@id\":\"https:\/\/www.onionmachines.com\/product\/onion-sorting-packing-line\/#primaryimage\",\"url\":\"https:\/\/www.onionmachines.com\/wp-content\/uploads\/2025\/11\/1.jpg\",\"contentUrl\":\"https:\/\/www.onionmachines.com\/wp-content\/uploads\/2025\/11\/1.jpg\",\"width\":600,\"height\":600,\"caption\":\"onion sorting line\"},{\"@type\":\"BreadcrumbList\",\"@id\":\"https:\/\/www.onionmachines.com\/product\/onion-sorting-packing-line\/#breadcrumb\",\"itemListElement\":[{\"@type\":\"ListItem\",\"position\":1,\"name\":\"Home\",\"item\":\"https:\/\/www.onionmachines.com\/\"},{\"@type\":\"ListItem\",\"position\":2,\"name\":\"Products\",\"item\":\"https:\/\/www.onionmachines.com\/products\/\"},{\"@type\":\"ListItem\",\"position\":3,\"name\":\"Vegetable Onion Sorting Packing Line for Farms and Factories\"}]},{\"@type\":\"WebSite\",\"@id\":\"https:\/\/www.onionmachines.com\/#website\",\"url\":\"https:\/\/www.onionmachines.com\/\",\"name\":\"Onion Processing Machine\",\"description\":\"Onion Machines Supplier\",\"potentialAction\":[{\"@type\":\"SearchAction\",\"target\":{\"@type\":\"EntryPoint\",\"urlTemplate\":\"https:\/\/www.onionmachines.com\/?s={search_term_string}\"},\"query-input\":{\"@type\":\"PropertyValueSpecification\",\"valueRequired\":true,\"valueName\":\"search_term_string\"}}],\"inLanguage\":\"fr-FR\"},false]}<\/script>\n<!-- \/ Yoast SEO plugin. -->","yoast_head_json":{"title":"Ligne de triage et d'emballage des oignons pour les fermes et les usines - Machine de traitement des oignons","description":"La ligne de triage et d'emballage des oignons permet de classer automatiquement les oignons en fonction de leur taille et de les emballer dans des sacs en filet.","robots":{"index":"index","follow":"follow","max-snippet":"max-snippet:-1","max-image-preview":"max-image-preview:large","max-video-preview":"max-video-preview:-1"},"canonical":"https:\/\/www.onionmachines.com\/fr\/produit\/onion-sorting-packing-line\/","og_locale":"fr_FR","og_type":"article","og_title":"Vegetable Onion Sorting Packing Line for Farms and Factories - Onion Processing Machine","og_description":"The onion sorting packing line can automatically grade onions according to size and package them into mesh bags.","og_url":"https:\/\/www.onionmachines.com\/fr\/produit\/onion-sorting-packing-line\/","og_site_name":"Onion Processing Machine","article_modified_time":"2025-11-28T09:24:15+00:00","og_image":[{"width":600,"height":600,"url":"https:\/\/www.onionmachines.com\/wp-content\/uploads\/2025\/11\/1.jpg","type":"image\/jpeg"}],"twitter_card":"summary_large_image","twitter_misc":{"Dur\u00e9e de lecture estim\u00e9e":"3 minutes"},"schema":{"@context":"https:\/\/schema.org","@graph":[{"@type":"WebPage","@id":"https:\/\/www.onionmachines.com\/product\/onion-sorting-packing-line\/","url":"https:\/\/www.onionmachines.com\/product\/onion-sorting-packing-line\/","name":"Ligne de triage et d'emballage des oignons pour les fermes et les usines - Machine de traitement des oignons","isPartOf":{"@id":"https:\/\/www.onionmachines.com\/#website"},"primaryImageOfPage":{"@id":"https:\/\/www.onionmachines.com\/product\/onion-sorting-packing-line\/#primaryimage"},"image":{"@id":"https:\/\/www.onionmachines.com\/product\/onion-sorting-packing-line\/#primaryimage"},"thumbnailUrl":"https:\/\/www.onionmachines.com\/wp-content\/uploads\/2025\/11\/1.jpg","datePublished":"2025-11-28T09:24:14+00:00","dateModified":"2025-11-28T09:24:15+00:00","description":"La ligne de triage et d'emballage des oignons permet de classer automatiquement les oignons en fonction de leur taille et de les emballer dans des sacs en filet.","breadcrumb":{"@id":"https:\/\/www.onionmachines.com\/product\/onion-sorting-packing-line\/#breadcrumb"},"inLanguage":"fr-FR","potentialAction":[{"@type":"ReadAction","target":["https:\/\/www.onionmachines.com\/product\/onion-sorting-packing-line\/"]}]},{"@type":"ImageObject","inLanguage":"fr-FR","@id":"https:\/\/www.onionmachines.com\/product\/onion-sorting-packing-line\/#primaryimage","url":"https:\/\/www.onionmachines.com\/wp-content\/uploads\/2025\/11\/1.jpg","contentUrl":"https:\/\/www.onionmachines.com\/wp-content\/uploads\/2025\/11\/1.jpg","width":600,"height":600,"caption":"onion sorting line"},{"@type":"BreadcrumbList","@id":"https:\/\/www.onionmachines.com\/product\/onion-sorting-packing-line\/#breadcrumb","itemListElement":[{"@type":"ListItem","position":1,"name":"Home","item":"https:\/\/www.onionmachines.com\/"},{"@type":"ListItem","position":2,"name":"Products","item":"https:\/\/www.onionmachines.com\/products\/"},{"@type":"ListItem","position":3,"name":"Vegetable Onion Sorting Packing Line for Farms and Factories"}]},{"@type":"WebSite","@id":"https:\/\/www.onionmachines.com\/#website","url":"https:\/\/www.onionmachines.com\/","name":"Machine de traitement des oignons","description":"Machines \u00e0 oignons Fournisseur","potentialAction":[{"@type":"SearchAction","target":{"@type":"EntryPoint","urlTemplate":"https:\/\/www.onionmachines.com\/?s={search_term_string}"},"query-input":{"@type":"PropertyValueSpecification","valueRequired":true,"valueName":"search_term_string"}}],"inLanguage":"fr-FR"},false]}},"_links":{"self":[{"href":"https:\/\/www.onionmachines.com\/fr\/wp-json\/wp\/v2\/product\/3028","targetHints":{"allow":["GET"]}}],"collection":[{"href":"https:\/\/www.onionmachines.com\/fr\/wp-json\/wp\/v2\/product"}],"about":[{"href":"https:\/\/www.onionmachines.com\/fr\/wp-json\/wp\/v2\/types\/product"}],"replies":[{"embeddable":true,"href":"https:\/\/www.onionmachines.com\/fr\/wp-json\/wp\/v2\/comments?post=3028"}],"wp:featuredmedia":[{"embeddable":true,"href":"https:\/\/www.onionmachines.com\/fr\/wp-json\/wp\/v2\/media\/3029"}],"wp:attachment":[{"href":"https:\/\/www.onionmachines.com\/fr\/wp-json\/wp\/v2\/media?parent=3028"}],"wp:term":[{"taxonomy":"product_brand","embeddable":true,"href":"https:\/\/www.onionmachines.com\/fr\/wp-json\/wp\/v2\/product_brand?post=3028"},{"taxonomy":"product_cat","embeddable":true,"href":"https:\/\/www.onionmachines.com\/fr\/wp-json\/wp\/v2\/product_cat?post=3028"},{"taxonomy":"product_tag","embeddable":true,"href":"https:\/\/www.onionmachines.com\/fr\/wp-json\/wp\/v2\/product_tag?post=3028"}],"curies":[{"name":"wp","href":"https:\/\/api.w.org\/{rel}","templated":true}]}}