{"id":1819,"date":"2022-05-18T02:30:42","date_gmt":"2022-05-18T02:30:42","guid":{"rendered":"https:\/\/www.onionmachines.com\/?post_type=product&#038;p=1819"},"modified":"2025-09-22T17:07:00","modified_gmt":"2025-09-22T09:07:00","slug":"vibrating-onion-deoiling-machine","status":"publish","type":"product","link":"https:\/\/www.onionmachines.com\/fr\/produit\/vibrating-onion-deoiling-machine\/","title":{"rendered":"Machine \u00e0 d\u00e9sosser les oignons \u00e0 vibration commerciale pour la vente"},"content":{"rendered":"<p>Cette machine \u00e0 d\u00e9shuiler les oignons \u00e0 vendre est principalement utilis\u00e9e pour \u00e9liminer l'huile par vibration. Elle convient \u00e9galement \u00e0 la vibration et \u00e0 l'\u00e9limination de l'eau des l\u00e9gumes apr\u00e8s le nettoyage. L'oignon frit entre directement dans le tamis vibrant, avance tout en \u00e9tant secou\u00e9, et \u00e9limine continuellement l'huile \u00e0 la surface en avan\u00e7ant. L'huile \u00e9limin\u00e9e peut \u00eatre recycl\u00e9e et r\u00e9utilis\u00e9e, ce qui permet de r\u00e9duire efficacement la consommation de carburant.<\/p>\n<p><img loading=\"lazy\" decoding=\"async\" class=\"alignnone size-full wp-image-1824\" src=\"https:\/\/www.onionmachines.com\/wp-content\/uploads\/2022\/05\/5-13.jpg\" alt=\"Machine \u00e0 d\u00e9sosser les oignons par vibration\" width=\"800\" height=\"500\" srcset=\"https:\/\/www.onionmachines.com\/wp-content\/uploads\/2022\/05\/5-13.jpg 800w, https:\/\/www.onionmachines.com\/wp-content\/uploads\/2022\/05\/5-13-300x188.jpg 300w, https:\/\/www.onionmachines.com\/wp-content\/uploads\/2022\/05\/5-13-768x480.jpg 768w, https:\/\/www.onionmachines.com\/wp-content\/uploads\/2022\/05\/5-13-600x375.jpg 600w\" sizes=\"auto, (max-width: 800px) 100vw, 800px\" \/><\/p>\n<p>Cette machine \u00e0 d\u00e9shuiler les oignons est \u00e9galement couramment utilis\u00e9e dans la cha\u00eene de production des oignons frits. Apr\u00e8s avoir \u00e9t\u00e9 d\u00e9graiss\u00e9s par cette machine, les oignons frits vibrent vers l'avant, puis entrent dans la ligne de s\u00e9chage \u00e0 l'air ou directement dans la bo\u00eete, ce qui raccourcit consid\u00e9rablement le temps de s\u00e9chage du mat\u00e9riau et am\u00e9liore l'efficacit\u00e9 du produit. En outre, cette machine est \u00e9quip\u00e9e d'absorbeurs de chocs pour r\u00e9duire les vibrations pendant le d\u00e9shuilage, ce qui garantit des performances stables et prolonge la dur\u00e9e de vie.<\/p>\n<h2><strong><b>W<\/b><\/strong><strong><b>Vid\u00e9o de travail <\/b><\/strong><strong><b>De<\/b><\/strong><strong><b>\u00a0<\/b><\/strong><strong><b>Machine \u00e0 d\u00e9shuiler les oignons \u00e0 vendre<\/b><\/strong><\/h2>\n<p>Cette machine \u00e0 oignons est fabriqu\u00e9e en acier inoxydable et le processus de d\u00e9shuilage est plus stable. Vous trouverez ci-dessous une vid\u00e9o de fonctionnement de cette machine. On peut voir dans le processus de fonctionnement de la machine qu'elle a une grande efficacit\u00e9 et qu'elle est g\u00e9n\u00e9ralement utilis\u00e9e avec la ligne de production.<\/p>\n<p><iframe loading=\"lazy\" title=\"Lecteur vid\u00e9o YouTube\" src=\"https:\/\/www.youtube.com\/embed\/GoMeQSJWamM\" width=\"850\" height=\"475.5\" frameborder=\"0\" allowfullscreen=\"allowfullscreen\"><span data-mce-type=\"bookmark\" style=\"display: inline-block; width: 0px; overflow: hidden; line-height: 0;\" class=\"mce_SELRES_start\"><\/span><\/iframe><\/p>\n<h2><strong><b>Les avantages de <\/b><\/strong><strong><b>Machine \u00e0 d\u00e9sosser les oignons<\/b><\/strong><\/h2>\n<ul>\n<li>Le produit est de bonne qualit\u00e9 et pr\u00e9sente davantage d'arguments de vente : l'oignon trait\u00e9 par la machine \u00e0 d\u00e9shuiler a une couleur vive et un meilleur go\u00fbt. Cela peut \u00e9galement inciter les consommateurs \u00e0 acheter.<\/li>\n<li>\u00c9conomiser la consommation de carburant et r\u00e9duire les co\u00fbts : Dans le processus de d\u00e9graissage des oignons, l'huile n'est pas gaspill\u00e9e et l'exc\u00e9dent d'huile peut \u00eatre r\u00e9cup\u00e9r\u00e9 et r\u00e9utilis\u00e9.<\/li>\n<li>Assaisonnement pratique : En g\u00e9n\u00e9ral, les aliments d\u00e9shuil\u00e9s entrent plus tard dans le processus d'assaisonnement. Une fois que la machine fonctionne, elle peut \u00e9viter efficacement la sensation de gras et rendre le processus d'assaisonnement plus approfondi.<\/li>\n<li>Grande flexibilit\u00e9. Outre le d\u00e9graissage des oignons, il convient \u00e9galement \u00e0 tous les aliments frits et peut \u00eatre utilis\u00e9 pour la d\u00e9shydratation des fruits et l\u00e9gumes.<\/li>\n<li>Faible investissement, rendement \u00e9lev\u00e9. Cette machine \u00e0 d\u00e9shuiler les oignons est d'un prix raisonnable et peut \u00eatre rentabilis\u00e9e en peu de temps.<\/li>\n<\/ul>\n<p>Qu'il s'agisse d'un repas ou d'un en-cas, les oignons frits sont de plus en plus populaires. Les rondelles d'oignon, les tranches d'oignon, etc. sont des produits en vogue sur le march\u00e9. Notre machine \u00e0 d\u00e9graisser les oignons peut vous aider \u00e0 obtenir une meilleure qualit\u00e9 alimentaire.<\/p>\n<p>Si vous souhaitez obtenir un devis pour cette machine \u00e0 d\u00e9sosser les oignons \u00e0 vendre, vous pouvez laisser un message ou nous contacter, nous vous enverrons un devis d\u00e8s que possible.<\/p>\n\n<div class=\"wpcf7 no-js\" id=\"wpcf7-f12-o1\" lang=\"en-US\" dir=\"ltr\" data-wpcf7-id=\"12\">\n<div class=\"screen-reader-response\"><p role=\"status\" aria-live=\"polite\" aria-atomic=\"true\"><\/p> <ul><\/ul><\/div>\n<form action=\"\/fr\/wp-json\/wp\/v2\/product\/1819#wpcf7-f12-o1\" method=\"post\" class=\"wpcf7-form init\" aria-label=\"Formulaire de contact\" novalidate=\"novalidate\" data-status=\"init\" data-trp-original-action=\"\/fr\/wp-json\/wp\/v2\/product\/1819#wpcf7-f12-o1\">\n<fieldset class=\"hidden-fields-container\"><input type=\"hidden\" name=\"_wpcf7\" value=\"12\" \/><input type=\"hidden\" name=\"_wpcf7_version\" value=\"6.1.5\" \/><input type=\"hidden\" name=\"_wpcf7_locale\" value=\"en_US\" \/><input type=\"hidden\" name=\"_wpcf7_unit_tag\" value=\"wpcf7-f12-o1\" \/><input type=\"hidden\" name=\"_wpcf7_container_post\" value=\"0\" \/><input type=\"hidden\" name=\"_wpcf7_posted_data_hash\" value=\"\" \/>\n<\/fieldset>\n<div style='text-align: center;font-size: 30px;font-weight:bold;' class='pro-form'>\n\t<p>Laissez un message pour plus de d\u00e9tails et de prix\n\t<\/p>\n<\/div>\n<div style='width:50%;float:left'>\n\t<p><label> Votre nom<br \/>\n<span class=\"wpcf7-form-control-wrap\" data-name=\"your-name\"><input size=\"40\" maxlength=\"400\" class=\"wpcf7-form-control wpcf7-text\" aria-invalid=\"false\" value=\"\" type=\"text\" name=\"your-name\" \/><\/span> <\/label>\n\t<\/p>\n<\/div>\n<div style='width:50%;float:left'>\n\t<p><label> Votre pays<br \/>\n<span class=\"wpcf7-form-control-wrap\" data-name=\"text-899\"><input size=\"40\" maxlength=\"400\" class=\"wpcf7-form-control wpcf7-text\" aria-invalid=\"false\" value=\"\" type=\"text\" name=\"text-899\" \/><\/span> <\/label>\n\t<\/p>\n<\/div>\n<div style='clear:both'>\n<\/div>\n<div style='width:50%;float:left'>\n\t<p><label> *Votre email<br \/>\n<span class=\"wpcf7-form-control-wrap\" data-name=\"your-email\"><input size=\"40\" maxlength=\"400\" class=\"wpcf7-form-control wpcf7-email wpcf7-validates-as-required wpcf7-text wpcf7-validates-as-email\" aria-required=\"true\" aria-invalid=\"false\" value=\"\" type=\"email\" name=\"your-email\" \/><\/span> <\/label>\n\t<\/p>\n<\/div>\n<div style='width:50%;float:left'>\n\t<p><label> Votre t\u00e9l<br \/>\n<span class=\"wpcf7-form-control-wrap\" data-name=\"text-89\"><input size=\"40\" maxlength=\"400\" class=\"wpcf7-form-control wpcf7-text\" aria-invalid=\"false\" value=\"\" type=\"text\" name=\"text-89\" \/><\/span> <\/label>\n\t<\/p>\n<\/div>\n<div style='clear:both'>\n<\/div>\n<p><label> *Votre message<br \/>\n<span class=\"wpcf7-form-control-wrap\" data-name=\"your-message\"><textarea cols=\"40\" rows=\"10\" maxlength=\"2000\" class=\"wpcf7-form-control wpcf7-textarea wpcf7-validates-as-required\" aria-required=\"true\" aria-invalid=\"false\" name=\"your-message\"><\/textarea><\/span> <\/label>\n<\/p>\n<p><input class=\"wpcf7-form-control wpcf7-submit has-spinner\" type=\"submit\" value=\"Soumettre\" \/>\n<\/p><p style=\"display: none !important;\" class=\"akismet-fields-container\" data-prefix=\"_wpcf7_ak_\"><label>\u0394<textarea name=\"_wpcf7_ak_hp_textarea\" cols=\"45\" rows=\"8\" maxlength=\"100\"><\/textarea><\/label><input type=\"hidden\" id=\"ak_js_1\" name=\"_wpcf7_ak_js\" value=\"24\"\/><script>document.getElementById( \"ak_js_1\" ).setAttribute( \"value\", ( new Date() ).getTime() );<\/script><\/p><div class=\"wpcf7-response-output\" aria-hidden=\"true\"><\/div>\n<input type=\"hidden\" name=\"trp-form-language\" value=\"fr\"\/><\/form>\n<\/div>","protected":false},"excerpt":{"rendered":"<p>Cette machine \u00e0 d\u00e9shuiler les oignons est \u00e9galement couramment utilis\u00e9e dans la cha\u00eene de production des oignons frits. Apr\u00e8s avoir \u00e9t\u00e9 d\u00e9graiss\u00e9s par cette machine, les oignons frits vibrent vers l'avant, puis entrent dans la ligne de s\u00e9chage \u00e0 l'air ou directement dans la bo\u00eete, ce qui raccourcit consid\u00e9rablement le temps de s\u00e9chage du mat\u00e9riau et am\u00e9liore l'efficacit\u00e9 du produit.<\/p>","protected":false},"featured_media":1820,"comment_status":"open","ping_status":"closed","template":"","meta":{"site-sidebar-layout":"default","site-content-layout":"default","ast-main-header-display":"","ast-hfb-above-header-display":"","ast-hfb-below-header-display":"","ast-hfb-mobile-header-display":"","site-post-title":"","ast-breadcrumbs-content":"","ast-featured-img":"","footer-sml-layout":"","theme-transparent-header-meta":"default","adv-header-id-meta":"","stick-header-meta":"","header-above-stick-meta":"","header-main-stick-meta":"","header-below-stick-meta":"","yasr_overall_rating":0,"yasr_post_is_review":"","yasr_auto_insert_disabled":"","yasr_review_type":""},"product_brand":[],"product_cat":[33],"product_tag":[],"class_list":{"0":"post-1819","1":"product","2":"type-product","3":"status-publish","4":"has-post-thumbnail","6":"product_cat-deoiling-machine","8":"first","9":"instock","10":"shipping-taxable","11":"product-type-simple"},"yasr_visitor_votes":{"stars_attributes":{"read_only":false,"span_bottom":false},"number_of_votes":0,"sum_votes":0},"yoast_head":"<!-- This site is optimized with the Yoast SEO plugin v26.9 - https:\/\/yoast.com\/product\/yoast-seo-wordpress\/ -->\n<title>Commercial Vibrating Onion Deoiling Machine For Sale -<\/title>\n<meta name=\"description\" content=\"This onion deoiling machine for sale is suitable for deoiling of fried food, which can shorten the drying time of materials and improve work efficiency.\" \/>\n<meta name=\"robots\" content=\"index, follow, max-snippet:-1, max-image-preview:large, max-video-preview:-1\" \/>\n<link rel=\"canonical\" href=\"https:\/\/www.onionmachines.com\/fr\/produit\/vibrating-onion-deoiling-machine\/\" \/>\n<meta property=\"og:locale\" content=\"fr_FR\" \/>\n<meta property=\"og:type\" content=\"article\" \/>\n<meta property=\"og:title\" content=\"Commercial Vibrating Onion Deoiling Machine For Sale -\" \/>\n<meta property=\"og:description\" content=\"This onion deoiling machine for sale is suitable for deoiling of fried food, which can shorten the drying time of materials and improve work efficiency.\" \/>\n<meta property=\"og:url\" content=\"https:\/\/www.onionmachines.com\/fr\/produit\/vibrating-onion-deoiling-machine\/\" \/>\n<meta property=\"og:site_name\" content=\"Onion Processing Machine\" \/>\n<meta property=\"article:modified_time\" content=\"2025-09-22T09:07:00+00:00\" \/>\n<meta property=\"og:image\" content=\"https:\/\/www.onionmachines.com\/wp-content\/uploads\/2022\/05\/1-13.jpg\" \/>\n\t<meta property=\"og:image:width\" content=\"600\" \/>\n\t<meta property=\"og:image:height\" content=\"600\" \/>\n\t<meta property=\"og:image:type\" content=\"image\/jpeg\" \/>\n<meta name=\"twitter:card\" content=\"summary_large_image\" \/>\n<meta name=\"twitter:label1\" content=\"Dur\u00e9e de lecture estim\u00e9e\" \/>\n\t<meta name=\"twitter:data1\" content=\"3 minutes\" \/>\n<script type=\"application\/ld+json\" class=\"yoast-schema-graph\">{\"@context\":\"https:\/\/schema.org\",\"@graph\":[{\"@type\":\"WebPage\",\"@id\":\"https:\/\/www.onionmachines.com\/product\/vibrating-onion-deoiling-machine\/\",\"url\":\"https:\/\/www.onionmachines.com\/product\/vibrating-onion-deoiling-machine\/\",\"name\":\"Commercial Vibrating Onion Deoiling Machine For Sale -\",\"isPartOf\":{\"@id\":\"https:\/\/www.onionmachines.com\/#website\"},\"primaryImageOfPage\":{\"@id\":\"https:\/\/www.onionmachines.com\/product\/vibrating-onion-deoiling-machine\/#primaryimage\"},\"image\":{\"@id\":\"https:\/\/www.onionmachines.com\/product\/vibrating-onion-deoiling-machine\/#primaryimage\"},\"thumbnailUrl\":\"https:\/\/www.onionmachines.com\/wp-content\/uploads\/2022\/05\/1-13.jpg\",\"datePublished\":\"2022-05-18T02:30:42+00:00\",\"dateModified\":\"2025-09-22T09:07:00+00:00\",\"description\":\"This onion deoiling machine for sale is suitable for deoiling of fried food, which can shorten the drying time of materials and improve work efficiency.\",\"breadcrumb\":{\"@id\":\"https:\/\/www.onionmachines.com\/product\/vibrating-onion-deoiling-machine\/#breadcrumb\"},\"inLanguage\":\"fr-FR\",\"potentialAction\":[{\"@type\":\"ReadAction\",\"target\":[\"https:\/\/www.onionmachines.com\/product\/vibrating-onion-deoiling-machine\/\"]}]},{\"@type\":\"ImageObject\",\"inLanguage\":\"fr-FR\",\"@id\":\"https:\/\/www.onionmachines.com\/product\/vibrating-onion-deoiling-machine\/#primaryimage\",\"url\":\"https:\/\/www.onionmachines.com\/wp-content\/uploads\/2022\/05\/1-13.jpg\",\"contentUrl\":\"https:\/\/www.onionmachines.com\/wp-content\/uploads\/2022\/05\/1-13.jpg\",\"width\":600,\"height\":600,\"caption\":\"onion deoiling machine for sale\"},{\"@type\":\"BreadcrumbList\",\"@id\":\"https:\/\/www.onionmachines.com\/product\/vibrating-onion-deoiling-machine\/#breadcrumb\",\"itemListElement\":[{\"@type\":\"ListItem\",\"position\":1,\"name\":\"Home\",\"item\":\"https:\/\/www.onionmachines.com\/\"},{\"@type\":\"ListItem\",\"position\":2,\"name\":\"Products\",\"item\":\"https:\/\/www.onionmachines.com\/products\/\"},{\"@type\":\"ListItem\",\"position\":3,\"name\":\"Commercial Vibrating Onion Deoiling Machine For Sale\"}]},{\"@type\":\"WebSite\",\"@id\":\"https:\/\/www.onionmachines.com\/#website\",\"url\":\"https:\/\/www.onionmachines.com\/\",\"name\":\"Onion Processing Machine\",\"description\":\"Onion Machines Supplier\",\"potentialAction\":[{\"@type\":\"SearchAction\",\"target\":{\"@type\":\"EntryPoint\",\"urlTemplate\":\"https:\/\/www.onionmachines.com\/?s={search_term_string}\"},\"query-input\":{\"@type\":\"PropertyValueSpecification\",\"valueRequired\":true,\"valueName\":\"search_term_string\"}}],\"inLanguage\":\"fr-FR\"},false]}<\/script>\n<!-- \/ Yoast SEO plugin. -->","yoast_head_json":{"title":"Machine \u00e0 d\u00e9shuiler les oignons \u00e0 vibration commerciale \u00e0 vendre -","description":"Cette machine \u00e0 d\u00e9shuiler les oignons convient au d\u00e9shuilage des aliments frits, ce qui permet de r\u00e9duire le temps de s\u00e9chage des mat\u00e9riaux et d'am\u00e9liorer l'efficacit\u00e9 du travail.","robots":{"index":"index","follow":"follow","max-snippet":"max-snippet:-1","max-image-preview":"max-image-preview:large","max-video-preview":"max-video-preview:-1"},"canonical":"https:\/\/www.onionmachines.com\/fr\/produit\/vibrating-onion-deoiling-machine\/","og_locale":"fr_FR","og_type":"article","og_title":"Commercial Vibrating Onion Deoiling Machine For Sale -","og_description":"This onion deoiling machine for sale is suitable for deoiling of fried food, which can shorten the drying time of materials and improve work efficiency.","og_url":"https:\/\/www.onionmachines.com\/fr\/produit\/vibrating-onion-deoiling-machine\/","og_site_name":"Onion Processing Machine","article_modified_time":"2025-09-22T09:07:00+00:00","og_image":[{"width":600,"height":600,"url":"https:\/\/www.onionmachines.com\/wp-content\/uploads\/2022\/05\/1-13.jpg","type":"image\/jpeg"}],"twitter_card":"summary_large_image","twitter_misc":{"Dur\u00e9e de lecture estim\u00e9e":"3 minutes"},"schema":{"@context":"https:\/\/schema.org","@graph":[{"@type":"WebPage","@id":"https:\/\/www.onionmachines.com\/product\/vibrating-onion-deoiling-machine\/","url":"https:\/\/www.onionmachines.com\/product\/vibrating-onion-deoiling-machine\/","name":"Machine \u00e0 d\u00e9shuiler les oignons \u00e0 vibration commerciale \u00e0 vendre -","isPartOf":{"@id":"https:\/\/www.onionmachines.com\/#website"},"primaryImageOfPage":{"@id":"https:\/\/www.onionmachines.com\/product\/vibrating-onion-deoiling-machine\/#primaryimage"},"image":{"@id":"https:\/\/www.onionmachines.com\/product\/vibrating-onion-deoiling-machine\/#primaryimage"},"thumbnailUrl":"https:\/\/www.onionmachines.com\/wp-content\/uploads\/2022\/05\/1-13.jpg","datePublished":"2022-05-18T02:30:42+00:00","dateModified":"2025-09-22T09:07:00+00:00","description":"Cette machine \u00e0 d\u00e9shuiler les oignons convient au d\u00e9shuilage des aliments frits, ce qui permet de r\u00e9duire le temps de s\u00e9chage des mat\u00e9riaux et d'am\u00e9liorer l'efficacit\u00e9 du travail.","breadcrumb":{"@id":"https:\/\/www.onionmachines.com\/product\/vibrating-onion-deoiling-machine\/#breadcrumb"},"inLanguage":"fr-FR","potentialAction":[{"@type":"ReadAction","target":["https:\/\/www.onionmachines.com\/product\/vibrating-onion-deoiling-machine\/"]}]},{"@type":"ImageObject","inLanguage":"fr-FR","@id":"https:\/\/www.onionmachines.com\/product\/vibrating-onion-deoiling-machine\/#primaryimage","url":"https:\/\/www.onionmachines.com\/wp-content\/uploads\/2022\/05\/1-13.jpg","contentUrl":"https:\/\/www.onionmachines.com\/wp-content\/uploads\/2022\/05\/1-13.jpg","width":600,"height":600,"caption":"onion deoiling machine for sale"},{"@type":"BreadcrumbList","@id":"https:\/\/www.onionmachines.com\/product\/vibrating-onion-deoiling-machine\/#breadcrumb","itemListElement":[{"@type":"ListItem","position":1,"name":"Home","item":"https:\/\/www.onionmachines.com\/"},{"@type":"ListItem","position":2,"name":"Products","item":"https:\/\/www.onionmachines.com\/products\/"},{"@type":"ListItem","position":3,"name":"Commercial Vibrating Onion Deoiling Machine For Sale"}]},{"@type":"WebSite","@id":"https:\/\/www.onionmachines.com\/#website","url":"https:\/\/www.onionmachines.com\/","name":"Machine de traitement des oignons","description":"Machines \u00e0 oignons Fournisseur","potentialAction":[{"@type":"SearchAction","target":{"@type":"EntryPoint","urlTemplate":"https:\/\/www.onionmachines.com\/?s={search_term_string}"},"query-input":{"@type":"PropertyValueSpecification","valueRequired":true,"valueName":"search_term_string"}}],"inLanguage":"fr-FR"},false]}},"_links":{"self":[{"href":"https:\/\/www.onionmachines.com\/fr\/wp-json\/wp\/v2\/product\/1819","targetHints":{"allow":["GET"]}}],"collection":[{"href":"https:\/\/www.onionmachines.com\/fr\/wp-json\/wp\/v2\/product"}],"about":[{"href":"https:\/\/www.onionmachines.com\/fr\/wp-json\/wp\/v2\/types\/product"}],"replies":[{"embeddable":true,"href":"https:\/\/www.onionmachines.com\/fr\/wp-json\/wp\/v2\/comments?post=1819"}],"wp:featuredmedia":[{"embeddable":true,"href":"https:\/\/www.onionmachines.com\/fr\/wp-json\/wp\/v2\/media\/1820"}],"wp:attachment":[{"href":"https:\/\/www.onionmachines.com\/fr\/wp-json\/wp\/v2\/media?parent=1819"}],"wp:term":[{"taxonomy":"product_brand","embeddable":true,"href":"https:\/\/www.onionmachines.com\/fr\/wp-json\/wp\/v2\/product_brand?post=1819"},{"taxonomy":"product_cat","embeddable":true,"href":"https:\/\/www.onionmachines.com\/fr\/wp-json\/wp\/v2\/product_cat?post=1819"},{"taxonomy":"product_tag","embeddable":true,"href":"https:\/\/www.onionmachines.com\/fr\/wp-json\/wp\/v2\/product_tag?post=1819"}],"curies":[{"name":"wp","href":"https:\/\/api.w.org\/{rel}","templated":true}]}}