{"id":1800,"date":"2022-05-17T08:23:24","date_gmt":"2022-05-17T08:23:24","guid":{"rendered":"https:\/\/www.onionmachines.com\/?post_type=product&#038;p=1800"},"modified":"2022-06-01T02:21:01","modified_gmt":"2022-06-01T02:21:01","slug":"onion-ring-freezer","status":"publish","type":"product","link":"https:\/\/www.onionmachines.com\/fr\/produit\/onion-ring-freezer\/","title":{"rendered":"Anneau d'oignon congel\u00e9 Machines \u00e0 oignons en d\u00e9s surgel\u00e9s"},"content":{"rendered":"<p>Dans cette machine \u00e0 surgeler les rondelles d'oignon, la temp\u00e9rature centrale des rondelles d'oignon ou de l'oignon hach\u00e9 est ramen\u00e9e \u00e0 -18\u00b0 en peu de temps. Cela permet de ne pas perdre les nutriments et d'obtenir des aliments ayant une meilleure apparence et une dur\u00e9e de conservation plus longue. En outre, le cong\u00e9lateur de rondelles d'oignon peut congeler efficacement et \u00e9conomiquement une grande vari\u00e9t\u00e9 de produits tels que la viande, le poisson, les crevettes, les boulettes de viande, les l\u00e9gumes, les fruits et les aliments pr\u00e9par\u00e9s de toutes formes et tailles.<\/p>\n<h2><strong><b>Composition de <\/b><\/strong><strong><b>Machines \u00e0 oignons en d\u00e9s surgel\u00e9s<\/b><\/strong><\/h2>\n<p>Cette machine est compos\u00e9e d'une entr\u00e9e d'alimentation, d'un corps d'isolation thermique, d'une sortie de d\u00e9charge, d'un syst\u00e8me de transmission, d'un syst\u00e8me de circulation d'air, d'un \u00e9vaporateur et d'un syst\u00e8me de contr\u00f4le \u00e9lectrique. Temps de cong\u00e9lation : La dur\u00e9e d\u00e9pend des ingr\u00e9dients \u00e0 congeler.<\/p>\n<p><img loading=\"lazy\" decoding=\"async\" class=\"alignnone size-full wp-image-1805\" src=\"https:\/\/www.onionmachines.com\/wp-content\/uploads\/2022\/05\/5-10.jpg\" alt=\"machine \u00e0 congeler les oignons\" width=\"800\" height=\"500\" srcset=\"https:\/\/www.onionmachines.com\/wp-content\/uploads\/2022\/05\/5-10.jpg 800w, https:\/\/www.onionmachines.com\/wp-content\/uploads\/2022\/05\/5-10-300x188.jpg 300w, https:\/\/www.onionmachines.com\/wp-content\/uploads\/2022\/05\/5-10-768x480.jpg 768w, https:\/\/www.onionmachines.com\/wp-content\/uploads\/2022\/05\/5-10-600x375.jpg 600w\" sizes=\"auto, (max-width: 800px) 100vw, 800px\" \/><\/p>\n<h2><strong><b>Caract\u00e9ristiques <\/b><\/strong><strong><b>O<\/b><\/strong><strong><b>f <\/b><\/strong><strong><b>Rondelles d'oignon Machine surgel\u00e9e<\/b><\/strong><\/h2>\n<ul>\n<li>Structure simple, fonctionnement pratique, longue dur\u00e9e de vie, stable et fiable, faible taux de d\u00e9faillance.<\/li>\n<li>La vitesse de cong\u00e9lation est rapide, l'efficacit\u00e9 de la cong\u00e9lation est \u00e9lev\u00e9e et les produits surgel\u00e9s sont uniformes et ne pr\u00e9sentent pas de points morts.<\/li>\n<li>L'aspect de la machine \u00e0 congeler les oignons est soign\u00e9 et beau, et elle est fabriqu\u00e9e en acier inoxydable de haute qualit\u00e9.<\/li>\n<li>Le convertisseur de fr\u00e9quence import\u00e9 permet de r\u00e9guler la vitesse sans palier, et le temps de cong\u00e9lation des produits congel\u00e9s peut \u00eatre ajust\u00e9 en continu en fonction des besoins, ce qui peut \u00eatre adapt\u00e9 \u00e0 une vari\u00e9t\u00e9 de produits et est largement utilis\u00e9.<\/li>\n<li>La production est comprise entre 300 et 3 000 kg\/h, et la personnalisation est possible.<\/li>\n<li>Faible consommation d'\u00e9nergie, conservation optimale de la fra\u00eecheur des aliments.<\/li>\n<\/ul>\n<h2><strong><b>Vid\u00e9o sur le fonctionnement de la machine<\/b><\/strong><\/h2>\n<p>Vous trouverez ci-dessous la vid\u00e9o de fonctionnement de cette machine. Cette machine peut alimenter et d\u00e9charger automatiquement apr\u00e8s une cong\u00e9lation rapide. C'est l'un des \u00e9quipements de cong\u00e9lation id\u00e9al avec une grande efficacit\u00e9 qui peut congeler un grand nombre de produits en peu de temps.<\/p>\n<h2><iframe loading=\"lazy\" title=\"Lecteur vid\u00e9o YouTube\" src=\"https:\/\/www.youtube.com\/embed\/hqZaednLoo4\" width=\"850\" height=\"475.5\" frameborder=\"0\" allowfullscreen=\"allowfullscreen\"><span data-mce-type=\"bookmark\" style=\"display: inline-block; width: 0px; overflow: hidden; line-height: 0;\" class=\"mce_SELRES_start\"><\/span><\/iframe><\/h2>\n<h2><strong><b>Pourquoi des rondelles d'oignon surgel\u00e9es et des oignons en d\u00e9s ?<\/b><\/strong><\/h2>\n<ol>\n<li>Les rondelles d'oignon peuvent rester fra\u00eeches pendant une courte p\u00e9riode apr\u00e8s la friture, et leur surface sera enduite. Si elles restent longtemps apr\u00e8s la friture, leur go\u00fbt s'en ressentira. L'utilisation de cette machine \u00e0 congeler les rondelles d'oignon peut tr\u00e8s bien r\u00e9soudre ce probl\u00e8me. Il s'agit d'une machine de cong\u00e9lation rapide couramment utilis\u00e9e dans les grands supermarch\u00e9s et les usines de transformation alimentaire.<\/li>\n<li>Les d\u00e9s d'oignon sont un aliment courant. La cong\u00e9lation rapide des d\u00e9s d'oignon permet non seulement de conserver leur saveur, mais aussi de faciliter leur transport. Cette machine \u00e0 d\u00e9s d'oignons surgel\u00e9s permet d'obtenir des d\u00e9s d'oignons surgel\u00e9s de haute qualit\u00e9.<\/li>\n<\/ol>\n<p>Si vous souhaitez obtenir un devis sur cette machine \u00e0 congeler les oignons, vous pouvez nous laisser un message et nous vous ferons un devis dans les plus brefs d\u00e9lais.<\/p>\n<h2>param\u00e8tres techniques<\/h2>\n<table width=\"798\">\n<tbody>\n<tr>\n<td width=\"138\">Mod\u00e8les<\/td>\n<td width=\"165\">YSD-500<\/td>\n<td width=\"165\">YSD-1000<\/td>\n<td width=\"165\">YSD-2000<\/td>\n<td width=\"165\">YSD-3000<\/td>\n<\/tr>\n<tr>\n<td width=\"138\">Capacit\u00e9\uff08kg\/h\uff09<\/td>\n<td width=\"165\">500<\/td>\n<td width=\"165\">1000<\/td>\n<td width=\"165\">2000<\/td>\n<td width=\"165\">3000<\/td>\n<\/tr>\n<tr>\n<td width=\"138\">Hauteur de l'entr\u00e9e et de la sortie<\/td>\n<td colspan=\"4\" width=\"660\">Entr\u00e9e 1055mm\/Sortie 835mm<\/td>\n<\/tr>\n<tr>\n<td width=\"138\">Hauteur maximale<\/td>\n<td colspan=\"4\" width=\"660\">2500mm<\/td>\n<\/tr>\n<tr>\n<td width=\"138\">Tailles<\/td>\n<td width=\"165\">8000\u00d72230\u00d72500mm<\/td>\n<td width=\"165\">14000\u00d72230\u00d72500mm<\/td>\n<td width=\"165\">17000\u00d72230\u00d72500mm<\/td>\n<td width=\"165\">20000\u00d72230\u00d72500mm<\/td>\n<\/tr>\n<tr>\n<td width=\"138\">Largeur de la bande<\/td>\n<td width=\"165\">1280mm<\/td>\n<td width=\"165\">1280mm<\/td>\n<td width=\"165\">1280mm<\/td>\n<td width=\"165\">1280mm<\/td>\n<\/tr>\n<tr>\n<td width=\"138\">Temps de cong\u00e9lation<\/td>\n<td colspan=\"4\" width=\"660\">5-25min\uff08Adjustable\uff09<\/td>\n<\/tr>\n<\/tbody>\n<\/table>\n\n<div class=\"wpcf7 no-js\" id=\"wpcf7-f12-o1\" lang=\"en-US\" dir=\"ltr\" data-wpcf7-id=\"12\">\n<div class=\"screen-reader-response\"><p role=\"status\" aria-live=\"polite\" aria-atomic=\"true\"><\/p> <ul><\/ul><\/div>\n<form action=\"\/fr\/wp-json\/wp\/v2\/product\/1800#wpcf7-f12-o1\" method=\"post\" class=\"wpcf7-form init\" aria-label=\"Formulaire de contact\" novalidate=\"novalidate\" data-status=\"init\" data-trp-original-action=\"\/fr\/wp-json\/wp\/v2\/product\/1800#wpcf7-f12-o1\">\n<fieldset class=\"hidden-fields-container\"><input type=\"hidden\" name=\"_wpcf7\" value=\"12\" \/><input type=\"hidden\" name=\"_wpcf7_version\" value=\"6.1.5\" \/><input type=\"hidden\" name=\"_wpcf7_locale\" value=\"en_US\" \/><input type=\"hidden\" name=\"_wpcf7_unit_tag\" value=\"wpcf7-f12-o1\" \/><input type=\"hidden\" name=\"_wpcf7_container_post\" value=\"0\" \/><input type=\"hidden\" name=\"_wpcf7_posted_data_hash\" value=\"\" \/>\n<\/fieldset>\n<div style='text-align: center;font-size: 30px;font-weight:bold;' class='pro-form'>\n\t<p>Laissez un message pour plus de d\u00e9tails et de prix\n\t<\/p>\n<\/div>\n<div style='width:50%;float:left'>\n\t<p><label> Votre nom<br \/>\n<span class=\"wpcf7-form-control-wrap\" data-name=\"your-name\"><input size=\"40\" maxlength=\"400\" class=\"wpcf7-form-control wpcf7-text\" aria-invalid=\"false\" value=\"\" type=\"text\" name=\"your-name\" \/><\/span> <\/label>\n\t<\/p>\n<\/div>\n<div style='width:50%;float:left'>\n\t<p><label> Votre pays<br \/>\n<span class=\"wpcf7-form-control-wrap\" data-name=\"text-899\"><input size=\"40\" maxlength=\"400\" class=\"wpcf7-form-control wpcf7-text\" aria-invalid=\"false\" value=\"\" type=\"text\" name=\"text-899\" \/><\/span> <\/label>\n\t<\/p>\n<\/div>\n<div style='clear:both'>\n<\/div>\n<div style='width:50%;float:left'>\n\t<p><label> *Votre email<br \/>\n<span class=\"wpcf7-form-control-wrap\" data-name=\"your-email\"><input size=\"40\" maxlength=\"400\" class=\"wpcf7-form-control wpcf7-email wpcf7-validates-as-required wpcf7-text wpcf7-validates-as-email\" aria-required=\"true\" aria-invalid=\"false\" value=\"\" type=\"email\" name=\"your-email\" \/><\/span> <\/label>\n\t<\/p>\n<\/div>\n<div style='width:50%;float:left'>\n\t<p><label> Votre t\u00e9l<br \/>\n<span class=\"wpcf7-form-control-wrap\" data-name=\"text-89\"><input size=\"40\" maxlength=\"400\" class=\"wpcf7-form-control wpcf7-text\" aria-invalid=\"false\" value=\"\" type=\"text\" name=\"text-89\" \/><\/span> <\/label>\n\t<\/p>\n<\/div>\n<div style='clear:both'>\n<\/div>\n<p><label> *Votre message<br \/>\n<span class=\"wpcf7-form-control-wrap\" data-name=\"your-message\"><textarea cols=\"40\" rows=\"10\" maxlength=\"2000\" class=\"wpcf7-form-control wpcf7-textarea wpcf7-validates-as-required\" aria-required=\"true\" aria-invalid=\"false\" name=\"your-message\"><\/textarea><\/span> <\/label>\n<\/p>\n<p><input class=\"wpcf7-form-control wpcf7-submit has-spinner\" type=\"submit\" value=\"Soumettre\" \/>\n<\/p><p style=\"display: none !important;\" class=\"akismet-fields-container\" data-prefix=\"_wpcf7_ak_\"><label>\u0394<textarea name=\"_wpcf7_ak_hp_textarea\" cols=\"45\" rows=\"8\" maxlength=\"100\"><\/textarea><\/label><input type=\"hidden\" id=\"ak_js_1\" name=\"_wpcf7_ak_js\" value=\"39\"\/><script>document.getElementById( \"ak_js_1\" ).setAttribute( \"value\", ( new Date() ).getTime() );<\/script><\/p><div class=\"wpcf7-response-output\" aria-hidden=\"true\"><\/div>\n<input type=\"hidden\" name=\"trp-form-language\" value=\"fr\"\/><\/form>\n<\/div>","protected":false},"excerpt":{"rendered":"<p>En outre, le cong\u00e9lateur en anneau d'oignon peut congeler efficacement et \u00e9conomiquement une grande vari\u00e9t\u00e9 de produits tels que la viande, le poisson, les crevettes, les boulettes de viande, les l\u00e9gumes, les fruits et les aliments pr\u00e9par\u00e9s de toutes formes et tailles.<\/p>","protected":false},"featured_media":1801,"comment_status":"open","ping_status":"closed","template":"","meta":{"site-sidebar-layout":"default","site-content-layout":"default","ast-main-header-display":"","ast-hfb-above-header-display":"","ast-hfb-below-header-display":"","ast-hfb-mobile-header-display":"","site-post-title":"","ast-breadcrumbs-content":"","ast-featured-img":"","footer-sml-layout":"","theme-transparent-header-meta":"default","adv-header-id-meta":"","stick-header-meta":"","header-above-stick-meta":"","header-main-stick-meta":"","header-below-stick-meta":"","yasr_overall_rating":0,"yasr_post_is_review":"","yasr_auto_insert_disabled":"","yasr_review_type":""},"product_brand":[],"product_cat":[38],"product_tag":[],"class_list":{"0":"post-1800","1":"product","2":"type-product","3":"status-publish","4":"has-post-thumbnail","6":"product_cat-onion-frozen-machine","8":"first","9":"instock","10":"shipping-taxable","11":"product-type-simple"},"yasr_visitor_votes":{"stars_attributes":{"read_only":false,"span_bottom":false},"number_of_votes":0,"sum_votes":0},"yoast_head":"<!-- This site is optimized with the Yoast SEO plugin v26.9 - https:\/\/yoast.com\/product\/yoast-seo-wordpress\/ -->\n<title>Onion Ring Freezer Frozen Diced Onion Machines - Onion Processing Machine<\/title>\n<meta name=\"description\" content=\"This onion rings frozen machine can freeze machines of different sizes and shapes, and is a widely used machine.\" \/>\n<meta name=\"robots\" content=\"index, follow, max-snippet:-1, max-image-preview:large, max-video-preview:-1\" \/>\n<link rel=\"canonical\" href=\"https:\/\/www.onionmachines.com\/fr\/produit\/onion-ring-freezer\/\" \/>\n<meta property=\"og:locale\" content=\"fr_FR\" \/>\n<meta property=\"og:type\" content=\"article\" \/>\n<meta property=\"og:title\" content=\"Onion Ring Freezer Frozen Diced Onion Machines - Onion Processing Machine\" \/>\n<meta property=\"og:description\" content=\"This onion rings frozen machine can freeze machines of different sizes and shapes, and is a widely used machine.\" \/>\n<meta property=\"og:url\" content=\"https:\/\/www.onionmachines.com\/fr\/produit\/onion-ring-freezer\/\" \/>\n<meta property=\"og:site_name\" content=\"Onion Processing Machine\" \/>\n<meta property=\"article:modified_time\" content=\"2022-06-01T02:21:01+00:00\" \/>\n<meta property=\"og:image\" content=\"https:\/\/www.onionmachines.com\/wp-content\/uploads\/2022\/05\/1-10.jpg\" \/>\n\t<meta property=\"og:image:width\" content=\"600\" \/>\n\t<meta property=\"og:image:height\" content=\"600\" \/>\n\t<meta property=\"og:image:type\" content=\"image\/jpeg\" \/>\n<meta name=\"twitter:card\" content=\"summary_large_image\" \/>\n<meta name=\"twitter:label1\" content=\"Dur\u00e9e de lecture estim\u00e9e\" \/>\n\t<meta name=\"twitter:data1\" content=\"3 minutes\" \/>\n<script type=\"application\/ld+json\" class=\"yoast-schema-graph\">{\"@context\":\"https:\/\/schema.org\",\"@graph\":[{\"@type\":\"WebPage\",\"@id\":\"https:\/\/www.onionmachines.com\/product\/onion-ring-freezer\/\",\"url\":\"https:\/\/www.onionmachines.com\/product\/onion-ring-freezer\/\",\"name\":\"Onion Ring Freezer Frozen Diced Onion Machines - Onion Processing Machine\",\"isPartOf\":{\"@id\":\"https:\/\/www.onionmachines.com\/#website\"},\"primaryImageOfPage\":{\"@id\":\"https:\/\/www.onionmachines.com\/product\/onion-ring-freezer\/#primaryimage\"},\"image\":{\"@id\":\"https:\/\/www.onionmachines.com\/product\/onion-ring-freezer\/#primaryimage\"},\"thumbnailUrl\":\"https:\/\/www.onionmachines.com\/wp-content\/uploads\/2022\/05\/1-10.jpg\",\"datePublished\":\"2022-05-17T08:23:24+00:00\",\"dateModified\":\"2022-06-01T02:21:01+00:00\",\"description\":\"This onion rings frozen machine can freeze machines of different sizes and shapes, and is a widely used machine.\",\"breadcrumb\":{\"@id\":\"https:\/\/www.onionmachines.com\/product\/onion-ring-freezer\/#breadcrumb\"},\"inLanguage\":\"fr-FR\",\"potentialAction\":[{\"@type\":\"ReadAction\",\"target\":[\"https:\/\/www.onionmachines.com\/product\/onion-ring-freezer\/\"]}]},{\"@type\":\"ImageObject\",\"inLanguage\":\"fr-FR\",\"@id\":\"https:\/\/www.onionmachines.com\/product\/onion-ring-freezer\/#primaryimage\",\"url\":\"https:\/\/www.onionmachines.com\/wp-content\/uploads\/2022\/05\/1-10.jpg\",\"contentUrl\":\"https:\/\/www.onionmachines.com\/wp-content\/uploads\/2022\/05\/1-10.jpg\",\"width\":600,\"height\":600,\"caption\":\"onion rings frozen machine\"},{\"@type\":\"BreadcrumbList\",\"@id\":\"https:\/\/www.onionmachines.com\/product\/onion-ring-freezer\/#breadcrumb\",\"itemListElement\":[{\"@type\":\"ListItem\",\"position\":1,\"name\":\"Home\",\"item\":\"https:\/\/www.onionmachines.com\/\"},{\"@type\":\"ListItem\",\"position\":2,\"name\":\"Products\",\"item\":\"https:\/\/www.onionmachines.com\/products\/\"},{\"@type\":\"ListItem\",\"position\":3,\"name\":\"Onion Ring Freezer Frozen Diced Onion Machines\"}]},{\"@type\":\"WebSite\",\"@id\":\"https:\/\/www.onionmachines.com\/#website\",\"url\":\"https:\/\/www.onionmachines.com\/\",\"name\":\"Onion Processing Machine\",\"description\":\"Onion Machines Supplier\",\"potentialAction\":[{\"@type\":\"SearchAction\",\"target\":{\"@type\":\"EntryPoint\",\"urlTemplate\":\"https:\/\/www.onionmachines.com\/?s={search_term_string}\"},\"query-input\":{\"@type\":\"PropertyValueSpecification\",\"valueRequired\":true,\"valueName\":\"search_term_string\"}}],\"inLanguage\":\"fr-FR\"},false]}<\/script>\n<!-- \/ Yoast SEO plugin. -->","yoast_head_json":{"title":"Machines \u00e0 d\u00e9s d'oignons surgel\u00e9s - Machine de traitement des oignons","description":"Cette machine \u00e0 congeler les rondelles d'oignon peut congeler des machines de tailles et de formes diff\u00e9rentes, et c'est une machine largement utilis\u00e9e.","robots":{"index":"index","follow":"follow","max-snippet":"max-snippet:-1","max-image-preview":"max-image-preview:large","max-video-preview":"max-video-preview:-1"},"canonical":"https:\/\/www.onionmachines.com\/fr\/produit\/onion-ring-freezer\/","og_locale":"fr_FR","og_type":"article","og_title":"Onion Ring Freezer Frozen Diced Onion Machines - Onion Processing Machine","og_description":"This onion rings frozen machine can freeze machines of different sizes and shapes, and is a widely used machine.","og_url":"https:\/\/www.onionmachines.com\/fr\/produit\/onion-ring-freezer\/","og_site_name":"Onion Processing Machine","article_modified_time":"2022-06-01T02:21:01+00:00","og_image":[{"width":600,"height":600,"url":"https:\/\/www.onionmachines.com\/wp-content\/uploads\/2022\/05\/1-10.jpg","type":"image\/jpeg"}],"twitter_card":"summary_large_image","twitter_misc":{"Dur\u00e9e de lecture estim\u00e9e":"3 minutes"},"schema":{"@context":"https:\/\/schema.org","@graph":[{"@type":"WebPage","@id":"https:\/\/www.onionmachines.com\/product\/onion-ring-freezer\/","url":"https:\/\/www.onionmachines.com\/product\/onion-ring-freezer\/","name":"Machines \u00e0 d\u00e9s d'oignons surgel\u00e9s - Machine de traitement des oignons","isPartOf":{"@id":"https:\/\/www.onionmachines.com\/#website"},"primaryImageOfPage":{"@id":"https:\/\/www.onionmachines.com\/product\/onion-ring-freezer\/#primaryimage"},"image":{"@id":"https:\/\/www.onionmachines.com\/product\/onion-ring-freezer\/#primaryimage"},"thumbnailUrl":"https:\/\/www.onionmachines.com\/wp-content\/uploads\/2022\/05\/1-10.jpg","datePublished":"2022-05-17T08:23:24+00:00","dateModified":"2022-06-01T02:21:01+00:00","description":"Cette machine \u00e0 congeler les rondelles d'oignon peut congeler des machines de tailles et de formes diff\u00e9rentes, et c'est une machine largement utilis\u00e9e.","breadcrumb":{"@id":"https:\/\/www.onionmachines.com\/product\/onion-ring-freezer\/#breadcrumb"},"inLanguage":"fr-FR","potentialAction":[{"@type":"ReadAction","target":["https:\/\/www.onionmachines.com\/product\/onion-ring-freezer\/"]}]},{"@type":"ImageObject","inLanguage":"fr-FR","@id":"https:\/\/www.onionmachines.com\/product\/onion-ring-freezer\/#primaryimage","url":"https:\/\/www.onionmachines.com\/wp-content\/uploads\/2022\/05\/1-10.jpg","contentUrl":"https:\/\/www.onionmachines.com\/wp-content\/uploads\/2022\/05\/1-10.jpg","width":600,"height":600,"caption":"onion rings frozen machine"},{"@type":"BreadcrumbList","@id":"https:\/\/www.onionmachines.com\/product\/onion-ring-freezer\/#breadcrumb","itemListElement":[{"@type":"ListItem","position":1,"name":"Home","item":"https:\/\/www.onionmachines.com\/"},{"@type":"ListItem","position":2,"name":"Products","item":"https:\/\/www.onionmachines.com\/products\/"},{"@type":"ListItem","position":3,"name":"Onion Ring Freezer Frozen Diced Onion Machines"}]},{"@type":"WebSite","@id":"https:\/\/www.onionmachines.com\/#website","url":"https:\/\/www.onionmachines.com\/","name":"Machine de traitement des oignons","description":"Machines \u00e0 oignons Fournisseur","potentialAction":[{"@type":"SearchAction","target":{"@type":"EntryPoint","urlTemplate":"https:\/\/www.onionmachines.com\/?s={search_term_string}"},"query-input":{"@type":"PropertyValueSpecification","valueRequired":true,"valueName":"search_term_string"}}],"inLanguage":"fr-FR"},false]}},"_links":{"self":[{"href":"https:\/\/www.onionmachines.com\/fr\/wp-json\/wp\/v2\/product\/1800","targetHints":{"allow":["GET"]}}],"collection":[{"href":"https:\/\/www.onionmachines.com\/fr\/wp-json\/wp\/v2\/product"}],"about":[{"href":"https:\/\/www.onionmachines.com\/fr\/wp-json\/wp\/v2\/types\/product"}],"replies":[{"embeddable":true,"href":"https:\/\/www.onionmachines.com\/fr\/wp-json\/wp\/v2\/comments?post=1800"}],"wp:featuredmedia":[{"embeddable":true,"href":"https:\/\/www.onionmachines.com\/fr\/wp-json\/wp\/v2\/media\/1801"}],"wp:attachment":[{"href":"https:\/\/www.onionmachines.com\/fr\/wp-json\/wp\/v2\/media?parent=1800"}],"wp:term":[{"taxonomy":"product_brand","embeddable":true,"href":"https:\/\/www.onionmachines.com\/fr\/wp-json\/wp\/v2\/product_brand?post=1800"},{"taxonomy":"product_cat","embeddable":true,"href":"https:\/\/www.onionmachines.com\/fr\/wp-json\/wp\/v2\/product_cat?post=1800"},{"taxonomy":"product_tag","embeddable":true,"href":"https:\/\/www.onionmachines.com\/fr\/wp-json\/wp\/v2\/product_tag?post=1800"}],"curies":[{"name":"wp","href":"https:\/\/api.w.org\/{rel}","templated":true}]}}