{"id":1762,"date":"2022-05-17T03:47:13","date_gmt":"2022-05-17T03:47:13","guid":{"rendered":"https:\/\/www.onionmachines.com\/?post_type=product&#038;p=1762"},"modified":"2025-09-09T13:58:06","modified_gmt":"2025-09-09T05:58:06","slug":"onion-drying-machine","status":"publish","type":"product","link":"https:\/\/www.onionmachines.com\/fr\/produit\/onion-drying-machine\/","title":{"rendered":"Machine de s\u00e9chage d'oignons 500kg\/Temps Afrique du Sud"},"content":{"rendered":"<p>Cette machine de s\u00e9chage des oignons est principalement destin\u00e9e \u00e0 la d\u00e9shydratation des oignons. Cette machine est tr\u00e8s intelligente, elle utilise un panneau de commande intelligent pour contr\u00f4ler l'ensemble du processus de s\u00e9chage. La m\u00e9thode la plus importante est l'utilisation du chauffage \u00e9lectrique. En outre, cette machine de s\u00e9chage convient \u00e9galement \u00e0 la ligne de production de poudre d'oignon, qui est largement utilis\u00e9e pour le s\u00e9chage des fruits, des l\u00e9gumes, des mati\u00e8res m\u00e9dicinales et d'autres produits.<\/p>\n<h2><img loading=\"lazy\" decoding=\"async\" class=\"alignnone size-full wp-image-1766\" src=\"https:\/\/www.onionmachines.com\/wp-content\/uploads\/2022\/05\/5-5.jpg\" alt=\"Machine \u00e0 s\u00e9cher les oignons d\u00e9tail\" width=\"800\" height=\"500\" srcset=\"https:\/\/www.onionmachines.com\/wp-content\/uploads\/2022\/05\/5-5.jpg 800w, https:\/\/www.onionmachines.com\/wp-content\/uploads\/2022\/05\/5-5-300x188.jpg 300w, https:\/\/www.onionmachines.com\/wp-content\/uploads\/2022\/05\/5-5-768x480.jpg 768w, https:\/\/www.onionmachines.com\/wp-content\/uploads\/2022\/05\/5-5-600x375.jpg 600w\" sizes=\"auto, (max-width: 800px) 100vw, 800px\" \/><\/h2>\n<h2><strong><b>Caract\u00e9ristiques <\/b><\/strong><strong><b>De<\/b><\/strong><strong><b>\u00a0<\/b><\/strong><strong><b>Machine \u00e0 s\u00e9cher les oignons<\/b><\/strong><\/h2>\n<ul>\n<li>L'ensemble de la bo\u00eete adopte une structure enti\u00e8rement ferm\u00e9e et l'air chaud circule dans la bo\u00eete, ce qui permet d'\u00e9conomiser de l'\u00e9nergie et d'am\u00e9liorer l'efficacit\u00e9.<\/li>\n<li>Le ventilateur de circulation int\u00e9gr\u00e9, r\u00e9sistant aux temp\u00e9ratures \u00e9lev\u00e9es, r\u00e9duit consid\u00e9rablement les pertes de chaleur et renforce le transfert de chaleur.<\/li>\n<li>La bo\u00eete est \u00e9quip\u00e9e d'une plaque d'uniformisation de l'air r\u00e9glable, qui permet d'ajuster l'ouverture vers le haut et vers le bas afin d'uniformiser la temp\u00e9rature dans la bo\u00eete.<\/li>\n<li>L'\u00e9paisseur de la couche d'isolation est de 80 mm et le mat\u00e9riau utilis\u00e9 est de la laine de verre blanche ultrafine, conforme \u00e0 la norme GMP et pr\u00e9sentant une faible perte de chaleur.<\/li>\n<li>Le chariot de s\u00e9chage et la plaque de s\u00e9chage sont les normes unifi\u00e9es de l'industrie, et la plaque de s\u00e9chage et la plaque de filet conviennent \u00e0 de nombreuses industries et sont tr\u00e8s interchangeables.<\/li>\n<li>Contr\u00f4le automatique et constant de la temp\u00e9rature, horaires de travail r\u00e9guliers, production m\u00e9canis\u00e9e et qualit\u00e9 stable des produits en lots.<\/li>\n<\/ul>\n<h2><iframe loading=\"lazy\" title=\"Lecteur vid\u00e9o YouTube\" src=\"https:\/\/www.youtube.com\/embed\/axv_MskG1NQ\" width=\"850\" height=\"475.5\" frameborder=\"0\" allowfullscreen=\"allowfullscreen\"><span data-mce-type=\"bookmark\" style=\"display: inline-block; width: 0px; overflow: hidden; line-height: 0;\" class=\"mce_SELRES_start\"><\/span><\/iframe><\/h2>\n<h2><strong><b>Equipement <\/b><\/strong><strong><b>C<\/b><\/strong><strong><b>omposition<\/b><\/strong><\/h2>\n<p>La composition de cette machine de s\u00e9chage d'oignons comprend principalement une bo\u00eete, un chariot, un plateau, un ventilateur de circulation, un ventilateur de d\u00e9shumidification, une armoire de commande \u00e9lectrique, un tuyau de chauffage \u00e0 ailettes, etc ;<\/p>\n<ol>\n<li>Bo\u00eete : La bo\u00eete adopte une structure enti\u00e8rement ferm\u00e9e et l'air chaud circule dans la bo\u00eete, ce qui permet d'\u00e9conomiser de l'\u00e9nergie et d'\u00eatre efficace. L'\u00e9paisseur de la couche d'isolation est de 80 mm et le mat\u00e9riau est de la laine de verre blanche ultrafine, avec une faible perte de chaleur.<\/li>\n<li>Chariot : Fabriqu\u00e9 en acier inoxydable 201, beau.<\/li>\n<li>Plateau : Le plateau de cuisson du chariot de s\u00e9chage est la norme unifi\u00e9e de l'industrie, et le plateau en maille du plateau de cuisson convient \u00e0 de nombreuses industries, avec une forte interchangeabilit\u00e9, et les mat\u00e9riaux PP et 304 peuvent \u00eatre s\u00e9lectionn\u00e9s.<\/li>\n<li>Ventilateur de circulation : Le ventilateur de circulation int\u00e9gr\u00e9, r\u00e9sistant aux temp\u00e9ratures \u00e9lev\u00e9es, r\u00e9duit consid\u00e9rablement les pertes de chaleur et renforce le transfert de chaleur.<\/li>\n<li>Ventilateur de d\u00e9shumidification : le ventilateur centrifuge adopt\u00e9 a un bon effet de d\u00e9shumidification.<\/li>\n<li>Armoire de commande \u00e9lectrique : contr\u00f4le automatique de la temp\u00e9rature constante, heures de travail r\u00e9guli\u00e8res, production m\u00e9canis\u00e9e et qualit\u00e9 stable des produits.<\/li>\n<li>Tube de chauffage \u00e0 ailettes : mat\u00e9riaux de haute qualit\u00e9 s\u00e9lectionn\u00e9s, r\u00e9sistance \u00e0 la corrosion, forte r\u00e9sistance \u00e0 l'oxydation, pas de rouille dans un environnement humide.<\/li>\n<\/ol>\n<h2><strong><b>Machine \u00e0 s\u00e9cher les oignons Afrique du Sud<\/b><\/strong><\/h2>\n<p>La machine fournie par notre soci\u00e9t\u00e9 a \u00e9t\u00e9 bien accueillie par les clients d'Afrique du Sud. Le client a d\u00e9clar\u00e9 que cette machine lui avait permis non seulement d'augmenter sa production, mais aussi de r\u00e9duire le co\u00fbt des intrants.<\/p>\n\n<div class=\"wpcf7 no-js\" id=\"wpcf7-f12-o1\" lang=\"en-US\" dir=\"ltr\" data-wpcf7-id=\"12\">\n<div class=\"screen-reader-response\"><p role=\"status\" aria-live=\"polite\" aria-atomic=\"true\"><\/p> <ul><\/ul><\/div>\n<form action=\"\/fr\/wp-json\/wp\/v2\/product\/1762#wpcf7-f12-o1\" method=\"post\" class=\"wpcf7-form init\" aria-label=\"Formulaire de contact\" novalidate=\"novalidate\" data-status=\"init\" data-trp-original-action=\"\/fr\/wp-json\/wp\/v2\/product\/1762#wpcf7-f12-o1\">\n<fieldset class=\"hidden-fields-container\"><input type=\"hidden\" name=\"_wpcf7\" value=\"12\" \/><input type=\"hidden\" name=\"_wpcf7_version\" value=\"6.1.5\" \/><input type=\"hidden\" name=\"_wpcf7_locale\" value=\"en_US\" \/><input type=\"hidden\" name=\"_wpcf7_unit_tag\" value=\"wpcf7-f12-o1\" \/><input type=\"hidden\" name=\"_wpcf7_container_post\" value=\"0\" \/><input type=\"hidden\" name=\"_wpcf7_posted_data_hash\" value=\"\" \/>\n<\/fieldset>\n<div style='text-align: center;font-size: 30px;font-weight:bold;' class='pro-form'>\n\t<p>Laissez un message pour plus de d\u00e9tails et de prix\n\t<\/p>\n<\/div>\n<div style='width:50%;float:left'>\n\t<p><label> Votre nom<br \/>\n<span class=\"wpcf7-form-control-wrap\" data-name=\"your-name\"><input size=\"40\" maxlength=\"400\" class=\"wpcf7-form-control wpcf7-text\" aria-invalid=\"false\" value=\"\" type=\"text\" name=\"your-name\" \/><\/span> <\/label>\n\t<\/p>\n<\/div>\n<div style='width:50%;float:left'>\n\t<p><label> Votre pays<br \/>\n<span class=\"wpcf7-form-control-wrap\" data-name=\"text-899\"><input size=\"40\" maxlength=\"400\" class=\"wpcf7-form-control wpcf7-text\" aria-invalid=\"false\" value=\"\" type=\"text\" name=\"text-899\" \/><\/span> <\/label>\n\t<\/p>\n<\/div>\n<div style='clear:both'>\n<\/div>\n<div style='width:50%;float:left'>\n\t<p><label> *Votre email<br \/>\n<span class=\"wpcf7-form-control-wrap\" data-name=\"your-email\"><input size=\"40\" maxlength=\"400\" class=\"wpcf7-form-control wpcf7-email wpcf7-validates-as-required wpcf7-text wpcf7-validates-as-email\" aria-required=\"true\" aria-invalid=\"false\" value=\"\" type=\"email\" name=\"your-email\" \/><\/span> <\/label>\n\t<\/p>\n<\/div>\n<div style='width:50%;float:left'>\n\t<p><label> Votre t\u00e9l<br \/>\n<span class=\"wpcf7-form-control-wrap\" data-name=\"text-89\"><input size=\"40\" maxlength=\"400\" class=\"wpcf7-form-control wpcf7-text\" aria-invalid=\"false\" value=\"\" type=\"text\" name=\"text-89\" \/><\/span> <\/label>\n\t<\/p>\n<\/div>\n<div style='clear:both'>\n<\/div>\n<p><label> *Votre message<br \/>\n<span class=\"wpcf7-form-control-wrap\" data-name=\"your-message\"><textarea cols=\"40\" rows=\"10\" maxlength=\"2000\" class=\"wpcf7-form-control wpcf7-textarea wpcf7-validates-as-required\" aria-required=\"true\" aria-invalid=\"false\" name=\"your-message\"><\/textarea><\/span> <\/label>\n<\/p>\n<p><input class=\"wpcf7-form-control wpcf7-submit has-spinner\" type=\"submit\" value=\"Soumettre\" \/>\n<\/p><p style=\"display: none !important;\" class=\"akismet-fields-container\" data-prefix=\"_wpcf7_ak_\"><label>\u0394<textarea name=\"_wpcf7_ak_hp_textarea\" cols=\"45\" rows=\"8\" maxlength=\"100\"><\/textarea><\/label><input type=\"hidden\" id=\"ak_js_1\" name=\"_wpcf7_ak_js\" value=\"95\"\/><script>document.getElementById( \"ak_js_1\" ).setAttribute( \"value\", ( new Date() ).getTime() );<\/script><\/p><div class=\"wpcf7-response-output\" aria-hidden=\"true\"><\/div>\n<input type=\"hidden\" name=\"trp-form-language\" value=\"fr\"\/><\/form>\n<\/div>","protected":false},"excerpt":{"rendered":"<p>L'ensemble de la bo\u00eete adopte une structure enti\u00e8rement ferm\u00e9e et l'air chaud circule dans la bo\u00eete, ce qui permet d'\u00e9conomiser de l'\u00e9nergie et d'am\u00e9liorer l'efficacit\u00e9.<\/p>\n<p>&nbsp;<\/p>","protected":false},"featured_media":1763,"comment_status":"open","ping_status":"closed","template":"","meta":{"site-sidebar-layout":"default","site-content-layout":"default","ast-main-header-display":"","ast-hfb-above-header-display":"","ast-hfb-below-header-display":"","ast-hfb-mobile-header-display":"","site-post-title":"","ast-breadcrumbs-content":"","ast-featured-img":"","footer-sml-layout":"","theme-transparent-header-meta":"default","adv-header-id-meta":"","stick-header-meta":"","header-above-stick-meta":"","header-main-stick-meta":"","header-below-stick-meta":"","yasr_overall_rating":5,"yasr_post_is_review":"","yasr_auto_insert_disabled":"","yasr_review_type":""},"product_brand":[],"product_cat":[36],"product_tag":[],"class_list":{"0":"post-1762","1":"product","2":"type-product","3":"status-publish","4":"has-post-thumbnail","6":"product_cat-dehydration-machine","8":"first","9":"instock","10":"shipping-taxable","11":"product-type-simple"},"yasr_visitor_votes":{"stars_attributes":{"read_only":false,"span_bottom":false},"number_of_votes":0,"sum_votes":0},"yoast_head":"<!-- This site is optimized with the Yoast SEO plugin v26.9 - https:\/\/yoast.com\/product\/yoast-seo-wordpress\/ -->\n<title>500kg\/Time Onion Drying Machine South Africa - Onion Processing Machine<\/title>\n<meta name=\"description\" content=\"The onion drying machine provided by our company has been well received by customers in South Africa. It is not only helped them increase the output, but also reduced the cost of input.\" \/>\n<meta name=\"robots\" content=\"index, follow, max-snippet:-1, max-image-preview:large, max-video-preview:-1\" \/>\n<link rel=\"canonical\" href=\"https:\/\/www.onionmachines.com\/fr\/produit\/onion-drying-machine\/\" \/>\n<meta property=\"og:locale\" content=\"fr_FR\" \/>\n<meta property=\"og:type\" content=\"article\" \/>\n<meta property=\"og:title\" content=\"500kg\/Time Onion Drying Machine South Africa - Onion Processing Machine\" \/>\n<meta property=\"og:description\" content=\"The onion drying machine provided by our company has been well received by customers in South Africa. It is not only helped them increase the output, but also reduced the cost of input.\" \/>\n<meta property=\"og:url\" content=\"https:\/\/www.onionmachines.com\/fr\/produit\/onion-drying-machine\/\" \/>\n<meta property=\"og:site_name\" content=\"Onion Processing Machine\" \/>\n<meta property=\"article:modified_time\" content=\"2025-09-09T05:58:06+00:00\" \/>\n<meta property=\"og:image\" content=\"https:\/\/www.onionmachines.com\/wp-content\/uploads\/2022\/05\/1-5.jpg\" \/>\n\t<meta property=\"og:image:width\" content=\"600\" \/>\n\t<meta property=\"og:image:height\" content=\"600\" \/>\n\t<meta property=\"og:image:type\" content=\"image\/jpeg\" \/>\n<meta name=\"twitter:card\" content=\"summary_large_image\" \/>\n<meta name=\"twitter:label1\" content=\"Dur\u00e9e de lecture estim\u00e9e\" \/>\n\t<meta name=\"twitter:data1\" content=\"3 minutes\" \/>\n<script type=\"application\/ld+json\" class=\"yoast-schema-graph\">{\"@context\":\"https:\/\/schema.org\",\"@graph\":[{\"@type\":\"WebPage\",\"@id\":\"https:\/\/www.onionmachines.com\/product\/onion-drying-machine\/\",\"url\":\"https:\/\/www.onionmachines.com\/product\/onion-drying-machine\/\",\"name\":\"500kg\/Time Onion Drying Machine South Africa - Onion Processing Machine\",\"isPartOf\":{\"@id\":\"https:\/\/www.onionmachines.com\/#website\"},\"primaryImageOfPage\":{\"@id\":\"https:\/\/www.onionmachines.com\/product\/onion-drying-machine\/#primaryimage\"},\"image\":{\"@id\":\"https:\/\/www.onionmachines.com\/product\/onion-drying-machine\/#primaryimage\"},\"thumbnailUrl\":\"https:\/\/www.onionmachines.com\/wp-content\/uploads\/2022\/05\/1-5.jpg\",\"datePublished\":\"2022-05-17T03:47:13+00:00\",\"dateModified\":\"2025-09-09T05:58:06+00:00\",\"description\":\"The onion drying machine provided by our company has been well received by customers in South Africa. It is not only helped them increase the output, but also reduced the cost of input.\",\"breadcrumb\":{\"@id\":\"https:\/\/www.onionmachines.com\/product\/onion-drying-machine\/#breadcrumb\"},\"inLanguage\":\"fr-FR\",\"potentialAction\":[{\"@type\":\"ReadAction\",\"target\":[\"https:\/\/www.onionmachines.com\/product\/onion-drying-machine\/\"]}]},{\"@type\":\"ImageObject\",\"inLanguage\":\"fr-FR\",\"@id\":\"https:\/\/www.onionmachines.com\/product\/onion-drying-machine\/#primaryimage\",\"url\":\"https:\/\/www.onionmachines.com\/wp-content\/uploads\/2022\/05\/1-5.jpg\",\"contentUrl\":\"https:\/\/www.onionmachines.com\/wp-content\/uploads\/2022\/05\/1-5.jpg\",\"width\":600,\"height\":600,\"caption\":\"onion drying machine\"},{\"@type\":\"BreadcrumbList\",\"@id\":\"https:\/\/www.onionmachines.com\/product\/onion-drying-machine\/#breadcrumb\",\"itemListElement\":[{\"@type\":\"ListItem\",\"position\":1,\"name\":\"Home\",\"item\":\"https:\/\/www.onionmachines.com\/\"},{\"@type\":\"ListItem\",\"position\":2,\"name\":\"Products\",\"item\":\"https:\/\/www.onionmachines.com\/products\/\"},{\"@type\":\"ListItem\",\"position\":3,\"name\":\"500kg\/Time Onion Drying Machine South Africa\"}]},{\"@type\":\"WebSite\",\"@id\":\"https:\/\/www.onionmachines.com\/#website\",\"url\":\"https:\/\/www.onionmachines.com\/\",\"name\":\"Onion Processing Machine\",\"description\":\"Onion Machines Supplier\",\"potentialAction\":[{\"@type\":\"SearchAction\",\"target\":{\"@type\":\"EntryPoint\",\"urlTemplate\":\"https:\/\/www.onionmachines.com\/?s={search_term_string}\"},\"query-input\":{\"@type\":\"PropertyValueSpecification\",\"valueRequired\":true,\"valueName\":\"search_term_string\"}}],\"inLanguage\":\"fr-FR\"},false]}<\/script>\n<!-- \/ Yoast SEO plugin. -->","yoast_head_json":{"title":"Machine de s\u00e9chage d'oignons 500kg\/Temps Afrique du Sud - Machine de traitement des oignons","description":"La machine de s\u00e9chage d'oignons fournie par notre soci\u00e9t\u00e9 a \u00e9t\u00e9 bien accueillie par les clients d'Afrique du Sud. Elle leur a permis non seulement d'augmenter leur production, mais aussi de r\u00e9duire le co\u00fbt des intrants.","robots":{"index":"index","follow":"follow","max-snippet":"max-snippet:-1","max-image-preview":"max-image-preview:large","max-video-preview":"max-video-preview:-1"},"canonical":"https:\/\/www.onionmachines.com\/fr\/produit\/onion-drying-machine\/","og_locale":"fr_FR","og_type":"article","og_title":"500kg\/Time Onion Drying Machine South Africa - Onion Processing Machine","og_description":"The onion drying machine provided by our company has been well received by customers in South Africa. It is not only helped them increase the output, but also reduced the cost of input.","og_url":"https:\/\/www.onionmachines.com\/fr\/produit\/onion-drying-machine\/","og_site_name":"Onion Processing Machine","article_modified_time":"2025-09-09T05:58:06+00:00","og_image":[{"width":600,"height":600,"url":"https:\/\/www.onionmachines.com\/wp-content\/uploads\/2022\/05\/1-5.jpg","type":"image\/jpeg"}],"twitter_card":"summary_large_image","twitter_misc":{"Dur\u00e9e de lecture estim\u00e9e":"3 minutes"},"schema":{"@context":"https:\/\/schema.org","@graph":[{"@type":"WebPage","@id":"https:\/\/www.onionmachines.com\/product\/onion-drying-machine\/","url":"https:\/\/www.onionmachines.com\/product\/onion-drying-machine\/","name":"Machine de s\u00e9chage d'oignons 500kg\/Temps Afrique du Sud - Machine de traitement des oignons","isPartOf":{"@id":"https:\/\/www.onionmachines.com\/#website"},"primaryImageOfPage":{"@id":"https:\/\/www.onionmachines.com\/product\/onion-drying-machine\/#primaryimage"},"image":{"@id":"https:\/\/www.onionmachines.com\/product\/onion-drying-machine\/#primaryimage"},"thumbnailUrl":"https:\/\/www.onionmachines.com\/wp-content\/uploads\/2022\/05\/1-5.jpg","datePublished":"2022-05-17T03:47:13+00:00","dateModified":"2025-09-09T05:58:06+00:00","description":"La machine de s\u00e9chage d'oignons fournie par notre soci\u00e9t\u00e9 a \u00e9t\u00e9 bien accueillie par les clients d'Afrique du Sud. Elle leur a permis non seulement d'augmenter leur production, mais aussi de r\u00e9duire le co\u00fbt des intrants.","breadcrumb":{"@id":"https:\/\/www.onionmachines.com\/product\/onion-drying-machine\/#breadcrumb"},"inLanguage":"fr-FR","potentialAction":[{"@type":"ReadAction","target":["https:\/\/www.onionmachines.com\/product\/onion-drying-machine\/"]}]},{"@type":"ImageObject","inLanguage":"fr-FR","@id":"https:\/\/www.onionmachines.com\/product\/onion-drying-machine\/#primaryimage","url":"https:\/\/www.onionmachines.com\/wp-content\/uploads\/2022\/05\/1-5.jpg","contentUrl":"https:\/\/www.onionmachines.com\/wp-content\/uploads\/2022\/05\/1-5.jpg","width":600,"height":600,"caption":"onion drying machine"},{"@type":"BreadcrumbList","@id":"https:\/\/www.onionmachines.com\/product\/onion-drying-machine\/#breadcrumb","itemListElement":[{"@type":"ListItem","position":1,"name":"Home","item":"https:\/\/www.onionmachines.com\/"},{"@type":"ListItem","position":2,"name":"Products","item":"https:\/\/www.onionmachines.com\/products\/"},{"@type":"ListItem","position":3,"name":"500kg\/Time Onion Drying Machine South Africa"}]},{"@type":"WebSite","@id":"https:\/\/www.onionmachines.com\/#website","url":"https:\/\/www.onionmachines.com\/","name":"Machine de traitement des oignons","description":"Machines \u00e0 oignons Fournisseur","potentialAction":[{"@type":"SearchAction","target":{"@type":"EntryPoint","urlTemplate":"https:\/\/www.onionmachines.com\/?s={search_term_string}"},"query-input":{"@type":"PropertyValueSpecification","valueRequired":true,"valueName":"search_term_string"}}],"inLanguage":"fr-FR"},false]}},"_links":{"self":[{"href":"https:\/\/www.onionmachines.com\/fr\/wp-json\/wp\/v2\/product\/1762","targetHints":{"allow":["GET"]}}],"collection":[{"href":"https:\/\/www.onionmachines.com\/fr\/wp-json\/wp\/v2\/product"}],"about":[{"href":"https:\/\/www.onionmachines.com\/fr\/wp-json\/wp\/v2\/types\/product"}],"replies":[{"embeddable":true,"href":"https:\/\/www.onionmachines.com\/fr\/wp-json\/wp\/v2\/comments?post=1762"}],"wp:featuredmedia":[{"embeddable":true,"href":"https:\/\/www.onionmachines.com\/fr\/wp-json\/wp\/v2\/media\/1763"}],"wp:attachment":[{"href":"https:\/\/www.onionmachines.com\/fr\/wp-json\/wp\/v2\/media?parent=1762"}],"wp:term":[{"taxonomy":"product_brand","embeddable":true,"href":"https:\/\/www.onionmachines.com\/fr\/wp-json\/wp\/v2\/product_brand?post=1762"},{"taxonomy":"product_cat","embeddable":true,"href":"https:\/\/www.onionmachines.com\/fr\/wp-json\/wp\/v2\/product_cat?post=1762"},{"taxonomy":"product_tag","embeddable":true,"href":"https:\/\/www.onionmachines.com\/fr\/wp-json\/wp\/v2\/product_tag?post=1762"}],"curies":[{"name":"wp","href":"https:\/\/api.w.org\/{rel}","templated":true}]}}