{"id":1750,"date":"2022-05-17T02:28:32","date_gmt":"2022-05-17T02:28:32","guid":{"rendered":"https:\/\/www.onionmachines.com\/?post_type=product&#038;p=1750"},"modified":"2025-09-09T13:57:06","modified_gmt":"2025-09-09T05:57:06","slug":"onion-dehydration-machine","status":"publish","type":"product","link":"https:\/\/www.onionmachines.com\/fr\/produit\/onion-dehydration-machine\/","title":{"rendered":"Machine commerciale de d\u00e9shydratation d'oignons - S\u00e9chage par pompe \u00e0 chaleur"},"content":{"rendered":"<p>Cette machine de d\u00e9shydratation des oignons utilise le principe du s\u00e9chage par pompe \u00e0 chaleur pour s\u00e9cher les oignons une fois, \u00e9galement connu sous le nom de s\u00e9choir \u00e0 pompe \u00e0 chaleur. Elle a un bon effet de s\u00e9chage et peut conserver compl\u00e8tement la couleur, la forme et les composants nutritionnels d'origine du fruit. C'est une machine id\u00e9ale pour le s\u00e9chage des fruits et l\u00e9gumes industriels.<\/p>\n<ul>\n<li>Ingr\u00e9dient : Oignon<\/li>\n<li>Produit fini : tranches d'oignon s\u00e9ch\u00e9, oignon s\u00e9ch\u00e9 hach\u00e9, flocons d'oignon s\u00e9ch\u00e9.<\/li>\n<li>La temp\u00e9rature peut \u00eatre contr\u00f4l\u00e9e avec pr\u00e9cision, ce qui permet de traiter des mat\u00e9riaux ayant des exigences diff\u00e9rentes en mati\u00e8re de temp\u00e9rature.<\/li>\n<li>Ligne de production compl\u00e8te de s\u00e9chage d'oignons en option.<\/li>\n<\/ul>\n<h2><img loading=\"lazy\" decoding=\"async\" class=\"alignnone size-full wp-image-1755\" src=\"https:\/\/www.onionmachines.com\/wp-content\/uploads\/2022\/05\/5-3.jpg\" alt=\"machine de d\u00e9shydratation de l&#039;oignon d\u00e9tails\" width=\"800\" height=\"500\" srcset=\"https:\/\/www.onionmachines.com\/wp-content\/uploads\/2022\/05\/5-3.jpg 800w, https:\/\/www.onionmachines.com\/wp-content\/uploads\/2022\/05\/5-3-300x188.jpg 300w, https:\/\/www.onionmachines.com\/wp-content\/uploads\/2022\/05\/5-3-768x480.jpg 768w, https:\/\/www.onionmachines.com\/wp-content\/uploads\/2022\/05\/5-3-600x375.jpg 600w\" sizes=\"auto, (max-width: 800px) 100vw, 800px\" \/><\/h2>\n<h2><strong><b>Principe de fonctionnement <\/b><\/strong><strong><b>Machine \u00e0 d\u00e9shydrater les oignons<\/b><\/strong><\/h2>\n<p>Pendant le fonctionnement de la machine de s\u00e9chage, le r\u00e9frig\u00e9rant du syst\u00e8me est comprim\u00e9 par le compresseur pour devenir un gaz \u00e0 haute temp\u00e9rature et \u00e0 haute pression, qui est condens\u00e9 et liqu\u00e9fi\u00e9 dans le condenseur pour lib\u00e9rer de la chaleur, et l'air int\u00e9rieur est circul\u00e9 et chauff\u00e9 par le ventilateur de circulation, de mani\u00e8re \u00e0 atteindre l'objectif de s\u00e9chage des oignons \u00e0 haute temp\u00e9rature.<\/p>\n<p>Lorsque l'air chaud de la machine de d\u00e9shydratation passe sur la surface de l'oignon, il chauffe l'oignon, acc\u00e9l\u00e9rant ainsi l'\u00e9vaporation de l'eau, et l'eau \u00e9vapor\u00e9e est \u00e9vacu\u00e9e par l'unit\u00e9 de r\u00e9cup\u00e9ration de la chaleur apr\u00e8s la r\u00e9cup\u00e9ration de la chaleur, de mani\u00e8re \u00e0 atteindre l'objectif de temp\u00e9rature \u00e9lev\u00e9e et de s\u00e9chage rapide des mat\u00e9riaux.<\/p>\n<h2><strong><b>Vid\u00e9o de travail de <\/b><\/strong><strong><b>Machine \u00e0 d\u00e9shydrater les oignons Fabricant<\/b><\/strong><\/h2>\n<p>La composition de la salle de s\u00e9chage de la pompe \u00e0 chaleur : pompe \u00e0 chaleur (y compris la commande), ventilateur, bo\u00eete, chariot, plateau, etc.<\/p>\n<h2><iframe loading=\"lazy\" title=\"Lecteur vid\u00e9o YouTube\" src=\"https:\/\/www.youtube.com\/embed\/J8O5yZVCy2E\" width=\"850\" height=\"475.5\" frameborder=\"0\" allowfullscreen=\"allowfullscreen\"><span data-mce-type=\"bookmark\" style=\"display: inline-block; width: 0px; overflow: hidden; line-height: 0;\" class=\"mce_SELRES_start\"><\/span><\/iframe><\/h2>\n<h2><strong><b>Caract\u00e9ristiques <\/b><\/strong><strong><b>De<\/b><\/strong><strong><b>\u00a0<\/b><\/strong><strong><b>Machine \u00e0 d\u00e9shydrater les oignons<\/b><\/strong><\/h2>\n<ol>\n<li>\u00c9cologie et protection de l'environnement : Le s\u00e9choir \u00e0 pompe \u00e0 chaleur adh\u00e8re au concept d'\u00e9conomie d'\u00e9nergie et de protection de l'environnement afin de garantir l'absence d'\u00e9missions pendant toute la dur\u00e9e du processus de s\u00e9chage et d'obtenir une m\u00e9thode de s\u00e9chage \u00e9cologique et respectueuse de l'environnement.<\/li>\n<li>Haute qualit\u00e9 : les oignons secs ne se fendent pas, ne se d\u00e9forment pas, ne se d\u00e9colorent pas, ne se d\u00e9t\u00e9riorent pas, ne s'oxydent pas, s\u00e8chent bien, se r\u00e9hydratent bien et conservent leurs \u00e9l\u00e9ments nutritifs.<\/li>\n<li>Contr\u00f4le intelligent : Gr\u00e2ce \u00e0 la commande intelligente, la temp\u00e9rature de s\u00e9chage peut \u00eatre contr\u00f4l\u00e9e \u00e0 \u00b11\u00b0C pour garantir la qualit\u00e9 de s\u00e9chage des mat\u00e9riaux. Contr\u00f4le intelligent enti\u00e8rement automatique, s\u00e9chage continu pendant 24 heures<\/li>\n<li>Contr\u00f4le pr\u00e9cis de la temp\u00e9rature et de l'humidit\u00e9 : La temp\u00e9rature de s\u00e9chage peut \u00eatre facilement contr\u00f4l\u00e9e par le syst\u00e8me de contr\u00f4le PLC+\u00e9cran tactile afin de s\u00e9cher les mati\u00e8res premi\u00e8res de mani\u00e8re uniforme.<\/li>\n<li>\u00c9conomie d'\u00e9nergie et de temps : La m\u00e9thode de d\u00e9shumidification en circuit ferm\u00e9 et de s\u00e9chage par circulation est adopt\u00e9e pour r\u00e9duire le temps et les co\u00fbts de s\u00e9chage.<\/li>\n<\/ol>\n<h2><strong><b>Machine \u00e0 d\u00e9shydrater les oignons Fabricant<\/b><\/strong><\/h2>\n<p>Cette machine de s\u00e9chage d'oignons a des performances stables, ce qui permet de r\u00e9duire consid\u00e9rablement la consommation d'\u00e9nergie et les co\u00fbts. Les oignons s\u00e9ch\u00e9s ont non seulement une bonne couleur et une bonne qualit\u00e9, mais ils sont \u00e9galement faciles \u00e0 stocker et \u00e0 transporter, et sont plus faciles \u00e0 vendre. En tant que producteur professionnel de machine de d\u00e9shydratation d'oignons, si vous \u00eates int\u00e9ress\u00e9s par cette machine, veuillez nous laisser un message.<\/p>\n<h2>Param\u00e8tres techniques<\/h2>\n<table>\n<tbody>\n<tr>\n<td>Objet<\/td>\n<td colspan=\"4\">Param\u00e8tres du s\u00e9choir \u00e0 pompe \u00e0 chaleur<\/td>\n<\/tr>\n<tr>\n<td>Mod\u00e8le<\/td>\n<td>GG-3P<\/td>\n<td>GG-7P<\/td>\n<td>GG-15P<\/td>\n<td>Unit\u00e9<\/td>\n<\/tr>\n<tr>\n<td>Temp\u00e9rature ambiante<\/td>\n<td>-10-43<\/td>\n<td>-15-43<\/td>\n<td>-15-43<\/td>\n<td>\u00baC<\/td>\n<\/tr>\n<tr>\n<td>Plage de temp\u00e9rature de s\u00e9chage<\/td>\n<td>30-75<\/td>\n<td>30-75<\/td>\n<td>30-75<\/td>\n<td>\u00baC<\/td>\n<\/tr>\n<tr>\n<td>Puissance nominale<\/td>\n<td>4<\/td>\n<td>12<\/td>\n<td>21<\/td>\n<td>Kw<\/td>\n<\/tr>\n<tr>\n<td>Puissance maximale<\/td>\n<td>10<\/td>\n<td>18<\/td>\n<td>33<\/td>\n<td>Kw<\/td>\n<\/tr>\n<tr>\n<td>Forme d'alimentation<\/td>\n<td>380\/3\/50<\/td>\n<td>380\/3\/50<\/td>\n<td>380\/3\/50<\/td>\n<td>V\/Ph\/Hz<\/td>\n<\/tr>\n<tr>\n<td>Pr\u00e9cision du contr\u00f4le de la temp\u00e9rature<\/td>\n<td>\u00b11<\/td>\n<td>\u00b11<\/td>\n<td>\u00b11<\/td>\n<td>\u00baC<\/td>\n<\/tr>\n<tr>\n<td>Puissance de chauffage \u00e9lectrique<\/td>\n<td>6<\/td>\n<td>6<\/td>\n<td>12<\/td>\n<td>Kw<\/td>\n<\/tr>\n<tr>\n<td>Contr\u00f4leur<\/td>\n<td colspan=\"4\">Micro-ordinateur \u00e0 puce unique\/PLC+\u00e9cran de contr\u00f4le couleur<\/td>\n<\/tr>\n<tr>\n<td>Niveau sonore<\/td>\n<td>\u226475<\/td>\n<td>\u226475<\/td>\n<td>\u226475<\/td>\n<td>dB(A)<\/td>\n<\/tr>\n<tr>\n<td>Capacit\u00e9<\/td>\n<td>100-200<\/td>\n<td>300-700<\/td>\n<td>800-1500<\/td>\n<td>Kg<\/td>\n<\/tr>\n<tr>\n<td>Capacit\u00e9 de d\u00e9shydratation<\/td>\n<td>9<\/td>\n<td>21<\/td>\n<td>43<\/td>\n<td>Kg\/h(=50\u00baC,80%)<\/td>\n<\/tr>\n<\/tbody>\n<\/table>\n\n<div class=\"wpcf7 no-js\" id=\"wpcf7-f12-o1\" lang=\"en-US\" dir=\"ltr\" data-wpcf7-id=\"12\">\n<div class=\"screen-reader-response\"><p role=\"status\" aria-live=\"polite\" aria-atomic=\"true\"><\/p> <ul><\/ul><\/div>\n<form action=\"\/fr\/wp-json\/wp\/v2\/product\/1750#wpcf7-f12-o1\" method=\"post\" class=\"wpcf7-form init\" aria-label=\"Formulaire de contact\" novalidate=\"novalidate\" data-status=\"init\" data-trp-original-action=\"\/fr\/wp-json\/wp\/v2\/product\/1750#wpcf7-f12-o1\">\n<fieldset class=\"hidden-fields-container\"><input type=\"hidden\" name=\"_wpcf7\" value=\"12\" \/><input type=\"hidden\" name=\"_wpcf7_version\" value=\"6.1.5\" \/><input type=\"hidden\" name=\"_wpcf7_locale\" value=\"en_US\" \/><input type=\"hidden\" name=\"_wpcf7_unit_tag\" value=\"wpcf7-f12-o1\" \/><input type=\"hidden\" name=\"_wpcf7_container_post\" value=\"0\" \/><input type=\"hidden\" name=\"_wpcf7_posted_data_hash\" value=\"\" \/>\n<\/fieldset>\n<div style='text-align: center;font-size: 30px;font-weight:bold;' class='pro-form'>\n\t<p>Laissez un message pour plus de d\u00e9tails et de prix\n\t<\/p>\n<\/div>\n<div style='width:50%;float:left'>\n\t<p><label> Votre nom<br \/>\n<span class=\"wpcf7-form-control-wrap\" data-name=\"your-name\"><input size=\"40\" maxlength=\"400\" class=\"wpcf7-form-control wpcf7-text\" aria-invalid=\"false\" value=\"\" type=\"text\" name=\"your-name\" \/><\/span> <\/label>\n\t<\/p>\n<\/div>\n<div style='width:50%;float:left'>\n\t<p><label> Votre pays<br \/>\n<span class=\"wpcf7-form-control-wrap\" data-name=\"text-899\"><input size=\"40\" maxlength=\"400\" class=\"wpcf7-form-control wpcf7-text\" aria-invalid=\"false\" value=\"\" type=\"text\" name=\"text-899\" \/><\/span> <\/label>\n\t<\/p>\n<\/div>\n<div style='clear:both'>\n<\/div>\n<div style='width:50%;float:left'>\n\t<p><label> *Votre email<br \/>\n<span class=\"wpcf7-form-control-wrap\" data-name=\"your-email\"><input size=\"40\" maxlength=\"400\" class=\"wpcf7-form-control wpcf7-email wpcf7-validates-as-required wpcf7-text wpcf7-validates-as-email\" aria-required=\"true\" aria-invalid=\"false\" value=\"\" type=\"email\" name=\"your-email\" \/><\/span> <\/label>\n\t<\/p>\n<\/div>\n<div style='width:50%;float:left'>\n\t<p><label> Votre t\u00e9l<br \/>\n<span class=\"wpcf7-form-control-wrap\" data-name=\"text-89\"><input size=\"40\" maxlength=\"400\" class=\"wpcf7-form-control wpcf7-text\" aria-invalid=\"false\" value=\"\" type=\"text\" name=\"text-89\" \/><\/span> <\/label>\n\t<\/p>\n<\/div>\n<div style='clear:both'>\n<\/div>\n<p><label> *Votre message<br \/>\n<span class=\"wpcf7-form-control-wrap\" data-name=\"your-message\"><textarea cols=\"40\" rows=\"10\" maxlength=\"2000\" class=\"wpcf7-form-control wpcf7-textarea wpcf7-validates-as-required\" aria-required=\"true\" aria-invalid=\"false\" name=\"your-message\"><\/textarea><\/span> <\/label>\n<\/p>\n<p><input class=\"wpcf7-form-control wpcf7-submit has-spinner\" type=\"submit\" value=\"Soumettre\" \/>\n<\/p><p style=\"display: none !important;\" class=\"akismet-fields-container\" data-prefix=\"_wpcf7_ak_\"><label>\u0394<textarea name=\"_wpcf7_ak_hp_textarea\" cols=\"45\" rows=\"8\" maxlength=\"100\"><\/textarea><\/label><input type=\"hidden\" id=\"ak_js_1\" name=\"_wpcf7_ak_js\" value=\"26\"\/><script>document.getElementById( \"ak_js_1\" ).setAttribute( \"value\", ( new Date() ).getTime() );<\/script><\/p><div class=\"wpcf7-response-output\" aria-hidden=\"true\"><\/div>\n<input type=\"hidden\" name=\"trp-form-language\" value=\"fr\"\/><\/form>\n<\/div>","protected":false},"excerpt":{"rendered":"<ul>\n<li>Ingr\u00e9dient : Oignon<\/li>\n<li>Produit fini : tranches d'oignon s\u00e9ch\u00e9, oignon s\u00e9ch\u00e9 hach\u00e9, flocons d'oignon s\u00e9ch\u00e9.<\/li>\n<li>La temp\u00e9rature peut \u00eatre contr\u00f4l\u00e9e avec pr\u00e9cision, ce qui permet de traiter des mat\u00e9riaux ayant des exigences diff\u00e9rentes en mati\u00e8re de temp\u00e9rature.<\/li>\n<li>Ligne de production compl\u00e8te de s\u00e9chage d'oignons en option.<\/li>\n<\/ul>","protected":false},"featured_media":1751,"comment_status":"open","ping_status":"closed","template":"","meta":{"site-sidebar-layout":"default","site-content-layout":"default","ast-main-header-display":"","ast-hfb-above-header-display":"","ast-hfb-below-header-display":"","ast-hfb-mobile-header-display":"","site-post-title":"","ast-breadcrumbs-content":"","ast-featured-img":"","footer-sml-layout":"","theme-transparent-header-meta":"default","adv-header-id-meta":"","stick-header-meta":"","header-above-stick-meta":"","header-main-stick-meta":"","header-below-stick-meta":"","yasr_overall_rating":4.5,"yasr_post_is_review":"","yasr_auto_insert_disabled":"","yasr_review_type":""},"product_brand":[],"product_cat":[36],"product_tag":[],"class_list":{"0":"post-1750","1":"product","2":"type-product","3":"status-publish","4":"has-post-thumbnail","6":"product_cat-dehydration-machine","8":"first","9":"instock","10":"shipping-taxable","11":"product-type-simple"},"yasr_visitor_votes":{"stars_attributes":{"read_only":false,"span_bottom":false},"number_of_votes":0,"sum_votes":0},"yoast_head":"<!-- This site is optimized with the Yoast SEO plugin v26.9 - https:\/\/yoast.com\/product\/yoast-seo-wordpress\/ -->\n<title>Commercial Onion Dehydration Machine Manufacturer- Heat Pump Drying<\/title>\n<meta name=\"description\" content=\"This onion dehydration machine adopts automatic temperature and humidity control system, which is widely praised by customers.\" \/>\n<meta name=\"robots\" content=\"index, follow, max-snippet:-1, max-image-preview:large, max-video-preview:-1\" \/>\n<link rel=\"canonical\" href=\"https:\/\/www.onionmachines.com\/fr\/produit\/onion-dehydration-machine\/\" \/>\n<meta property=\"og:locale\" content=\"fr_FR\" \/>\n<meta property=\"og:type\" content=\"article\" \/>\n<meta property=\"og:title\" content=\"Commercial Onion Dehydration Machine Manufacturer- Heat Pump Drying\" \/>\n<meta property=\"og:description\" content=\"This onion dehydration machine adopts automatic temperature and humidity control system, which is widely praised by customers.\" \/>\n<meta property=\"og:url\" content=\"https:\/\/www.onionmachines.com\/fr\/produit\/onion-dehydration-machine\/\" \/>\n<meta property=\"og:site_name\" content=\"Onion Processing Machine\" \/>\n<meta property=\"article:modified_time\" content=\"2025-09-09T05:57:06+00:00\" \/>\n<meta property=\"og:image\" content=\"https:\/\/www.onionmachines.com\/wp-content\/uploads\/2022\/05\/1-3.jpg\" \/>\n\t<meta property=\"og:image:width\" content=\"600\" \/>\n\t<meta property=\"og:image:height\" content=\"600\" \/>\n\t<meta property=\"og:image:type\" content=\"image\/jpeg\" \/>\n<meta name=\"twitter:card\" content=\"summary_large_image\" \/>\n<meta name=\"twitter:label1\" content=\"Dur\u00e9e de lecture estim\u00e9e\" \/>\n\t<meta name=\"twitter:data1\" content=\"3 minutes\" \/>\n<script type=\"application\/ld+json\" class=\"yoast-schema-graph\">{\"@context\":\"https:\/\/schema.org\",\"@graph\":[{\"@type\":\"WebPage\",\"@id\":\"https:\/\/www.onionmachines.com\/product\/onion-dehydration-machine\/\",\"url\":\"https:\/\/www.onionmachines.com\/product\/onion-dehydration-machine\/\",\"name\":\"Commercial Onion Dehydration Machine Manufacturer- Heat Pump Drying\",\"isPartOf\":{\"@id\":\"https:\/\/www.onionmachines.com\/#website\"},\"primaryImageOfPage\":{\"@id\":\"https:\/\/www.onionmachines.com\/product\/onion-dehydration-machine\/#primaryimage\"},\"image\":{\"@id\":\"https:\/\/www.onionmachines.com\/product\/onion-dehydration-machine\/#primaryimage\"},\"thumbnailUrl\":\"https:\/\/www.onionmachines.com\/wp-content\/uploads\/2022\/05\/1-3.jpg\",\"datePublished\":\"2022-05-17T02:28:32+00:00\",\"dateModified\":\"2025-09-09T05:57:06+00:00\",\"description\":\"This onion dehydration machine adopts automatic temperature and humidity control system, which is widely praised by customers.\",\"breadcrumb\":{\"@id\":\"https:\/\/www.onionmachines.com\/product\/onion-dehydration-machine\/#breadcrumb\"},\"inLanguage\":\"fr-FR\",\"potentialAction\":[{\"@type\":\"ReadAction\",\"target\":[\"https:\/\/www.onionmachines.com\/product\/onion-dehydration-machine\/\"]}]},{\"@type\":\"ImageObject\",\"inLanguage\":\"fr-FR\",\"@id\":\"https:\/\/www.onionmachines.com\/product\/onion-dehydration-machine\/#primaryimage\",\"url\":\"https:\/\/www.onionmachines.com\/wp-content\/uploads\/2022\/05\/1-3.jpg\",\"contentUrl\":\"https:\/\/www.onionmachines.com\/wp-content\/uploads\/2022\/05\/1-3.jpg\",\"width\":600,\"height\":600,\"caption\":\"onion dehydration machine\"},{\"@type\":\"BreadcrumbList\",\"@id\":\"https:\/\/www.onionmachines.com\/product\/onion-dehydration-machine\/#breadcrumb\",\"itemListElement\":[{\"@type\":\"ListItem\",\"position\":1,\"name\":\"Home\",\"item\":\"https:\/\/www.onionmachines.com\/\"},{\"@type\":\"ListItem\",\"position\":2,\"name\":\"Products\",\"item\":\"https:\/\/www.onionmachines.com\/products\/\"},{\"@type\":\"ListItem\",\"position\":3,\"name\":\"Commercial Onion Dehydration Machine Manufacturer- Heat Pump Drying\"}]},{\"@type\":\"WebSite\",\"@id\":\"https:\/\/www.onionmachines.com\/#website\",\"url\":\"https:\/\/www.onionmachines.com\/\",\"name\":\"Onion Processing Machine\",\"description\":\"Onion Machines Supplier\",\"potentialAction\":[{\"@type\":\"SearchAction\",\"target\":{\"@type\":\"EntryPoint\",\"urlTemplate\":\"https:\/\/www.onionmachines.com\/?s={search_term_string}\"},\"query-input\":{\"@type\":\"PropertyValueSpecification\",\"valueRequired\":true,\"valueName\":\"search_term_string\"}}],\"inLanguage\":\"fr-FR\"},false]}<\/script>\n<!-- \/ Yoast SEO plugin. -->","yoast_head_json":{"title":"Machine commerciale de d\u00e9shydratation d'oignons - S\u00e9chage par pompe \u00e0 chaleur","description":"Cette machine \u00e0 d\u00e9shydrater les oignons adopte un syst\u00e8me de contr\u00f4le automatique de la temp\u00e9rature et de l'humidit\u00e9, qui est largement pl\u00e9biscit\u00e9 par les clients.","robots":{"index":"index","follow":"follow","max-snippet":"max-snippet:-1","max-image-preview":"max-image-preview:large","max-video-preview":"max-video-preview:-1"},"canonical":"https:\/\/www.onionmachines.com\/fr\/produit\/onion-dehydration-machine\/","og_locale":"fr_FR","og_type":"article","og_title":"Commercial Onion Dehydration Machine Manufacturer- Heat Pump Drying","og_description":"This onion dehydration machine adopts automatic temperature and humidity control system, which is widely praised by customers.","og_url":"https:\/\/www.onionmachines.com\/fr\/produit\/onion-dehydration-machine\/","og_site_name":"Onion Processing Machine","article_modified_time":"2025-09-09T05:57:06+00:00","og_image":[{"width":600,"height":600,"url":"https:\/\/www.onionmachines.com\/wp-content\/uploads\/2022\/05\/1-3.jpg","type":"image\/jpeg"}],"twitter_card":"summary_large_image","twitter_misc":{"Dur\u00e9e de lecture estim\u00e9e":"3 minutes"},"schema":{"@context":"https:\/\/schema.org","@graph":[{"@type":"WebPage","@id":"https:\/\/www.onionmachines.com\/product\/onion-dehydration-machine\/","url":"https:\/\/www.onionmachines.com\/product\/onion-dehydration-machine\/","name":"Machine commerciale de d\u00e9shydratation d'oignons - S\u00e9chage par pompe \u00e0 chaleur","isPartOf":{"@id":"https:\/\/www.onionmachines.com\/#website"},"primaryImageOfPage":{"@id":"https:\/\/www.onionmachines.com\/product\/onion-dehydration-machine\/#primaryimage"},"image":{"@id":"https:\/\/www.onionmachines.com\/product\/onion-dehydration-machine\/#primaryimage"},"thumbnailUrl":"https:\/\/www.onionmachines.com\/wp-content\/uploads\/2022\/05\/1-3.jpg","datePublished":"2022-05-17T02:28:32+00:00","dateModified":"2025-09-09T05:57:06+00:00","description":"Cette machine \u00e0 d\u00e9shydrater les oignons adopte un syst\u00e8me de contr\u00f4le automatique de la temp\u00e9rature et de l'humidit\u00e9, qui est largement pl\u00e9biscit\u00e9 par les clients.","breadcrumb":{"@id":"https:\/\/www.onionmachines.com\/product\/onion-dehydration-machine\/#breadcrumb"},"inLanguage":"fr-FR","potentialAction":[{"@type":"ReadAction","target":["https:\/\/www.onionmachines.com\/product\/onion-dehydration-machine\/"]}]},{"@type":"ImageObject","inLanguage":"fr-FR","@id":"https:\/\/www.onionmachines.com\/product\/onion-dehydration-machine\/#primaryimage","url":"https:\/\/www.onionmachines.com\/wp-content\/uploads\/2022\/05\/1-3.jpg","contentUrl":"https:\/\/www.onionmachines.com\/wp-content\/uploads\/2022\/05\/1-3.jpg","width":600,"height":600,"caption":"onion dehydration machine"},{"@type":"BreadcrumbList","@id":"https:\/\/www.onionmachines.com\/product\/onion-dehydration-machine\/#breadcrumb","itemListElement":[{"@type":"ListItem","position":1,"name":"Home","item":"https:\/\/www.onionmachines.com\/"},{"@type":"ListItem","position":2,"name":"Products","item":"https:\/\/www.onionmachines.com\/products\/"},{"@type":"ListItem","position":3,"name":"Commercial Onion Dehydration Machine Manufacturer- Heat Pump Drying"}]},{"@type":"WebSite","@id":"https:\/\/www.onionmachines.com\/#website","url":"https:\/\/www.onionmachines.com\/","name":"Machine de traitement des oignons","description":"Machines \u00e0 oignons Fournisseur","potentialAction":[{"@type":"SearchAction","target":{"@type":"EntryPoint","urlTemplate":"https:\/\/www.onionmachines.com\/?s={search_term_string}"},"query-input":{"@type":"PropertyValueSpecification","valueRequired":true,"valueName":"search_term_string"}}],"inLanguage":"fr-FR"},false]}},"_links":{"self":[{"href":"https:\/\/www.onionmachines.com\/fr\/wp-json\/wp\/v2\/product\/1750","targetHints":{"allow":["GET"]}}],"collection":[{"href":"https:\/\/www.onionmachines.com\/fr\/wp-json\/wp\/v2\/product"}],"about":[{"href":"https:\/\/www.onionmachines.com\/fr\/wp-json\/wp\/v2\/types\/product"}],"replies":[{"embeddable":true,"href":"https:\/\/www.onionmachines.com\/fr\/wp-json\/wp\/v2\/comments?post=1750"}],"wp:featuredmedia":[{"embeddable":true,"href":"https:\/\/www.onionmachines.com\/fr\/wp-json\/wp\/v2\/media\/1751"}],"wp:attachment":[{"href":"https:\/\/www.onionmachines.com\/fr\/wp-json\/wp\/v2\/media?parent=1750"}],"wp:term":[{"taxonomy":"product_brand","embeddable":true,"href":"https:\/\/www.onionmachines.com\/fr\/wp-json\/wp\/v2\/product_brand?post=1750"},{"taxonomy":"product_cat","embeddable":true,"href":"https:\/\/www.onionmachines.com\/fr\/wp-json\/wp\/v2\/product_cat?post=1750"},{"taxonomy":"product_tag","embeddable":true,"href":"https:\/\/www.onionmachines.com\/fr\/wp-json\/wp\/v2\/product_tag?post=1750"}],"curies":[{"name":"wp","href":"https:\/\/api.w.org\/{rel}","templated":true}]}}