{"id":1744,"date":"2022-05-17T01:52:39","date_gmt":"2022-05-17T01:52:39","guid":{"rendered":"https:\/\/www.onionmachines.com\/?post_type=product&#038;p=1744"},"modified":"2025-09-09T14:00:08","modified_gmt":"2025-09-09T06:00:08","slug":"onion-frying-machine-pakistan","status":"publish","type":"product","link":"https:\/\/www.onionmachines.com\/fr\/produit\/onion-frying-machine-pakistan\/","title":{"rendered":"Machine \u00e0 frire les oignons \u00e0 contr\u00f4le automatique de la temp\u00e9rature au Pakistan"},"content":{"rendered":"<p>Cette machine automatique \u00e0 frire les oignons est facile \u00e0 utiliser, a un faible taux d'\u00e9chec, peut r\u00e9aliser une production automatique et \u00e9conomiser beaucoup de travail. La capacit\u00e9 de traitement de cette machine \u00e0 oignons est de 100kg\/h-1000kg\/h, ce qui convient aux entreprises de diff\u00e9rentes tailles et est \u00e9galement une machine couramment utilis\u00e9e dans les usines de traitement de friture. Les oignons frits sont pleins de couleur, d'ar\u00f4me et de bonne qualit\u00e9.<\/p>\n<ul>\n<li>Ingr\u00e9dient : Oignon<\/li>\n<li>Produits finis : rondelles d'oignon, oignon hach\u00e9 frit, tranches d'oignon frit<\/li>\n<li>Avantages : degr\u00e9 \u00e9lev\u00e9 d'automatisation, possibilit\u00e9 de r\u00e9duire les co\u00fbts de main-d'\u0153uvre, possibilit\u00e9 de personnalisation<\/li>\n<li>Application : Peut frire tous les aliments qui peuvent \u00eatre frits.<\/li>\n<\/ul>\n<h2><img loading=\"lazy\" decoding=\"async\" class=\"alignnone size-full wp-image-1749\" src=\"https:\/\/www.onionmachines.com\/wp-content\/uploads\/2022\/05\/5-2.jpg\" alt=\"machine automatique \u00e0 frire les oignons d\u00e9tails\" width=\"800\" height=\"500\" srcset=\"https:\/\/www.onionmachines.com\/wp-content\/uploads\/2022\/05\/5-2.jpg 800w, https:\/\/www.onionmachines.com\/wp-content\/uploads\/2022\/05\/5-2-300x188.jpg 300w, https:\/\/www.onionmachines.com\/wp-content\/uploads\/2022\/05\/5-2-768x480.jpg 768w, https:\/\/www.onionmachines.com\/wp-content\/uploads\/2022\/05\/5-2-600x375.jpg 600w\" sizes=\"auto, (max-width: 800px) 100vw, 800px\" \/><\/h2>\n<h2><strong><b>Faits marquants <\/b><\/strong><strong><b>Machine automatique \u00e0 frire les oignons<\/b><\/strong><\/h2>\n<ul>\n<li>Cette machine \u00e0 frire les oignons est une friteuse ronde dont le corps principal est en acier inoxydable sus304.<\/li>\n<li>Cette machine peut assurer les fonctions d'alimentation automatique, de d\u00e9chargement automatique, de contr\u00f4le automatique de la temp\u00e9rature et de filtrage automatique.<\/li>\n<li>avec une vari\u00e9t\u00e9 de m\u00e9thodes de chauffage : chauffage \u00e9lectrique, chauffage au gaz, etc.<\/li>\n<li>La qualit\u00e9 et le go\u00fbt des oignons frits sont tous bons, et l'aspect est propre, beau et sain.<\/li>\n<li>\u00c9quip\u00e9 d'une hotte, d'un syst\u00e8me de levage, d'un syst\u00e8me d'\u00e9vacuation des fum\u00e9es, etc.<\/li>\n<li>Souvent utilis\u00e9 avec un d\u00e9shuileur d'oignon.<\/li>\n<li>Le diam\u00e8tre de l'\u00e9quipement de friture d'oignons peut \u00eatre personnalis\u00e9 en fonction des besoins du client.<\/li>\n<\/ul>\n<h2><strong><b>Points de fonctionnement<\/b><\/strong><\/h2>\n<ol>\n<li>Connecter l'alimentation au commutateur et v\u00e9rifier l'int\u00e9grit\u00e9 du cordon d'alimentation.<\/li>\n<li>Ajouter de l'eau dans la friteuse jusqu'\u00e0 un tiers de la fen\u00eatre huile-eau.<\/li>\n<li>Ajoutez l'huile n\u00e9cessaire pour faire frire les aliments dans la friteuse \u00e0 oignons jusqu'\u00e0 100 mm au-dessus de la machine \u00e0 frire les oignons.<\/li>\n<li>Allumez l'interrupteur de chauffage \u00e9lectrique si vous utilisez l'\u00e9lectricit\u00e9, et l'interrupteur de chauffage au gaz si vous utilisez le gaz. \u00c0 ce moment-l\u00e0, la temp\u00e9rature de la friteuse doit \u00eatre r\u00e9gl\u00e9e \u00e0 environ 150 degr\u00e9s, puis commencer \u00e0 chauffer.<\/li>\n<li>Lorsque la temp\u00e9rature de l'huile atteint la temp\u00e9rature d\u00e9finie, versez les oignons et commencez \u00e0 remuer et \u00e0 faire frire. Une fois le produit frit, faites une pause, \u00e9gouttez l'huile, puis versez le produit dans l'\u00e9tape suivante.<\/li>\n<\/ol>\n<h2><iframe loading=\"lazy\" title=\"Lecteur vid\u00e9o YouTube\" src=\"https:\/\/www.youtube.com\/embed\/fA5exDdiFKc\" width=\"850\" height=\"475.5\" frameborder=\"0\" allowfullscreen=\"allowfullscreen\"><span data-mce-type=\"bookmark\" style=\"display: inline-block; width: 0px; overflow: hidden; line-height: 0;\" class=\"mce_SELRES_start\"><\/span><\/iframe><\/h2>\n<h2><strong><b>Machine \u00e0 frire les oignons au Pakistan<\/b><\/strong><\/h2>\n<p>Cette machine \u00e0 oignons frits est tr\u00e8s populaire aupr\u00e8s des clients pakistanais. Nos clients pakistanais disent : Cette friteuse les aide \u00e0 mieux frire les oignons, non seulement en termes d'efficacit\u00e9, mais surtout en termes de r\u00e9duction des co\u00fbts de production.<\/p>\n<p>Comme nous savons que le Pakistan est riche en oignons, cette machine peut les aider \u00e0 mieux mener leurs activit\u00e9s de friture d'oignons. En outre, nous pouvons \u00e9galement fournir des solutions pour des lignes de production compl\u00e8tes de friture d'oignons.<\/p>\n<p>Si vous souhaitez obtenir un devis pour cette machine automatique \u00e0 frire les oignons, vous pouvez nous laisser un message et nous vous enverrons le devis d\u00e8s que possible.<\/p>\n<h2>PARAM\u00c8TRES TECHNIQUES<\/h2>\n<table border=\"0\" cellspacing=\"0\">\n<tbody>\n<tr>\n<td nowrap=\"nowrap\">Mod\u00e8le<\/td>\n<td>Profondeur du diam\u00e8tre de la po\u00eale \u00e0 frire (MM)<\/td>\n<td>Puissance d'agitation (KW)<\/td>\n<td>Puissance de levage (KW)<\/td>\n<td nowrap=\"nowrap\">Puissance de chauffage<\/td>\n<td nowrap=\"nowrap\">Dimension(MM)<\/td>\n<\/tr>\n<tr>\n<td nowrap=\"nowrap\">GGYZG1000A<\/td>\n<td nowrap=\"nowrap\">400<\/td>\n<td nowrap=\"nowrap\">0.37<\/td>\n<td nowrap=\"nowrap\">1.1<\/td>\n<td nowrap=\"nowrap\">15KW<\/td>\n<td nowrap=\"nowrap\">1900*1800*1770<\/td>\n<\/tr>\n<tr>\n<td nowrap=\"nowrap\">GGYZG1200A<\/td>\n<td nowrap=\"nowrap\">400<\/td>\n<td nowrap=\"nowrap\">0.37<\/td>\n<td nowrap=\"nowrap\">1.1<\/td>\n<td nowrap=\"nowrap\">20KW<\/td>\n<td>2100*2000*1770<\/td>\n<\/tr>\n<tr>\n<td nowrap=\"nowrap\">GGYZG1500A<\/td>\n<td nowrap=\"nowrap\">400<\/td>\n<td nowrap=\"nowrap\">0.37<\/td>\n<td nowrap=\"nowrap\">1.1<\/td>\n<td nowrap=\"nowrap\">20KW<\/td>\n<td>2300*2200*1770<\/td>\n<\/tr>\n<tr>\n<td nowrap=\"nowrap\">GGYZE1000A<\/td>\n<td nowrap=\"nowrap\">400<\/td>\n<td nowrap=\"nowrap\">0.37<\/td>\n<td nowrap=\"nowrap\">1.1<\/td>\n<td nowrap=\"nowrap\">36KW<\/td>\n<td nowrap=\"nowrap\">1650*1250*1550<\/td>\n<\/tr>\n<tr>\n<td nowrap=\"nowrap\">GGYZE1200A<\/td>\n<td nowrap=\"nowrap\">400<\/td>\n<td nowrap=\"nowrap\">0.37<\/td>\n<td nowrap=\"nowrap\">1.1<\/td>\n<td nowrap=\"nowrap\">48KW<\/td>\n<td nowrap=\"nowrap\">1850*1450*1500<\/td>\n<\/tr>\n<tr>\n<td nowrap=\"nowrap\">GGYZE1500A<\/td>\n<td nowrap=\"nowrap\">400<\/td>\n<td nowrap=\"nowrap\">0.37<\/td>\n<td nowrap=\"nowrap\">1.1<\/td>\n<td nowrap=\"nowrap\">60KW<\/td>\n<td nowrap=\"nowrap\">2150*1750*1550<\/td>\n<\/tr>\n<\/tbody>\n<\/table>\n\n<div class=\"wpcf7 no-js\" id=\"wpcf7-f12-o1\" lang=\"en-US\" dir=\"ltr\" data-wpcf7-id=\"12\">\n<div class=\"screen-reader-response\"><p role=\"status\" aria-live=\"polite\" aria-atomic=\"true\"><\/p> <ul><\/ul><\/div>\n<form action=\"\/fr\/wp-json\/wp\/v2\/product\/1744#wpcf7-f12-o1\" method=\"post\" class=\"wpcf7-form init\" aria-label=\"Formulaire de contact\" novalidate=\"novalidate\" data-status=\"init\" data-trp-original-action=\"\/fr\/wp-json\/wp\/v2\/product\/1744#wpcf7-f12-o1\">\n<fieldset class=\"hidden-fields-container\"><input type=\"hidden\" name=\"_wpcf7\" value=\"12\" \/><input type=\"hidden\" name=\"_wpcf7_version\" value=\"6.1.5\" \/><input type=\"hidden\" name=\"_wpcf7_locale\" value=\"en_US\" \/><input type=\"hidden\" name=\"_wpcf7_unit_tag\" value=\"wpcf7-f12-o1\" \/><input type=\"hidden\" name=\"_wpcf7_container_post\" value=\"0\" \/><input type=\"hidden\" name=\"_wpcf7_posted_data_hash\" value=\"\" \/>\n<\/fieldset>\n<div style='text-align: center;font-size: 30px;font-weight:bold;' class='pro-form'>\n\t<p>Laissez un message pour plus de d\u00e9tails et de prix\n\t<\/p>\n<\/div>\n<div style='width:50%;float:left'>\n\t<p><label> Votre nom<br \/>\n<span class=\"wpcf7-form-control-wrap\" data-name=\"your-name\"><input size=\"40\" maxlength=\"400\" class=\"wpcf7-form-control wpcf7-text\" aria-invalid=\"false\" value=\"\" type=\"text\" name=\"your-name\" \/><\/span> <\/label>\n\t<\/p>\n<\/div>\n<div style='width:50%;float:left'>\n\t<p><label> Votre pays<br \/>\n<span class=\"wpcf7-form-control-wrap\" data-name=\"text-899\"><input size=\"40\" maxlength=\"400\" class=\"wpcf7-form-control wpcf7-text\" aria-invalid=\"false\" value=\"\" type=\"text\" name=\"text-899\" \/><\/span> <\/label>\n\t<\/p>\n<\/div>\n<div style='clear:both'>\n<\/div>\n<div style='width:50%;float:left'>\n\t<p><label> *Votre email<br \/>\n<span class=\"wpcf7-form-control-wrap\" data-name=\"your-email\"><input size=\"40\" maxlength=\"400\" class=\"wpcf7-form-control wpcf7-email wpcf7-validates-as-required wpcf7-text wpcf7-validates-as-email\" aria-required=\"true\" aria-invalid=\"false\" value=\"\" type=\"email\" name=\"your-email\" \/><\/span> <\/label>\n\t<\/p>\n<\/div>\n<div style='width:50%;float:left'>\n\t<p><label> Votre t\u00e9l<br \/>\n<span class=\"wpcf7-form-control-wrap\" data-name=\"text-89\"><input size=\"40\" maxlength=\"400\" class=\"wpcf7-form-control wpcf7-text\" aria-invalid=\"false\" value=\"\" type=\"text\" name=\"text-89\" \/><\/span> <\/label>\n\t<\/p>\n<\/div>\n<div style='clear:both'>\n<\/div>\n<p><label> *Votre message<br \/>\n<span class=\"wpcf7-form-control-wrap\" data-name=\"your-message\"><textarea cols=\"40\" rows=\"10\" maxlength=\"2000\" class=\"wpcf7-form-control wpcf7-textarea wpcf7-validates-as-required\" aria-required=\"true\" aria-invalid=\"false\" name=\"your-message\"><\/textarea><\/span> <\/label>\n<\/p>\n<p><input class=\"wpcf7-form-control wpcf7-submit has-spinner\" type=\"submit\" value=\"Soumettre\" \/>\n<\/p><p style=\"display: none !important;\" class=\"akismet-fields-container\" data-prefix=\"_wpcf7_ak_\"><label>\u0394<textarea name=\"_wpcf7_ak_hp_textarea\" cols=\"45\" rows=\"8\" maxlength=\"100\"><\/textarea><\/label><input type=\"hidden\" id=\"ak_js_1\" name=\"_wpcf7_ak_js\" value=\"22\"\/><script>document.getElementById( \"ak_js_1\" ).setAttribute( \"value\", ( new Date() ).getTime() );<\/script><\/p><div class=\"wpcf7-response-output\" aria-hidden=\"true\"><\/div>\n<input type=\"hidden\" name=\"trp-form-language\" value=\"fr\"\/><\/form>\n<\/div>","protected":false},"excerpt":{"rendered":"<ul>\n<li>Ingr\u00e9dient : Oignon<\/li>\n<li>Produits finis : rondelles d'oignon, oignon hach\u00e9 frit, tranches d'oignon frit<\/li>\n<li>Avantages : degr\u00e9 \u00e9lev\u00e9 d'automatisation, possibilit\u00e9 de r\u00e9duire les co\u00fbts de main-d'\u0153uvre, possibilit\u00e9 de personnalisation<\/li>\n<li>Application : Peut frire tous les aliments qui peuvent \u00eatre frits.<\/li>\n<\/ul>","protected":false},"featured_media":1745,"comment_status":"open","ping_status":"closed","template":"","meta":{"site-sidebar-layout":"default","site-content-layout":"default","ast-main-header-display":"","ast-hfb-above-header-display":"","ast-hfb-below-header-display":"","ast-hfb-mobile-header-display":"","site-post-title":"","ast-breadcrumbs-content":"","ast-featured-img":"","footer-sml-layout":"","theme-transparent-header-meta":"default","adv-header-id-meta":"","stick-header-meta":"","header-above-stick-meta":"","header-main-stick-meta":"","header-below-stick-meta":"","yasr_overall_rating":4.6,"yasr_post_is_review":"","yasr_auto_insert_disabled":"","yasr_review_type":""},"product_brand":[],"product_cat":[32],"product_tag":[],"class_list":{"0":"post-1744","1":"product","2":"type-product","3":"status-publish","4":"has-post-thumbnail","6":"product_cat-frying-machine","8":"first","9":"instock","10":"featured","11":"shipping-taxable","12":"product-type-simple"},"yasr_visitor_votes":{"stars_attributes":{"read_only":false,"span_bottom":false},"number_of_votes":0,"sum_votes":0},"yoast_head":"<!-- This site is optimized with the Yoast SEO plugin v26.9 - https:\/\/yoast.com\/product\/yoast-seo-wordpress\/ -->\n<title>Automatic Temperature Control Onion Frying Machine In Pakistan -<\/title>\n<meta name=\"description\" content=\"This automatic onion frying machine has the functions of automatic discharging, automatic stirring and automatic oil control.\" \/>\n<meta name=\"robots\" content=\"index, follow, max-snippet:-1, max-image-preview:large, max-video-preview:-1\" \/>\n<link rel=\"canonical\" href=\"https:\/\/www.onionmachines.com\/fr\/produit\/onion-frying-machine-pakistan\/\" \/>\n<meta property=\"og:locale\" content=\"fr_FR\" \/>\n<meta property=\"og:type\" content=\"article\" \/>\n<meta property=\"og:title\" content=\"Automatic Temperature Control Onion Frying Machine In Pakistan -\" \/>\n<meta property=\"og:description\" content=\"This automatic onion frying machine has the functions of automatic discharging, automatic stirring and automatic oil control.\" \/>\n<meta property=\"og:url\" content=\"https:\/\/www.onionmachines.com\/fr\/produit\/onion-frying-machine-pakistan\/\" \/>\n<meta property=\"og:site_name\" content=\"Onion Processing Machine\" \/>\n<meta property=\"article:modified_time\" content=\"2025-09-09T06:00:08+00:00\" \/>\n<meta property=\"og:image\" content=\"https:\/\/www.onionmachines.com\/wp-content\/uploads\/2022\/05\/1-2.jpg\" \/>\n\t<meta property=\"og:image:width\" content=\"600\" \/>\n\t<meta property=\"og:image:height\" content=\"600\" \/>\n\t<meta property=\"og:image:type\" content=\"image\/jpeg\" \/>\n<meta name=\"twitter:card\" content=\"summary_large_image\" \/>\n<meta name=\"twitter:label1\" content=\"Dur\u00e9e de lecture estim\u00e9e\" \/>\n\t<meta name=\"twitter:data1\" content=\"3 minutes\" \/>\n<script type=\"application\/ld+json\" class=\"yoast-schema-graph\">{\"@context\":\"https:\/\/schema.org\",\"@graph\":[{\"@type\":\"WebPage\",\"@id\":\"https:\/\/www.onionmachines.com\/product\/onion-frying-machine-pakistan\/\",\"url\":\"https:\/\/www.onionmachines.com\/product\/onion-frying-machine-pakistan\/\",\"name\":\"Automatic Temperature Control Onion Frying Machine In Pakistan -\",\"isPartOf\":{\"@id\":\"https:\/\/www.onionmachines.com\/#website\"},\"primaryImageOfPage\":{\"@id\":\"https:\/\/www.onionmachines.com\/product\/onion-frying-machine-pakistan\/#primaryimage\"},\"image\":{\"@id\":\"https:\/\/www.onionmachines.com\/product\/onion-frying-machine-pakistan\/#primaryimage\"},\"thumbnailUrl\":\"https:\/\/www.onionmachines.com\/wp-content\/uploads\/2022\/05\/1-2.jpg\",\"datePublished\":\"2022-05-17T01:52:39+00:00\",\"dateModified\":\"2025-09-09T06:00:08+00:00\",\"description\":\"This automatic onion frying machine has the functions of automatic discharging, automatic stirring and automatic oil control.\",\"breadcrumb\":{\"@id\":\"https:\/\/www.onionmachines.com\/product\/onion-frying-machine-pakistan\/#breadcrumb\"},\"inLanguage\":\"fr-FR\",\"potentialAction\":[{\"@type\":\"ReadAction\",\"target\":[\"https:\/\/www.onionmachines.com\/product\/onion-frying-machine-pakistan\/\"]}]},{\"@type\":\"ImageObject\",\"inLanguage\":\"fr-FR\",\"@id\":\"https:\/\/www.onionmachines.com\/product\/onion-frying-machine-pakistan\/#primaryimage\",\"url\":\"https:\/\/www.onionmachines.com\/wp-content\/uploads\/2022\/05\/1-2.jpg\",\"contentUrl\":\"https:\/\/www.onionmachines.com\/wp-content\/uploads\/2022\/05\/1-2.jpg\",\"width\":600,\"height\":600,\"caption\":\"automatic onion frying machine\"},{\"@type\":\"BreadcrumbList\",\"@id\":\"https:\/\/www.onionmachines.com\/product\/onion-frying-machine-pakistan\/#breadcrumb\",\"itemListElement\":[{\"@type\":\"ListItem\",\"position\":1,\"name\":\"Home\",\"item\":\"https:\/\/www.onionmachines.com\/\"},{\"@type\":\"ListItem\",\"position\":2,\"name\":\"Products\",\"item\":\"https:\/\/www.onionmachines.com\/products\/\"},{\"@type\":\"ListItem\",\"position\":3,\"name\":\"Automatic Temperature Control Onion Frying Machine In Pakistan\"}]},{\"@type\":\"WebSite\",\"@id\":\"https:\/\/www.onionmachines.com\/#website\",\"url\":\"https:\/\/www.onionmachines.com\/\",\"name\":\"Onion Processing Machine\",\"description\":\"Onion Machines Supplier\",\"potentialAction\":[{\"@type\":\"SearchAction\",\"target\":{\"@type\":\"EntryPoint\",\"urlTemplate\":\"https:\/\/www.onionmachines.com\/?s={search_term_string}\"},\"query-input\":{\"@type\":\"PropertyValueSpecification\",\"valueRequired\":true,\"valueName\":\"search_term_string\"}}],\"inLanguage\":\"fr-FR\"},false]}<\/script>\n<!-- \/ Yoast SEO plugin. -->","yoast_head_json":{"title":"Machine \u00e0 frire les oignons \u00e0 contr\u00f4le automatique de la temp\u00e9rature au Pakistan","description":"Cette machine automatique \u00e0 frire les oignons poss\u00e8de les fonctions de d\u00e9chargement automatique, de brassage automatique et de contr\u00f4le automatique de l'huile.","robots":{"index":"index","follow":"follow","max-snippet":"max-snippet:-1","max-image-preview":"max-image-preview:large","max-video-preview":"max-video-preview:-1"},"canonical":"https:\/\/www.onionmachines.com\/fr\/produit\/onion-frying-machine-pakistan\/","og_locale":"fr_FR","og_type":"article","og_title":"Automatic Temperature Control Onion Frying Machine In Pakistan -","og_description":"This automatic onion frying machine has the functions of automatic discharging, automatic stirring and automatic oil control.","og_url":"https:\/\/www.onionmachines.com\/fr\/produit\/onion-frying-machine-pakistan\/","og_site_name":"Onion Processing Machine","article_modified_time":"2025-09-09T06:00:08+00:00","og_image":[{"width":600,"height":600,"url":"https:\/\/www.onionmachines.com\/wp-content\/uploads\/2022\/05\/1-2.jpg","type":"image\/jpeg"}],"twitter_card":"summary_large_image","twitter_misc":{"Dur\u00e9e de lecture estim\u00e9e":"3 minutes"},"schema":{"@context":"https:\/\/schema.org","@graph":[{"@type":"WebPage","@id":"https:\/\/www.onionmachines.com\/product\/onion-frying-machine-pakistan\/","url":"https:\/\/www.onionmachines.com\/product\/onion-frying-machine-pakistan\/","name":"Machine \u00e0 frire les oignons \u00e0 contr\u00f4le automatique de la temp\u00e9rature au Pakistan","isPartOf":{"@id":"https:\/\/www.onionmachines.com\/#website"},"primaryImageOfPage":{"@id":"https:\/\/www.onionmachines.com\/product\/onion-frying-machine-pakistan\/#primaryimage"},"image":{"@id":"https:\/\/www.onionmachines.com\/product\/onion-frying-machine-pakistan\/#primaryimage"},"thumbnailUrl":"https:\/\/www.onionmachines.com\/wp-content\/uploads\/2022\/05\/1-2.jpg","datePublished":"2022-05-17T01:52:39+00:00","dateModified":"2025-09-09T06:00:08+00:00","description":"Cette machine automatique \u00e0 frire les oignons poss\u00e8de les fonctions de d\u00e9chargement automatique, de brassage automatique et de contr\u00f4le automatique de l'huile.","breadcrumb":{"@id":"https:\/\/www.onionmachines.com\/product\/onion-frying-machine-pakistan\/#breadcrumb"},"inLanguage":"fr-FR","potentialAction":[{"@type":"ReadAction","target":["https:\/\/www.onionmachines.com\/product\/onion-frying-machine-pakistan\/"]}]},{"@type":"ImageObject","inLanguage":"fr-FR","@id":"https:\/\/www.onionmachines.com\/product\/onion-frying-machine-pakistan\/#primaryimage","url":"https:\/\/www.onionmachines.com\/wp-content\/uploads\/2022\/05\/1-2.jpg","contentUrl":"https:\/\/www.onionmachines.com\/wp-content\/uploads\/2022\/05\/1-2.jpg","width":600,"height":600,"caption":"automatic onion frying machine"},{"@type":"BreadcrumbList","@id":"https:\/\/www.onionmachines.com\/product\/onion-frying-machine-pakistan\/#breadcrumb","itemListElement":[{"@type":"ListItem","position":1,"name":"Home","item":"https:\/\/www.onionmachines.com\/"},{"@type":"ListItem","position":2,"name":"Products","item":"https:\/\/www.onionmachines.com\/products\/"},{"@type":"ListItem","position":3,"name":"Automatic Temperature Control Onion Frying Machine In Pakistan"}]},{"@type":"WebSite","@id":"https:\/\/www.onionmachines.com\/#website","url":"https:\/\/www.onionmachines.com\/","name":"Machine de traitement des oignons","description":"Machines \u00e0 oignons Fournisseur","potentialAction":[{"@type":"SearchAction","target":{"@type":"EntryPoint","urlTemplate":"https:\/\/www.onionmachines.com\/?s={search_term_string}"},"query-input":{"@type":"PropertyValueSpecification","valueRequired":true,"valueName":"search_term_string"}}],"inLanguage":"fr-FR"},false]}},"_links":{"self":[{"href":"https:\/\/www.onionmachines.com\/fr\/wp-json\/wp\/v2\/product\/1744","targetHints":{"allow":["GET"]}}],"collection":[{"href":"https:\/\/www.onionmachines.com\/fr\/wp-json\/wp\/v2\/product"}],"about":[{"href":"https:\/\/www.onionmachines.com\/fr\/wp-json\/wp\/v2\/types\/product"}],"replies":[{"embeddable":true,"href":"https:\/\/www.onionmachines.com\/fr\/wp-json\/wp\/v2\/comments?post=1744"}],"wp:featuredmedia":[{"embeddable":true,"href":"https:\/\/www.onionmachines.com\/fr\/wp-json\/wp\/v2\/media\/1745"}],"wp:attachment":[{"href":"https:\/\/www.onionmachines.com\/fr\/wp-json\/wp\/v2\/media?parent=1744"}],"wp:term":[{"taxonomy":"product_brand","embeddable":true,"href":"https:\/\/www.onionmachines.com\/fr\/wp-json\/wp\/v2\/product_brand?post=1744"},{"taxonomy":"product_cat","embeddable":true,"href":"https:\/\/www.onionmachines.com\/fr\/wp-json\/wp\/v2\/product_cat?post=1744"},{"taxonomy":"product_tag","embeddable":true,"href":"https:\/\/www.onionmachines.com\/fr\/wp-json\/wp\/v2\/product_tag?post=1744"}],"curies":[{"name":"wp","href":"https:\/\/api.w.org\/{rel}","templated":true}]}}