{"id":1738,"date":"2022-05-16T10:35:57","date_gmt":"2022-05-16T10:35:57","guid":{"rendered":"https:\/\/www.onionmachines.com\/?post_type=product&#038;p=1738"},"modified":"2025-09-22T17:07:00","modified_gmt":"2025-09-22T09:07:00","slug":"onion-flakes-frying-machine","status":"publish","type":"product","link":"https:\/\/www.onionmachines.com\/fr\/produit\/onion-flakes-frying-machine\/","title":{"rendered":"Machine \u00e0 fabriquer des flocons d'oignons croustillants pour les entreprises"},"content":{"rendered":"<p>Cette machine \u00e0 frire les flocons d'oignon est fabriqu\u00e9e en acier inoxydable 304. La dur\u00e9e et la temp\u00e9rature de friture, le contr\u00f4le du niveau d'huile et le nettoyage de la friture peuvent \u00eatre contr\u00f4l\u00e9s automatiquement. La machine \u00e0 frire les flocons d'oignon peut remuer automatiquement, ce qui peut emp\u00eacher efficacement le produit de flotter. Apr\u00e8s la friture, elle peut \u00eatre d\u00e9charg\u00e9e automatiquement. En outre, cette machine est souvent utilis\u00e9e avec un d\u00e9shuileur, et la m\u00e9thode de chauffage peut \u00eatre personnalis\u00e9e en fonction des besoins du client.<\/p>\n<ul>\n<li>Mat\u00e9riau de la machine : Acier inoxydable 304<\/li>\n<li>Capacit\u00e9 de traitement : 100kg\/h-800kg\/h<\/li>\n<li>M\u00e9thode de chauffage : chauffage \u00e9lectrique, chauffage au gaz, etc.<\/li>\n<li>M\u00e9thode de d\u00e9chargement : d\u00e9chargement automatique<\/li>\n<li>Le diam\u00e8tre du pot rond : 800 mm, 1000 mm, peut \u00eatre personnalis\u00e9 en fonction des besoins du client.<\/li>\n<\/ul>\n<h2><img loading=\"lazy\" decoding=\"async\" class=\"alignnone size-full wp-image-1743\" src=\"https:\/\/www.onionmachines.com\/wp-content\/uploads\/2022\/05\/5-1.jpg\" alt=\"d\u00e9tails de la machine \u00e0 frire les flocons d&#039;oignon \" width=\"800\" height=\"500\" srcset=\"https:\/\/www.onionmachines.com\/wp-content\/uploads\/2022\/05\/5-1.jpg 800w, https:\/\/www.onionmachines.com\/wp-content\/uploads\/2022\/05\/5-1-300x188.jpg 300w, https:\/\/www.onionmachines.com\/wp-content\/uploads\/2022\/05\/5-1-768x480.jpg 768w, https:\/\/www.onionmachines.com\/wp-content\/uploads\/2022\/05\/5-1-600x375.jpg 600w\" sizes=\"auto, (max-width: 800px) 100vw, 800px\" \/><\/h2>\n<h2><strong><b>Caract\u00e9ristiques<\/b><\/strong><strong><b>\u00a0Machine \u00e0 frire les flocons d'oignon<\/b><\/strong><\/h2>\n<ol>\n<li>La temp\u00e9rature de l'huile est contr\u00f4l\u00e9e automatiquement tout au long du processus, et la temp\u00e9rature peut \u00eatre r\u00e9gl\u00e9e \u00e0 volont\u00e9 de 0 \u00e0 230 degr\u00e9s, ce qui convient \u00e0 la friture d'aliments ayant des exigences technologiques vari\u00e9es.<\/li>\n<li>Il y a une bo\u00eete de distribution ind\u00e9pendante, facile \u00e0 utiliser.<\/li>\n<li>Les r\u00e9sidus alimentaires produits lors du processus de friture peuvent descendre dans l'entonnoir inf\u00e9rieur gr\u00e2ce \u00e0 la filtration de l'eau et \u00eatre \u00e9vacu\u00e9s par la sortie des eaux us\u00e9es.<\/li>\n<li>\u00c9quip\u00e9 d'une couche d'isolation thermique, il a un bon effet d'isolation thermique et un taux \u00e9lev\u00e9 d'utilisation de la chaleur.<\/li>\n<li>Efficacit\u00e9 de production \u00e9lev\u00e9e, taux d'\u00e9conomie de carburant \u00e9lev\u00e9 et co\u00fbts de production r\u00e9duits.<\/li>\n<li>Les flocons d'oignons frits ont une bonne finition et une couleur vive, la qualit\u00e9 du produit est nettement am\u00e9lior\u00e9e et le probl\u00e8me de l'acidification excessive des aliments frits est r\u00e9solu.<\/li>\n<li>La vitesse d'agitation peut \u00eatre ajust\u00e9e en fonction des diff\u00e9rents mat\u00e9riaux.<\/li>\n<\/ol>\n<h2><strong><b>Vid\u00e9o de travail de <\/b><\/strong><strong><b>Oignon<\/b><\/strong><strong><b>\u00a0Machine \u00e0 fabriquer des flocons<\/b><\/strong><strong><b>\u00a0<\/b><\/strong><\/h2>\n<p>Vous trouverez ci-dessous une vid\u00e9o de fonctionnement de cette friteuse. On peut voir dans la vid\u00e9o que cette machine n'est pas seulement belle, mais qu'elle a aussi des performances stables et un fonctionnement sans heurts. Il s'agit d'une machine couramment utilis\u00e9e dans l'industrie de la friture. En outre, cette machine \u00e0 fabriquer des flocons d'oignons peut \u00e9galement \u00eatre utilis\u00e9e avec une ligne de friture d'oignons.<iframe loading=\"lazy\" title=\"Lecteur vid\u00e9o YouTube\" src=\"https:\/\/www.youtube.com\/embed\/fA5exDdiFKc\" width=\"850\" height=\"475.5\" frameborder=\"0\" allowfullscreen=\"allowfullscreen\"><span data-mce-type=\"bookmark\" style=\"display: inline-block; width: 0px; overflow: hidden; line-height: 0;\" class=\"mce_SELRES_start\"><\/span><\/iframe><\/p>\n<p>Cette machine \u00e0 flocons d'oignons convient \u00e0 diverses industries : restaurants, cantines, restaurants rapides, usines de transformation des aliments, lignes de production d'oignons, etc. En outre, cette machine peut frire tous les aliments qui peuvent \u00eatre frits et constitue l'un des \u00e9quipements de friture id\u00e9aux.<\/p>\n<p>Notre soci\u00e9t\u00e9 peut non seulement vous fournir une machine \u00e0 frire les flocons d'oignons, mais \u00e9galement vous fournir une solution compl\u00e8te de friture des flocons d'oignons, permettant aux clients de d\u00e9marrer leur entreprise d'oignons en douceur. Si vous avez des questions sur cette machine, vous pouvez nous laisser un message.<\/p>\n<h2>Param\u00e8tres techniques<\/h2>\n<table border=\"0\" cellspacing=\"0\">\n<tbody>\n<tr>\n<td nowrap=\"nowrap\">Mod\u00e8le<\/td>\n<td>Profondeur du diam\u00e8tre de la po\u00eale \u00e0 frire (MM)<\/td>\n<td>Puissance d'agitation (KW)<\/td>\n<td>Puissance de levage (KW)<\/td>\n<td nowrap=\"nowrap\">Puissance de chauffage<\/td>\n<td nowrap=\"nowrap\">Dimension(MM)<\/td>\n<\/tr>\n<tr>\n<td nowrap=\"nowrap\">GGYZG1000A<\/td>\n<td nowrap=\"nowrap\">400<\/td>\n<td nowrap=\"nowrap\">0.37<\/td>\n<td nowrap=\"nowrap\">1.1<\/td>\n<td nowrap=\"nowrap\">15KW<\/td>\n<td nowrap=\"nowrap\">1900*1800*1770<\/td>\n<\/tr>\n<tr>\n<td nowrap=\"nowrap\">GGYZG1200A<\/td>\n<td nowrap=\"nowrap\">400<\/td>\n<td nowrap=\"nowrap\">0.37<\/td>\n<td nowrap=\"nowrap\">1.1<\/td>\n<td nowrap=\"nowrap\">20KW<\/td>\n<td>2100*2000*1770<\/td>\n<\/tr>\n<tr>\n<td nowrap=\"nowrap\">GGYZG1500A<\/td>\n<td nowrap=\"nowrap\">400<\/td>\n<td nowrap=\"nowrap\">0.37<\/td>\n<td nowrap=\"nowrap\">1.1<\/td>\n<td nowrap=\"nowrap\">20KW<\/td>\n<td>2300*2200*1770<\/td>\n<\/tr>\n<tr>\n<td nowrap=\"nowrap\">GGYZE1000A<\/td>\n<td nowrap=\"nowrap\">400<\/td>\n<td nowrap=\"nowrap\">0.37<\/td>\n<td nowrap=\"nowrap\">1.1<\/td>\n<td nowrap=\"nowrap\">36KW<\/td>\n<td nowrap=\"nowrap\">1650*1250*1550<\/td>\n<\/tr>\n<tr>\n<td nowrap=\"nowrap\">GGYZE1200A<\/td>\n<td nowrap=\"nowrap\">400<\/td>\n<td nowrap=\"nowrap\">0.37<\/td>\n<td nowrap=\"nowrap\">1.1<\/td>\n<td nowrap=\"nowrap\">48KW<\/td>\n<td nowrap=\"nowrap\">1850*1450*1500<\/td>\n<\/tr>\n<tr>\n<td nowrap=\"nowrap\">GGYZE1500A<\/td>\n<td nowrap=\"nowrap\">400<\/td>\n<td nowrap=\"nowrap\">0.37<\/td>\n<td nowrap=\"nowrap\">1.1<\/td>\n<td nowrap=\"nowrap\">60KW<\/td>\n<td nowrap=\"nowrap\">2150*1750*1550<\/td>\n<\/tr>\n<\/tbody>\n<\/table>\n\n<div class=\"wpcf7 no-js\" id=\"wpcf7-f12-o1\" lang=\"en-US\" dir=\"ltr\" data-wpcf7-id=\"12\">\n<div class=\"screen-reader-response\"><p role=\"status\" aria-live=\"polite\" aria-atomic=\"true\"><\/p> <ul><\/ul><\/div>\n<form action=\"\/fr\/wp-json\/wp\/v2\/product\/1738#wpcf7-f12-o1\" method=\"post\" class=\"wpcf7-form init\" aria-label=\"Formulaire de contact\" novalidate=\"novalidate\" data-status=\"init\" data-trp-original-action=\"\/fr\/wp-json\/wp\/v2\/product\/1738#wpcf7-f12-o1\">\n<fieldset class=\"hidden-fields-container\"><input type=\"hidden\" name=\"_wpcf7\" value=\"12\" \/><input type=\"hidden\" name=\"_wpcf7_version\" value=\"6.1.5\" \/><input type=\"hidden\" name=\"_wpcf7_locale\" value=\"en_US\" \/><input type=\"hidden\" name=\"_wpcf7_unit_tag\" value=\"wpcf7-f12-o1\" \/><input type=\"hidden\" name=\"_wpcf7_container_post\" value=\"0\" \/><input type=\"hidden\" name=\"_wpcf7_posted_data_hash\" value=\"\" \/>\n<\/fieldset>\n<div style='text-align: center;font-size: 30px;font-weight:bold;' class='pro-form'>\n\t<p>Laissez un message pour plus de d\u00e9tails et de prix\n\t<\/p>\n<\/div>\n<div style='width:50%;float:left'>\n\t<p><label> Votre nom<br \/>\n<span class=\"wpcf7-form-control-wrap\" data-name=\"your-name\"><input size=\"40\" maxlength=\"400\" class=\"wpcf7-form-control wpcf7-text\" aria-invalid=\"false\" value=\"\" type=\"text\" name=\"your-name\" \/><\/span> <\/label>\n\t<\/p>\n<\/div>\n<div style='width:50%;float:left'>\n\t<p><label> Votre pays<br \/>\n<span class=\"wpcf7-form-control-wrap\" data-name=\"text-899\"><input size=\"40\" maxlength=\"400\" class=\"wpcf7-form-control wpcf7-text\" aria-invalid=\"false\" value=\"\" type=\"text\" name=\"text-899\" \/><\/span> <\/label>\n\t<\/p>\n<\/div>\n<div style='clear:both'>\n<\/div>\n<div style='width:50%;float:left'>\n\t<p><label> *Votre email<br \/>\n<span class=\"wpcf7-form-control-wrap\" data-name=\"your-email\"><input size=\"40\" maxlength=\"400\" class=\"wpcf7-form-control wpcf7-email wpcf7-validates-as-required wpcf7-text wpcf7-validates-as-email\" aria-required=\"true\" aria-invalid=\"false\" value=\"\" type=\"email\" name=\"your-email\" \/><\/span> <\/label>\n\t<\/p>\n<\/div>\n<div style='width:50%;float:left'>\n\t<p><label> Votre t\u00e9l<br \/>\n<span class=\"wpcf7-form-control-wrap\" data-name=\"text-89\"><input size=\"40\" maxlength=\"400\" class=\"wpcf7-form-control wpcf7-text\" aria-invalid=\"false\" value=\"\" type=\"text\" name=\"text-89\" \/><\/span> <\/label>\n\t<\/p>\n<\/div>\n<div style='clear:both'>\n<\/div>\n<p><label> *Votre message<br \/>\n<span class=\"wpcf7-form-control-wrap\" data-name=\"your-message\"><textarea cols=\"40\" rows=\"10\" maxlength=\"2000\" class=\"wpcf7-form-control wpcf7-textarea wpcf7-validates-as-required\" aria-required=\"true\" aria-invalid=\"false\" name=\"your-message\"><\/textarea><\/span> <\/label>\n<\/p>\n<p><input class=\"wpcf7-form-control wpcf7-submit has-spinner\" type=\"submit\" value=\"Soumettre\" \/>\n<\/p><p style=\"display: none !important;\" class=\"akismet-fields-container\" data-prefix=\"_wpcf7_ak_\"><label>\u0394<textarea name=\"_wpcf7_ak_hp_textarea\" cols=\"45\" rows=\"8\" maxlength=\"100\"><\/textarea><\/label><input type=\"hidden\" id=\"ak_js_1\" name=\"_wpcf7_ak_js\" value=\"115\"\/><script>document.getElementById( \"ak_js_1\" ).setAttribute( \"value\", ( new Date() ).getTime() );<\/script><\/p><div class=\"wpcf7-response-output\" aria-hidden=\"true\"><\/div>\n<input type=\"hidden\" name=\"trp-form-language\" value=\"fr\"\/><\/form>\n<\/div>","protected":false},"excerpt":{"rendered":"<ul>\n<li>Mat\u00e9riau de la machine : Acier inoxydable 304<\/li>\n<li>Capacit\u00e9 de traitement : 100kg\/h-800kg\/h<\/li>\n<li>M\u00e9thode de chauffage : chauffage \u00e9lectrique, chauffage au gaz, etc.<\/li>\n<li>M\u00e9thode de d\u00e9chargement : d\u00e9chargement automatique<\/li>\n<li>Le diam\u00e8tre du pot rond : 800 mm, 1000 mm, peut \u00eatre personnalis\u00e9 en fonction des besoins du client.<\/li>\n<\/ul>","protected":false},"featured_media":1739,"comment_status":"open","ping_status":"closed","template":"","meta":{"site-sidebar-layout":"default","site-content-layout":"default","ast-main-header-display":"","ast-hfb-above-header-display":"","ast-hfb-below-header-display":"","ast-hfb-mobile-header-display":"","site-post-title":"","ast-breadcrumbs-content":"","ast-featured-img":"","footer-sml-layout":"","theme-transparent-header-meta":"default","adv-header-id-meta":"","stick-header-meta":"","header-above-stick-meta":"","header-main-stick-meta":"","header-below-stick-meta":"","yasr_overall_rating":0,"yasr_post_is_review":"","yasr_auto_insert_disabled":"","yasr_review_type":""},"product_brand":[],"product_cat":[32],"product_tag":[],"class_list":{"0":"post-1738","1":"product","2":"type-product","3":"status-publish","4":"has-post-thumbnail","6":"product_cat-frying-machine","8":"first","9":"instock","10":"featured","11":"shipping-taxable","12":"product-type-simple"},"yasr_visitor_votes":{"stars_attributes":{"read_only":false,"span_bottom":false},"number_of_votes":0,"sum_votes":0},"yoast_head":"<!-- This site is optimized with the Yoast SEO plugin v26.9 - https:\/\/yoast.com\/product\/yoast-seo-wordpress\/ -->\n<title>Crispy Onion Flakes Making Frying Machine For Business - Onion Processing Machine<\/title>\n<meta name=\"description\" content=\"There are pulleys at the bottom of this onion flakes frying machine for easy movement and operation.\" \/>\n<meta name=\"robots\" content=\"index, follow, max-snippet:-1, max-image-preview:large, max-video-preview:-1\" \/>\n<link rel=\"canonical\" href=\"https:\/\/www.onionmachines.com\/fr\/produit\/onion-flakes-frying-machine\/\" \/>\n<meta property=\"og:locale\" content=\"fr_FR\" \/>\n<meta property=\"og:type\" content=\"article\" \/>\n<meta property=\"og:title\" content=\"Crispy Onion Flakes Making Frying Machine For Business - Onion Processing Machine\" \/>\n<meta property=\"og:description\" content=\"There are pulleys at the bottom of this onion flakes frying machine for easy movement and operation.\" \/>\n<meta property=\"og:url\" content=\"https:\/\/www.onionmachines.com\/fr\/produit\/onion-flakes-frying-machine\/\" \/>\n<meta property=\"og:site_name\" content=\"Onion Processing Machine\" \/>\n<meta property=\"article:modified_time\" content=\"2025-09-22T09:07:00+00:00\" \/>\n<meta property=\"og:image\" content=\"https:\/\/www.onionmachines.com\/wp-content\/uploads\/2022\/05\/1-1.jpg\" \/>\n\t<meta property=\"og:image:width\" content=\"600\" \/>\n\t<meta property=\"og:image:height\" content=\"600\" \/>\n\t<meta property=\"og:image:type\" content=\"image\/jpeg\" \/>\n<meta name=\"twitter:card\" content=\"summary_large_image\" \/>\n<meta name=\"twitter:label1\" content=\"Dur\u00e9e de lecture estim\u00e9e\" \/>\n\t<meta name=\"twitter:data1\" content=\"3 minutes\" \/>\n<script type=\"application\/ld+json\" class=\"yoast-schema-graph\">{\"@context\":\"https:\/\/schema.org\",\"@graph\":[{\"@type\":\"WebPage\",\"@id\":\"https:\/\/www.onionmachines.com\/product\/onion-flakes-frying-machine\/\",\"url\":\"https:\/\/www.onionmachines.com\/product\/onion-flakes-frying-machine\/\",\"name\":\"Crispy Onion Flakes Making Frying Machine For Business - Onion Processing Machine\",\"isPartOf\":{\"@id\":\"https:\/\/www.onionmachines.com\/#website\"},\"primaryImageOfPage\":{\"@id\":\"https:\/\/www.onionmachines.com\/product\/onion-flakes-frying-machine\/#primaryimage\"},\"image\":{\"@id\":\"https:\/\/www.onionmachines.com\/product\/onion-flakes-frying-machine\/#primaryimage\"},\"thumbnailUrl\":\"https:\/\/www.onionmachines.com\/wp-content\/uploads\/2022\/05\/1-1.jpg\",\"datePublished\":\"2022-05-16T10:35:57+00:00\",\"dateModified\":\"2025-09-22T09:07:00+00:00\",\"description\":\"There are pulleys at the bottom of this onion flakes frying machine for easy movement and operation.\",\"breadcrumb\":{\"@id\":\"https:\/\/www.onionmachines.com\/product\/onion-flakes-frying-machine\/#breadcrumb\"},\"inLanguage\":\"fr-FR\",\"potentialAction\":[{\"@type\":\"ReadAction\",\"target\":[\"https:\/\/www.onionmachines.com\/product\/onion-flakes-frying-machine\/\"]}]},{\"@type\":\"ImageObject\",\"inLanguage\":\"fr-FR\",\"@id\":\"https:\/\/www.onionmachines.com\/product\/onion-flakes-frying-machine\/#primaryimage\",\"url\":\"https:\/\/www.onionmachines.com\/wp-content\/uploads\/2022\/05\/1-1.jpg\",\"contentUrl\":\"https:\/\/www.onionmachines.com\/wp-content\/uploads\/2022\/05\/1-1.jpg\",\"width\":600,\"height\":600,\"caption\":\"onion flakes frying machine is made of 304 stainless steel. The frying time, frying temperature, oil level control and frying cleaning can be controlled automatically. The onion flakes making machine can automatically stir, which can effectively prevent the product from floating. After frying, it can be automatically unloaded. In addition, this machine is often used with a deoiler, and the heating method can be customized according to customer requirements. *Machine material: 304 stainless steel material *Processing capacity: 100kg\/h-800kg\/h * Heating method: electric heating, gas heating, etc. * Unloading method: automatic unloading *The diameter of the round pot: 800mm, 1000mm, can be customized according to customer needs Features Of Onion Flakes Frying Machine 1. The oil temperature is automatically controlled throughout the whole process, and the temperature can be set at will from 0 to 230 degrees, which is suitable for frying foods with various technological requirements. 2. There is an independent distribution box, which is easy to operate. 3. The food residues produced in the frying process can sink into the lower funnel through the filtration of water and be discharged through the sewage outlet 4. Equipped with thermal insulation layer, good thermal insulation effect and high heat utilization rate. 5. High production efficiency, high fuel-saving rate, and reduced production costs. 6. The fried onion flakes have good finish and bright color, the product quality is obviously improved, and the problem of excessive acidification of fried food is solved. 7. The stirring speed can be adjusted with different materials. Working Video Of Onion Flakes Making Machine Below is a working video of this fryer. It can be seen in the video that this machine not only looks good, but also has stable performance and smooth operation. It is a commonly used machine in the frying industry. In addition, this onion flakes making machine can also be used with onion frying line. \u89c6\u9891 This onion flakes machine is suitable for various industries: restaurants, canteens, fast food restaurants, food processing plants, onion production lines, etc. In addition, this machine can fry all foods that can be fried, and is one of the ideal frying equipment. Our company can not only provide you with an onion flakes frying machine, but also provide you with a complete onion flakes frying solution, allowing customers to start their onion business smoothly. If you have any quotation about this machine, you can leave us a message.\"},{\"@type\":\"BreadcrumbList\",\"@id\":\"https:\/\/www.onionmachines.com\/product\/onion-flakes-frying-machine\/#breadcrumb\",\"itemListElement\":[{\"@type\":\"ListItem\",\"position\":1,\"name\":\"Home\",\"item\":\"https:\/\/www.onionmachines.com\/\"},{\"@type\":\"ListItem\",\"position\":2,\"name\":\"Products\",\"item\":\"https:\/\/www.onionmachines.com\/products\/\"},{\"@type\":\"ListItem\",\"position\":3,\"name\":\"Crispy Onion Flakes Making Frying Machine For Business\"}]},{\"@type\":\"WebSite\",\"@id\":\"https:\/\/www.onionmachines.com\/#website\",\"url\":\"https:\/\/www.onionmachines.com\/\",\"name\":\"Onion Processing Machine\",\"description\":\"Onion Machines Supplier\",\"potentialAction\":[{\"@type\":\"SearchAction\",\"target\":{\"@type\":\"EntryPoint\",\"urlTemplate\":\"https:\/\/www.onionmachines.com\/?s={search_term_string}\"},\"query-input\":{\"@type\":\"PropertyValueSpecification\",\"valueRequired\":true,\"valueName\":\"search_term_string\"}}],\"inLanguage\":\"fr-FR\"},false]}<\/script>\n<!-- \/ Yoast SEO plugin. -->","yoast_head_json":{"title":"Machine \u00e0 fabriquer des flocons d'oignons croustillants pour les entreprises - Machine de traitement des oignons","description":"Des poulies se trouvent \u00e0 la base de cette machine \u00e0 frire les flocons d'oignons pour en faciliter le d\u00e9placement et l'utilisation.","robots":{"index":"index","follow":"follow","max-snippet":"max-snippet:-1","max-image-preview":"max-image-preview:large","max-video-preview":"max-video-preview:-1"},"canonical":"https:\/\/www.onionmachines.com\/fr\/produit\/onion-flakes-frying-machine\/","og_locale":"fr_FR","og_type":"article","og_title":"Crispy Onion Flakes Making Frying Machine For Business - Onion Processing Machine","og_description":"There are pulleys at the bottom of this onion flakes frying machine for easy movement and operation.","og_url":"https:\/\/www.onionmachines.com\/fr\/produit\/onion-flakes-frying-machine\/","og_site_name":"Onion Processing Machine","article_modified_time":"2025-09-22T09:07:00+00:00","og_image":[{"width":600,"height":600,"url":"https:\/\/www.onionmachines.com\/wp-content\/uploads\/2022\/05\/1-1.jpg","type":"image\/jpeg"}],"twitter_card":"summary_large_image","twitter_misc":{"Dur\u00e9e de lecture estim\u00e9e":"3 minutes"},"schema":{"@context":"https:\/\/schema.org","@graph":[{"@type":"WebPage","@id":"https:\/\/www.onionmachines.com\/product\/onion-flakes-frying-machine\/","url":"https:\/\/www.onionmachines.com\/product\/onion-flakes-frying-machine\/","name":"Machine \u00e0 fabriquer des flocons d'oignons croustillants pour les entreprises - Machine de traitement des oignons","isPartOf":{"@id":"https:\/\/www.onionmachines.com\/#website"},"primaryImageOfPage":{"@id":"https:\/\/www.onionmachines.com\/product\/onion-flakes-frying-machine\/#primaryimage"},"image":{"@id":"https:\/\/www.onionmachines.com\/product\/onion-flakes-frying-machine\/#primaryimage"},"thumbnailUrl":"https:\/\/www.onionmachines.com\/wp-content\/uploads\/2022\/05\/1-1.jpg","datePublished":"2022-05-16T10:35:57+00:00","dateModified":"2025-09-22T09:07:00+00:00","description":"Des poulies se trouvent \u00e0 la base de cette machine \u00e0 frire les flocons d'oignons pour en faciliter le d\u00e9placement et l'utilisation.","breadcrumb":{"@id":"https:\/\/www.onionmachines.com\/product\/onion-flakes-frying-machine\/#breadcrumb"},"inLanguage":"fr-FR","potentialAction":[{"@type":"ReadAction","target":["https:\/\/www.onionmachines.com\/product\/onion-flakes-frying-machine\/"]}]},{"@type":"ImageObject","inLanguage":"fr-FR","@id":"https:\/\/www.onionmachines.com\/product\/onion-flakes-frying-machine\/#primaryimage","url":"https:\/\/www.onionmachines.com\/wp-content\/uploads\/2022\/05\/1-1.jpg","contentUrl":"https:\/\/www.onionmachines.com\/wp-content\/uploads\/2022\/05\/1-1.jpg","width":600,"height":600,"caption":"onion flakes frying machine is made of 304 stainless steel. The frying time, frying temperature, oil level control and frying cleaning can be controlled automatically. The onion flakes making machine can automatically stir, which can effectively prevent the product from floating. After frying, it can be automatically unloaded. In addition, this machine is often used with a deoiler, and the heating method can be customized according to customer requirements. *Machine material: 304 stainless steel material *Processing capacity: 100kg\/h-800kg\/h * Heating method: electric heating, gas heating, etc. * Unloading method: automatic unloading *The diameter of the round pot: 800mm, 1000mm, can be customized according to customer needs Features Of Onion Flakes Frying Machine 1. The oil temperature is automatically controlled throughout the whole process, and the temperature can be set at will from 0 to 230 degrees, which is suitable for frying foods with various technological requirements. 2. There is an independent distribution box, which is easy to operate. 3. The food residues produced in the frying process can sink into the lower funnel through the filtration of water and be discharged through the sewage outlet 4. Equipped with thermal insulation layer, good thermal insulation effect and high heat utilization rate. 5. High production efficiency, high fuel-saving rate, and reduced production costs. 6. The fried onion flakes have good finish and bright color, the product quality is obviously improved, and the problem of excessive acidification of fried food is solved. 7. The stirring speed can be adjusted with different materials. Working Video Of Onion Flakes Making Machine Below is a working video of this fryer. It can be seen in the video that this machine not only looks good, but also has stable performance and smooth operation. It is a commonly used machine in the frying industry. In addition, this onion flakes making machine can also be used with onion frying line. \u89c6\u9891 This onion flakes machine is suitable for various industries: restaurants, canteens, fast food restaurants, food processing plants, onion production lines, etc. In addition, this machine can fry all foods that can be fried, and is one of the ideal frying equipment. Our company can not only provide you with an onion flakes frying machine, but also provide you with a complete onion flakes frying solution, allowing customers to start their onion business smoothly. If you have any quotation about this machine, you can leave us a message."},{"@type":"BreadcrumbList","@id":"https:\/\/www.onionmachines.com\/product\/onion-flakes-frying-machine\/#breadcrumb","itemListElement":[{"@type":"ListItem","position":1,"name":"Home","item":"https:\/\/www.onionmachines.com\/"},{"@type":"ListItem","position":2,"name":"Products","item":"https:\/\/www.onionmachines.com\/products\/"},{"@type":"ListItem","position":3,"name":"Crispy Onion Flakes Making Frying Machine For Business"}]},{"@type":"WebSite","@id":"https:\/\/www.onionmachines.com\/#website","url":"https:\/\/www.onionmachines.com\/","name":"Machine de traitement des oignons","description":"Machines \u00e0 oignons Fournisseur","potentialAction":[{"@type":"SearchAction","target":{"@type":"EntryPoint","urlTemplate":"https:\/\/www.onionmachines.com\/?s={search_term_string}"},"query-input":{"@type":"PropertyValueSpecification","valueRequired":true,"valueName":"search_term_string"}}],"inLanguage":"fr-FR"},false]}},"_links":{"self":[{"href":"https:\/\/www.onionmachines.com\/fr\/wp-json\/wp\/v2\/product\/1738","targetHints":{"allow":["GET"]}}],"collection":[{"href":"https:\/\/www.onionmachines.com\/fr\/wp-json\/wp\/v2\/product"}],"about":[{"href":"https:\/\/www.onionmachines.com\/fr\/wp-json\/wp\/v2\/types\/product"}],"replies":[{"embeddable":true,"href":"https:\/\/www.onionmachines.com\/fr\/wp-json\/wp\/v2\/comments?post=1738"}],"wp:featuredmedia":[{"embeddable":true,"href":"https:\/\/www.onionmachines.com\/fr\/wp-json\/wp\/v2\/media\/1739"}],"wp:attachment":[{"href":"https:\/\/www.onionmachines.com\/fr\/wp-json\/wp\/v2\/media?parent=1738"}],"wp:term":[{"taxonomy":"product_brand","embeddable":true,"href":"https:\/\/www.onionmachines.com\/fr\/wp-json\/wp\/v2\/product_brand?post=1738"},{"taxonomy":"product_cat","embeddable":true,"href":"https:\/\/www.onionmachines.com\/fr\/wp-json\/wp\/v2\/product_cat?post=1738"},{"taxonomy":"product_tag","embeddable":true,"href":"https:\/\/www.onionmachines.com\/fr\/wp-json\/wp\/v2\/product_tag?post=1738"}],"curies":[{"name":"wp","href":"https:\/\/api.w.org\/{rel}","templated":true}]}}