{"id":1732,"date":"2022-05-16T09:58:40","date_gmt":"2022-05-16T09:58:40","guid":{"rendered":"https:\/\/www.onionmachines.com\/?post_type=product&#038;p=1732"},"modified":"2026-01-19T13:43:11","modified_gmt":"2026-01-19T05:43:11","slug":"shallots-frying-machine","status":"publish","type":"product","link":"https:\/\/www.onionmachines.com\/fr\/produit\/shallots-frying-machine\/","title":{"rendered":"Friteuse industrielle d'oignons et d'\u00e9chalotes Prix"},"content":{"rendered":"<p>Cette machine \u00e0 frire les \u00e9chalotes peut fonctionner en continu, r\u00e9pondre \u00e0 la production de masse, \u00e9conomiser de la main-d'\u0153uvre et maintenir une qualit\u00e9 de produit constante. La production horaire de cette machine \u00e0 friture d'\u00e9chalotes est comprise entre 200kg\/h et 1000kg\/h. Elle peut \u00eatre personnalis\u00e9e en fonction des besoins des clients. En outre, l'\u00e9quipement de soutien de cette machine peut choisir un d\u00e9shuileur, une machine \u00e0 assaisonner, un convoyeur, etc.<\/p>\n<p>Cette machine \u00e0 frire les oignons convient aux entreprises alimentaires ayant une production importante. Elle peut \u00eatre adapt\u00e9e aux diff\u00e9rents processus de production des clients. Elle convient principalement aux oignons frits, aux \u00e9chalotes, aux pommes de terre, aux bananes, aux patates douces, aux aliments souffl\u00e9s, aux fruits de mer, etc.<\/p>\n<h2><iframe loading=\"lazy\" title=\"Lecteur vid\u00e9o YouTube\" src=\"https:\/\/www.youtube.com\/embed\/YlO2RAjyunw\" width=\"850\" height=\"475.5\" frameborder=\"0\" allowfullscreen=\"allowfullscreen\"><span data-mce-type=\"bookmark\" style=\"display: inline-block; width: 0px; overflow: hidden; line-height: 0;\" class=\"mce_SELRES_start\"><\/span><\/iframe><\/h2>\n<h2><strong><b>Introduction de l'oignon <\/b><\/strong><strong><b>Machine \u00e0 frire les \u00e9chalotes <\/b><\/strong><\/h2>\n<ul>\n<li>Domaines d'application : grandes et moyennes entreprises alimentaires, restaurants, restaurants rapides, cantines, etc.<\/li>\n<li>Aliments concern\u00e9s : toutes sortes de produits frits<\/li>\n<li>Mode de chauffage : chauffage \u00e9lectrique, chauffage au gaz, chauffage ext\u00e9rieur.<\/li>\n<li>Caract\u00e9ristiques : Haut degr\u00e9 d'automatisation, production de masse, \u00e9conomie de main-d'\u0153uvre, haute qualit\u00e9 des produits, contr\u00f4le automatique de la temp\u00e9rature.<\/li>\n<\/ul>\n<h2><strong><b>Caract\u00e9ristiques structurelles de <\/b><\/strong><strong><b>Machine \u00e0 frire les oignons<\/b><\/strong><\/h2>\n<ul>\n<li>Le r\u00e9servoir int\u00e9rieur est en acier inoxydable<\/li>\n<li>Le support de la courroie \u00e0 mailles est en acier inoxydable.<\/li>\n<li>Le support du corps du pot est fabriqu\u00e9 en profil\u00e9s d'acier inoxydable.<\/li>\n<li>La coque est en acier inoxydable<\/li>\n<li>La bande en maille adopte une bande en maille d'acier inoxydable \u00e0 chevrons.<\/li>\n<li>Des d\u00e9flecteurs sont plac\u00e9s de part et d'autre du tapis \u00e0 mailles pour \u00e9viter les fuites d'aliments.<\/li>\n<li>La vitesse du moteur est contr\u00f4l\u00e9e par le convertisseur et le temps est r\u00e9glable.<\/li>\n<\/ul>\n<h2><img loading=\"lazy\" decoding=\"async\" class=\"alignnone size-full wp-image-1737\" src=\"https:\/\/www.onionmachines.com\/wp-content\/uploads\/2022\/05\/5.jpg\" alt=\"applications de la machine \u00e0 frire les \u00e9chalotes\" width=\"800\" height=\"500\" srcset=\"https:\/\/www.onionmachines.com\/wp-content\/uploads\/2022\/05\/5.jpg 800w, https:\/\/www.onionmachines.com\/wp-content\/uploads\/2022\/05\/5-300x188.jpg 300w, https:\/\/www.onionmachines.com\/wp-content\/uploads\/2022\/05\/5-768x480.jpg 768w, https:\/\/www.onionmachines.com\/wp-content\/uploads\/2022\/05\/5-600x375.jpg 600w\" sizes=\"auto, (max-width: 800px) 100vw, 800px\" \/><\/h2>\n<h2><strong><b>Avantages de la <\/b><\/strong><strong><b>Machine \u00e0 frire les \u00e9chalotes<\/b><\/strong><\/h2>\n<ol>\n<li>Le fonctionnement automatique permet d'\u00e9conomiser du temps et de la main-d'\u0153uvre : la machine \u00e0 frire les \u00e9chalotes pr\u00e9sente un degr\u00e9 \u00e9lev\u00e9 d'automatisation et permet d'\u00e9conomiser de la main-d'\u0153uvre.<\/li>\n<li>Rendement \u00e9lev\u00e9, temp\u00e9rature constante automatique : il peut fonctionner en continu et augmenter efficacement le rendement.<\/li>\n<li>Mat\u00e9riau en acier inoxydable de haute qualit\u00e9 : mat\u00e9riau de haute qualit\u00e9, solide et durable, conforme aux normes de s\u00e9curit\u00e9 alimentaire.<\/li>\n<li>Facile \u00e0 nettoyer : Le couvercle de la friteuse \u00e0 \u00e9chalotes peut \u00eatre soulev\u00e9 pour faciliter le nettoyage.<\/li>\n<li>Service personnalis\u00e9 : Qu'il s'agisse d'une seule machine ou d'une ligne compl\u00e8te de friture d'oignons, nous pouvons personnaliser des solutions exclusives pour les clients, telles que la conception de dessins en fonction de l'atelier et de la technologie de traitement.<\/li>\n<\/ol>\n<h2><strong><b>Prix de la machine \u00e0 frire les oignons<\/b><\/strong><\/h2>\n<p>Diff\u00e9rents mod\u00e8les de machines \u00e0 frire les oignons ont des prix diff\u00e9rents. Faites-nous part de la quantit\u00e9 et de la demande, et nous vous ferons un devis.<\/p>\n<p>Cette machine \u00e0 frire les oignons fournie par notre soci\u00e9t\u00e9 a \u00e9t\u00e9 largement salu\u00e9e par les clients. Ceux qui souhaitent obtenir un devis pour cette machine peuvent nous contacter, et nous vous enverrons un devis dans les plus brefs d\u00e9lais.<\/p>\n<p>Cette machine peut aider les clients \u00e0 mieux exercer leur activit\u00e9 dans le domaine des oignons frits. Elle offre non seulement une bonne qualit\u00e9, mais aussi un bon go\u00fbt, et nous pouvons vous fournir des machines adapt\u00e9es \u00e0 vos besoins.<\/p>\n<h2>Param\u00e8tres techniques<\/h2>\n<table border=\"1\" cellspacing=\"0\">\n<tbody>\n<tr>\n<td>Mod\u00e8le<\/td>\n<td>Largeur de la bande<br \/>\n(mm)<\/td>\n<td>puissance de la pompe \u00e0 huile<br \/>\n(kw)<\/td>\n<td>puissance de levage<br \/>\n(kw)<\/td>\n<td>puissance de chauffage<\/td>\n<td>Dimension<br \/>\n(mm)<\/td>\n<\/tr>\n<tr>\n<td>GGLZG3500A<\/td>\n<td>800<\/td>\n<td>1.5<\/td>\n<td>0.55<\/td>\n<td>20Wkcal<\/td>\n<td>3700*1900*2400<\/td>\n<\/tr>\n<tr>\n<td>GGLZG5000A<\/td>\n<td>800<\/td>\n<td>1.5<\/td>\n<td>0.55*2<\/td>\n<td>30Wkcal<\/td>\n<td>5200*1900*2400<\/td>\n<\/tr>\n<tr>\n<td>GGLZG6500A<\/td>\n<td>800<\/td>\n<td>1.5<\/td>\n<td>0.75*2<\/td>\n<td>20Wkcal*2<\/td>\n<td>6700*1900*2400<\/td>\n<\/tr>\n<tr>\n<td>GGLZG8000A<\/td>\n<td>800<\/td>\n<td>2.2<\/td>\n<td>0.75*2<\/td>\n<td>30Wkcal*2<\/td>\n<td>8200*1900*2400<\/td>\n<\/tr>\n<tr>\n<td>GGLZE3500A<\/td>\n<td>800<\/td>\n<td>1.5<\/td>\n<td>0.55<\/td>\n<td>90KW<\/td>\n<td>3700*1600*2200<\/td>\n<\/tr>\n<tr>\n<td>GGLZE5000A<\/td>\n<td>800<\/td>\n<td>1.5<\/td>\n<td>0.55*2<\/td>\n<td>120kw<\/td>\n<td>5200*1600*2200<\/td>\n<\/tr>\n<tr>\n<td>GGLZE6500A<\/td>\n<td>800<\/td>\n<td>1.5<\/td>\n<td>0.75*2<\/td>\n<td>190kw<\/td>\n<td>6700*1600*2200<\/td>\n<\/tr>\n<tr>\n<td>GGLZE8000A<\/td>\n<td>800<\/td>\n<td>2.2<\/td>\n<td>0.75*2<\/td>\n<td>255kw<\/td>\n<td>8200*1600*2200<\/td>\n<\/tr>\n<\/tbody>\n<\/table>\n\n<div class=\"wpcf7 no-js\" id=\"wpcf7-f12-o1\" lang=\"en-US\" dir=\"ltr\" data-wpcf7-id=\"12\">\n<div class=\"screen-reader-response\"><p role=\"status\" aria-live=\"polite\" aria-atomic=\"true\"><\/p> <ul><\/ul><\/div>\n<form action=\"\/fr\/wp-json\/wp\/v2\/product\/1732#wpcf7-f12-o1\" method=\"post\" class=\"wpcf7-form init\" aria-label=\"Formulaire de contact\" novalidate=\"novalidate\" data-status=\"init\" data-trp-original-action=\"\/fr\/wp-json\/wp\/v2\/product\/1732#wpcf7-f12-o1\">\n<fieldset class=\"hidden-fields-container\"><input type=\"hidden\" name=\"_wpcf7\" value=\"12\" \/><input type=\"hidden\" name=\"_wpcf7_version\" value=\"6.1.5\" \/><input type=\"hidden\" name=\"_wpcf7_locale\" value=\"en_US\" \/><input type=\"hidden\" name=\"_wpcf7_unit_tag\" value=\"wpcf7-f12-o1\" \/><input type=\"hidden\" name=\"_wpcf7_container_post\" value=\"0\" \/><input type=\"hidden\" name=\"_wpcf7_posted_data_hash\" value=\"\" \/>\n<\/fieldset>\n<div style='text-align: center;font-size: 30px;font-weight:bold;' class='pro-form'>\n\t<p>Laissez un message pour plus de d\u00e9tails et de prix\n\t<\/p>\n<\/div>\n<div style='width:50%;float:left'>\n\t<p><label> Votre nom<br \/>\n<span class=\"wpcf7-form-control-wrap\" data-name=\"your-name\"><input size=\"40\" maxlength=\"400\" class=\"wpcf7-form-control wpcf7-text\" aria-invalid=\"false\" value=\"\" type=\"text\" name=\"your-name\" \/><\/span> <\/label>\n\t<\/p>\n<\/div>\n<div style='width:50%;float:left'>\n\t<p><label> Votre pays<br \/>\n<span class=\"wpcf7-form-control-wrap\" data-name=\"text-899\"><input size=\"40\" maxlength=\"400\" class=\"wpcf7-form-control wpcf7-text\" aria-invalid=\"false\" value=\"\" type=\"text\" name=\"text-899\" \/><\/span> <\/label>\n\t<\/p>\n<\/div>\n<div style='clear:both'>\n<\/div>\n<div style='width:50%;float:left'>\n\t<p><label> *Votre email<br \/>\n<span class=\"wpcf7-form-control-wrap\" data-name=\"your-email\"><input size=\"40\" maxlength=\"400\" class=\"wpcf7-form-control wpcf7-email wpcf7-validates-as-required wpcf7-text wpcf7-validates-as-email\" aria-required=\"true\" aria-invalid=\"false\" value=\"\" type=\"email\" name=\"your-email\" \/><\/span> <\/label>\n\t<\/p>\n<\/div>\n<div style='width:50%;float:left'>\n\t<p><label> Votre t\u00e9l<br \/>\n<span class=\"wpcf7-form-control-wrap\" data-name=\"text-89\"><input size=\"40\" maxlength=\"400\" class=\"wpcf7-form-control wpcf7-text\" aria-invalid=\"false\" value=\"\" type=\"text\" name=\"text-89\" \/><\/span> <\/label>\n\t<\/p>\n<\/div>\n<div style='clear:both'>\n<\/div>\n<p><label> *Votre message<br \/>\n<span class=\"wpcf7-form-control-wrap\" data-name=\"your-message\"><textarea cols=\"40\" rows=\"10\" maxlength=\"2000\" class=\"wpcf7-form-control wpcf7-textarea wpcf7-validates-as-required\" aria-required=\"true\" aria-invalid=\"false\" name=\"your-message\"><\/textarea><\/span> <\/label>\n<\/p>\n<p><input class=\"wpcf7-form-control wpcf7-submit has-spinner\" type=\"submit\" value=\"Soumettre\" \/>\n<\/p><p style=\"display: none !important;\" class=\"akismet-fields-container\" data-prefix=\"_wpcf7_ak_\"><label>\u0394<textarea name=\"_wpcf7_ak_hp_textarea\" cols=\"45\" rows=\"8\" maxlength=\"100\"><\/textarea><\/label><input type=\"hidden\" id=\"ak_js_1\" name=\"_wpcf7_ak_js\" value=\"163\"\/><script>document.getElementById( \"ak_js_1\" ).setAttribute( \"value\", ( new Date() ).getTime() );<\/script><\/p><div class=\"wpcf7-response-output\" aria-hidden=\"true\"><\/div>\n<input type=\"hidden\" name=\"trp-form-language\" value=\"fr\"\/><\/form>\n<\/div>","protected":false},"excerpt":{"rendered":"<ul>\n<li>Domaines d'application : grandes et moyennes entreprises alimentaires, restaurants, restaurants rapides, cantines, etc.<\/li>\n<li>Aliments concern\u00e9s : toutes sortes de produits frits<\/li>\n<li>Mode de chauffage : chauffage \u00e9lectrique, chauffage au gaz, chauffage ext\u00e9rieur.<\/li>\n<li>Caract\u00e9ristiques : Haut degr\u00e9 d'automatisation, production de masse, \u00e9conomie de main-d'\u0153uvre, haute qualit\u00e9 des produits, contr\u00f4le automatique de la temp\u00e9rature.<\/li>\n<\/ul>","protected":false},"featured_media":1733,"comment_status":"open","ping_status":"closed","template":"","meta":{"site-sidebar-layout":"default","site-content-layout":"default","ast-main-header-display":"","ast-hfb-above-header-display":"","ast-hfb-below-header-display":"","ast-hfb-mobile-header-display":"","site-post-title":"","ast-breadcrumbs-content":"","ast-featured-img":"","footer-sml-layout":"","theme-transparent-header-meta":"default","adv-header-id-meta":"","stick-header-meta":"","header-above-stick-meta":"","header-main-stick-meta":"","header-below-stick-meta":"","yasr_overall_rating":0,"yasr_post_is_review":"","yasr_auto_insert_disabled":"","yasr_review_type":""},"product_brand":[],"product_cat":[32],"product_tag":[],"class_list":{"0":"post-1732","1":"product","2":"type-product","3":"status-publish","4":"has-post-thumbnail","6":"product_cat-frying-machine","8":"first","9":"instock","10":"featured","11":"shipping-taxable","12":"product-type-simple"},"yasr_visitor_votes":{"stars_attributes":{"read_only":false,"span_bottom":false},"number_of_votes":0,"sum_votes":0},"yoast_head":"<!-- This site is optimized with the Yoast SEO plugin v26.9 - https:\/\/yoast.com\/product\/yoast-seo-wordpress\/ -->\n<title>Industrial Onion Shallots Frying Machine Price - Onion Processing Machine<\/title>\n<meta name=\"description\" content=\"This onion shallots frying machine can be priced differently according to the frying output and model, please leave a message to inform your needs.\" \/>\n<meta name=\"robots\" content=\"index, follow, max-snippet:-1, max-image-preview:large, max-video-preview:-1\" \/>\n<link rel=\"canonical\" href=\"https:\/\/www.onionmachines.com\/fr\/produit\/shallots-frying-machine\/\" \/>\n<meta property=\"og:locale\" content=\"fr_FR\" \/>\n<meta property=\"og:type\" content=\"article\" \/>\n<meta property=\"og:title\" content=\"Industrial Onion Shallots Frying Machine Price - Onion Processing Machine\" \/>\n<meta property=\"og:description\" content=\"This onion shallots frying machine can be priced differently according to the frying output and model, please leave a message to inform your needs.\" \/>\n<meta property=\"og:url\" content=\"https:\/\/www.onionmachines.com\/fr\/produit\/shallots-frying-machine\/\" \/>\n<meta property=\"og:site_name\" content=\"Onion Processing Machine\" \/>\n<meta property=\"article:modified_time\" content=\"2026-01-19T05:43:11+00:00\" \/>\n<meta property=\"og:image\" content=\"https:\/\/www.onionmachines.com\/wp-content\/uploads\/2022\/05\/1.jpg\" \/>\n\t<meta property=\"og:image:width\" content=\"600\" \/>\n\t<meta property=\"og:image:height\" content=\"600\" \/>\n\t<meta property=\"og:image:type\" content=\"image\/jpeg\" \/>\n<meta name=\"twitter:card\" content=\"summary_large_image\" \/>\n<meta name=\"twitter:label1\" content=\"Dur\u00e9e de lecture estim\u00e9e\" \/>\n\t<meta name=\"twitter:data1\" content=\"3 minutes\" \/>\n<script type=\"application\/ld+json\" class=\"yoast-schema-graph\">{\"@context\":\"https:\/\/schema.org\",\"@graph\":[{\"@type\":\"WebPage\",\"@id\":\"https:\/\/www.onionmachines.com\/product\/shallots-frying-machine\/\",\"url\":\"https:\/\/www.onionmachines.com\/product\/shallots-frying-machine\/\",\"name\":\"Industrial Onion Shallots Frying Machine Price - Onion Processing Machine\",\"isPartOf\":{\"@id\":\"https:\/\/www.onionmachines.com\/#website\"},\"primaryImageOfPage\":{\"@id\":\"https:\/\/www.onionmachines.com\/product\/shallots-frying-machine\/#primaryimage\"},\"image\":{\"@id\":\"https:\/\/www.onionmachines.com\/product\/shallots-frying-machine\/#primaryimage\"},\"thumbnailUrl\":\"https:\/\/www.onionmachines.com\/wp-content\/uploads\/2022\/05\/1.jpg\",\"datePublished\":\"2022-05-16T09:58:40+00:00\",\"dateModified\":\"2026-01-19T05:43:11+00:00\",\"description\":\"This onion shallots frying machine can be priced differently according to the frying output and model, please leave a message to inform your needs.\",\"breadcrumb\":{\"@id\":\"https:\/\/www.onionmachines.com\/product\/shallots-frying-machine\/#breadcrumb\"},\"inLanguage\":\"fr-FR\",\"potentialAction\":[{\"@type\":\"ReadAction\",\"target\":[\"https:\/\/www.onionmachines.com\/product\/shallots-frying-machine\/\"]}]},{\"@type\":\"ImageObject\",\"inLanguage\":\"fr-FR\",\"@id\":\"https:\/\/www.onionmachines.com\/product\/shallots-frying-machine\/#primaryimage\",\"url\":\"https:\/\/www.onionmachines.com\/wp-content\/uploads\/2022\/05\/1.jpg\",\"contentUrl\":\"https:\/\/www.onionmachines.com\/wp-content\/uploads\/2022\/05\/1.jpg\",\"width\":600,\"height\":600,\"caption\":\"shallots frying machine\"},{\"@type\":\"BreadcrumbList\",\"@id\":\"https:\/\/www.onionmachines.com\/product\/shallots-frying-machine\/#breadcrumb\",\"itemListElement\":[{\"@type\":\"ListItem\",\"position\":1,\"name\":\"Home\",\"item\":\"https:\/\/www.onionmachines.com\/\"},{\"@type\":\"ListItem\",\"position\":2,\"name\":\"Products\",\"item\":\"https:\/\/www.onionmachines.com\/products\/\"},{\"@type\":\"ListItem\",\"position\":3,\"name\":\"Industrial Onion Shallots Frying Machine Price\"}]},{\"@type\":\"WebSite\",\"@id\":\"https:\/\/www.onionmachines.com\/#website\",\"url\":\"https:\/\/www.onionmachines.com\/\",\"name\":\"Onion Processing Machine\",\"description\":\"Onion Machines Supplier\",\"potentialAction\":[{\"@type\":\"SearchAction\",\"target\":{\"@type\":\"EntryPoint\",\"urlTemplate\":\"https:\/\/www.onionmachines.com\/?s={search_term_string}\"},\"query-input\":{\"@type\":\"PropertyValueSpecification\",\"valueRequired\":true,\"valueName\":\"search_term_string\"}}],\"inLanguage\":\"fr-FR\"},false]}<\/script>\n<!-- \/ Yoast SEO plugin. -->","yoast_head_json":{"title":"Friteuse industrielle d'oignons et d'\u00e9chalotes - Machine de traitement des oignons","description":"Cette machine \u00e0 frire les oignons et les \u00e9chalotes peut \u00eatre vendue \u00e0 des prix diff\u00e9rents en fonction de la puissance de la friture et du mod\u00e8le, veuillez laisser un message pour nous informer de vos besoins.","robots":{"index":"index","follow":"follow","max-snippet":"max-snippet:-1","max-image-preview":"max-image-preview:large","max-video-preview":"max-video-preview:-1"},"canonical":"https:\/\/www.onionmachines.com\/fr\/produit\/shallots-frying-machine\/","og_locale":"fr_FR","og_type":"article","og_title":"Industrial Onion Shallots Frying Machine Price - Onion Processing Machine","og_description":"This onion shallots frying machine can be priced differently according to the frying output and model, please leave a message to inform your needs.","og_url":"https:\/\/www.onionmachines.com\/fr\/produit\/shallots-frying-machine\/","og_site_name":"Onion Processing Machine","article_modified_time":"2026-01-19T05:43:11+00:00","og_image":[{"width":600,"height":600,"url":"https:\/\/www.onionmachines.com\/wp-content\/uploads\/2022\/05\/1.jpg","type":"image\/jpeg"}],"twitter_card":"summary_large_image","twitter_misc":{"Dur\u00e9e de lecture estim\u00e9e":"3 minutes"},"schema":{"@context":"https:\/\/schema.org","@graph":[{"@type":"WebPage","@id":"https:\/\/www.onionmachines.com\/product\/shallots-frying-machine\/","url":"https:\/\/www.onionmachines.com\/product\/shallots-frying-machine\/","name":"Friteuse industrielle d'oignons et d'\u00e9chalotes - Machine de traitement des oignons","isPartOf":{"@id":"https:\/\/www.onionmachines.com\/#website"},"primaryImageOfPage":{"@id":"https:\/\/www.onionmachines.com\/product\/shallots-frying-machine\/#primaryimage"},"image":{"@id":"https:\/\/www.onionmachines.com\/product\/shallots-frying-machine\/#primaryimage"},"thumbnailUrl":"https:\/\/www.onionmachines.com\/wp-content\/uploads\/2022\/05\/1.jpg","datePublished":"2022-05-16T09:58:40+00:00","dateModified":"2026-01-19T05:43:11+00:00","description":"Cette machine \u00e0 frire les oignons et les \u00e9chalotes peut \u00eatre vendue \u00e0 des prix diff\u00e9rents en fonction de la puissance de la friture et du mod\u00e8le, veuillez laisser un message pour nous informer de vos besoins.","breadcrumb":{"@id":"https:\/\/www.onionmachines.com\/product\/shallots-frying-machine\/#breadcrumb"},"inLanguage":"fr-FR","potentialAction":[{"@type":"ReadAction","target":["https:\/\/www.onionmachines.com\/product\/shallots-frying-machine\/"]}]},{"@type":"ImageObject","inLanguage":"fr-FR","@id":"https:\/\/www.onionmachines.com\/product\/shallots-frying-machine\/#primaryimage","url":"https:\/\/www.onionmachines.com\/wp-content\/uploads\/2022\/05\/1.jpg","contentUrl":"https:\/\/www.onionmachines.com\/wp-content\/uploads\/2022\/05\/1.jpg","width":600,"height":600,"caption":"shallots frying machine"},{"@type":"BreadcrumbList","@id":"https:\/\/www.onionmachines.com\/product\/shallots-frying-machine\/#breadcrumb","itemListElement":[{"@type":"ListItem","position":1,"name":"Home","item":"https:\/\/www.onionmachines.com\/"},{"@type":"ListItem","position":2,"name":"Products","item":"https:\/\/www.onionmachines.com\/products\/"},{"@type":"ListItem","position":3,"name":"Industrial Onion Shallots Frying Machine Price"}]},{"@type":"WebSite","@id":"https:\/\/www.onionmachines.com\/#website","url":"https:\/\/www.onionmachines.com\/","name":"Machine de traitement des oignons","description":"Machines \u00e0 oignons Fournisseur","potentialAction":[{"@type":"SearchAction","target":{"@type":"EntryPoint","urlTemplate":"https:\/\/www.onionmachines.com\/?s={search_term_string}"},"query-input":{"@type":"PropertyValueSpecification","valueRequired":true,"valueName":"search_term_string"}}],"inLanguage":"fr-FR"},false]}},"_links":{"self":[{"href":"https:\/\/www.onionmachines.com\/fr\/wp-json\/wp\/v2\/product\/1732","targetHints":{"allow":["GET"]}}],"collection":[{"href":"https:\/\/www.onionmachines.com\/fr\/wp-json\/wp\/v2\/product"}],"about":[{"href":"https:\/\/www.onionmachines.com\/fr\/wp-json\/wp\/v2\/types\/product"}],"replies":[{"embeddable":true,"href":"https:\/\/www.onionmachines.com\/fr\/wp-json\/wp\/v2\/comments?post=1732"}],"wp:featuredmedia":[{"embeddable":true,"href":"https:\/\/www.onionmachines.com\/fr\/wp-json\/wp\/v2\/media\/1733"}],"wp:attachment":[{"href":"https:\/\/www.onionmachines.com\/fr\/wp-json\/wp\/v2\/media?parent=1732"}],"wp:term":[{"taxonomy":"product_brand","embeddable":true,"href":"https:\/\/www.onionmachines.com\/fr\/wp-json\/wp\/v2\/product_brand?post=1732"},{"taxonomy":"product_cat","embeddable":true,"href":"https:\/\/www.onionmachines.com\/fr\/wp-json\/wp\/v2\/product_cat?post=1732"},{"taxonomy":"product_tag","embeddable":true,"href":"https:\/\/www.onionmachines.com\/fr\/wp-json\/wp\/v2\/product_tag?post=1732"}],"curies":[{"name":"wp","href":"https:\/\/api.w.org\/{rel}","templated":true}]}}