{"id":1093,"date":"2021-04-05T07:48:40","date_gmt":"2021-04-05T07:48:40","guid":{"rendered":"http:\/\/www.onionmachines.com\/product\/bicycle-gloves-pink\/"},"modified":"2022-11-05T06:57:10","modified_gmt":"2022-11-05T06:57:10","slug":"onion-skin-peeler","status":"publish","type":"product","link":"https:\/\/www.onionmachines.com\/fr\/produit\/onion-skin-peeler\/","title":{"rendered":"95% Peeling Rate Commercial Onion Skin Peeler Machine Price"},"content":{"rendered":"<p>Cette machine \u00e0 \u00e9plucher les oignons est adapt\u00e9e \u00e0 l'\u00e9pluchage des oignons. L'ensemble de la machine est fabriqu\u00e9 en acier inoxydable 304. Le flux d'air puissant g\u00e9n\u00e9r\u00e9 par le compresseur d'air est utilis\u00e9 pour former un flux d'air afin d'enlever la pellicule ext\u00e9rieure de l'oignon, et l'oignon pel\u00e9 a une peau lisse. Cette \u00e9plucheuse d'oignons commerciale est facile \u00e0 utiliser, a un rendement \u00e9lev\u00e9 et ne pr\u00e9sente aucune restriction quant \u00e0 la taille et \u00e0 la vari\u00e9t\u00e9 des oignons.<\/p>\n<ul>\n<li>Fonction : Peeling<\/li>\n<li>Mat\u00e9riau applicable : oignon<\/li>\n<li>M\u00e9thode d'\u00e9pluchage : \u00e9pluchage \u00e0 sec<\/li>\n<li>Dimensions : 2570*850-1270 (mm)<\/li>\n<\/ul>\n<h2><img loading=\"lazy\" decoding=\"async\" class=\"alignnone wp-image-1652 size-full\" src=\"http:\/\/www.onionmachines.com\/wp-content\/uploads\/2021\/04\/5.jpg\" alt=\"machine \u00e0 \u00e9plucher les oignons\" width=\"800\" height=\"500\" srcset=\"https:\/\/www.onionmachines.com\/wp-content\/uploads\/2021\/04\/5.jpg 800w, https:\/\/www.onionmachines.com\/wp-content\/uploads\/2021\/04\/5-300x188.jpg 300w, https:\/\/www.onionmachines.com\/wp-content\/uploads\/2021\/04\/5-768x480.jpg 768w, https:\/\/www.onionmachines.com\/wp-content\/uploads\/2021\/04\/5-600x375.jpg 600w\" sizes=\"auto, (max-width: 800px) 100vw, 800px\" \/><\/h2>\n<h2><strong><b>A<\/b><\/strong><strong><b>dvantages de la <\/b><\/strong><strong><b>machine \u00e0 \u00e9plucher les oignons<\/b><\/strong><\/h2>\n<ul>\n<li>L'ensemble de la machine \u00e0 \u00e9plucher les oignons est fabriqu\u00e9 en acier inoxydable et la vitesse de la cha\u00eene de transport est r\u00e9glable.<\/li>\n<li>Le panneau de commande automatique est facile \u00e0 utiliser. En m\u00eame temps, il pr\u00e9sente les avantages d'une \u00e9conomie d'\u00e9nergie, d'un rendement \u00e9lev\u00e9, d'une grande efficacit\u00e9 et d'un nettoyage facile. Il est largement utilis\u00e9.<\/li>\n<li>L'effet d'\u00e9pluchage est bon : le taux d'\u00e9pluchage est \u00e9lev\u00e9, l'oignon n'est pas endommag\u00e9 pendant le processus d'\u00e9pluchage et la surface de l'oignon est lisse apr\u00e8s l'\u00e9pluchage.<\/li>\n<li>Diff\u00e9rentes vari\u00e9t\u00e9s d'oignons conviennent : peau jaune, peau blanche, peau violette, etc., ce qui permet de r\u00e9aliser des utilisations multiples dans une seule machine.<\/li>\n<\/ul>\n<h2><strong><b>\u00c9tapes de l'op\u00e9ration <\/b><\/strong><strong><b>machine commerciale \u00e0 \u00e9plucher les oignons<\/b><\/strong><\/h2>\n<ol>\n<li>L'alimentation \u00e9lectrique de cette machine \u00e0 \u00e9plucher les oignons est de 380V. Avant de d\u00e9marrer la machine, r\u00e9glez la pression du compresseur d'air \u00e0 0,8mpa.<\/li>\n<li>V\u00e9rifier s'il y a des d\u00e9bris sur la bande transporteuse de la cha\u00eene de d\u00e9chargement du gaz.<\/li>\n<li>Apr\u00e8s la mise sous tension, appuyez sur le bouton \"drive start\" pour v\u00e9rifier si le sens de marche du convoyeur \u00e0 cha\u00eene correspond au sens indiqu\u00e9 sur la machine \u00e0 \u00e9plucher les oignons. Si le sens n'est pas coh\u00e9rent, vous devez l'ajuster avant d'utiliser l'appareil.<\/li>\n<li>D\u00e9marrez le bouton d'entra\u00eenement de la cha\u00eene de l'\u00e9plucheuse \u00e0 cha\u00eene.<\/li>\n<li>Une fois que la cha\u00eene fonctionne normalement, ouvrez la vanne de ventilation et mettez l'oignon dans la tr\u00e9mie.<\/li>\n<\/ol>\n<p><iframe loading=\"lazy\" title=\"Lecteur vid\u00e9o YouTube\" src=\"https:\/\/www.youtube.com\/embed\/H0hm7bOMTWw\" width=\"800\" height=\"475.5\" frameborder=\"0\" allowfullscreen=\"allowfullscreen\"><span data-mce-type=\"bookmark\" style=\"display: inline-block; width: 0px; overflow: hidden; line-height: 0;\" class=\"mce_SELRES_start\"><\/span><\/iframe><\/p>\n<h2><strong><b>M<\/b><\/strong><strong><b>entretien :<\/b><\/strong><\/h2>\n<ul>\n<li>Apr\u00e8s un certain temps d'utilisation de la nouvelle machine, les cha\u00eenes actives et de transmission se d\u00e9tendent. S'il y a du mou, vous pouvez ajuster la vis de r\u00e9glage de la cha\u00eene sur l'\u00e9quipement.<\/li>\n<li>V\u00e9rifiez et nettoyez r\u00e9guli\u00e8rement toutes les pi\u00e8ces de l'\u00e9plucheuse de pelures d'oignons.<\/li>\n<li>V\u00e9rifiez toujours le rel\u00e2chement de la courroie trap\u00e9zo\u00efdale et des vis dans les diff\u00e9rentes parties afin de les \u00e9liminer ou de les remplacer \u00e0 temps.<\/li>\n<\/ul>\n<h2><strong><b>O<\/b><\/strong><strong><b>nion <\/b><\/strong><strong><b>P<\/b><\/strong><strong><b>\u00e9eler <\/b><\/strong><strong><b>M<\/b><\/strong><strong><b>machine <\/b><\/strong><strong><b>P<\/b><\/strong><strong><b>riz<\/b><\/strong><\/h2>\n<p>Nous avons diff\u00e9rents mod\u00e8les avec diff\u00e9rents prix en fonction de la production. Si vous souhaitez obtenir un devis pour cette machine, vous pouvez nous laisser un message et nous vous enverrons un devis d\u00e8s que possible.<\/p>\n<h2><strong>Param\u00e8tres techniques<\/strong><\/h2>\n<table>\n<tbody>\n<tr>\n<td>Mod\u00e8le<\/td>\n<td>GGYB-2<\/td>\n<\/tr>\n<tr>\n<td>Puissance<\/td>\n<td>1,5kw, 380V\/415V<\/td>\n<\/tr>\n<tr>\n<td>M\u00e9thode d'alimentation<\/td>\n<td>M\u00e9thode d'alimentation par double convoyeur<\/td>\n<\/tr>\n<tr>\n<td>Taux de pelage<\/td>\n<td>70-80pcs\/minute<\/td>\n<\/tr>\n<tr>\n<td>Capacit\u00e9<\/td>\n<td>1500-2000kg\/h<\/td>\n<\/tr>\n<tr>\n<td>M\u00e9thode d'\u00e9pluchage<\/td>\n<td>M\u00e9thode de pelage au gaz \u00e0 haute pression<\/td>\n<\/tr>\n<tr>\n<td>Dimension<\/td>\n<td>2300*1000*1800mm<\/td>\n<\/tr>\n<tr>\n<td>Poids<\/td>\n<td>280 kg<\/td>\n<\/tr>\n<\/tbody>\n<\/table>\n\n<div class=\"wpcf7 no-js\" id=\"wpcf7-f12-o1\" lang=\"en-US\" dir=\"ltr\" data-wpcf7-id=\"12\">\n<div class=\"screen-reader-response\"><p role=\"status\" aria-live=\"polite\" aria-atomic=\"true\"><\/p> <ul><\/ul><\/div>\n<form action=\"\/fr\/wp-json\/wp\/v2\/product\/1093#wpcf7-f12-o1\" method=\"post\" class=\"wpcf7-form init\" aria-label=\"Formulaire de contact\" novalidate=\"novalidate\" data-status=\"init\" data-trp-original-action=\"\/fr\/wp-json\/wp\/v2\/product\/1093#wpcf7-f12-o1\">\n<fieldset class=\"hidden-fields-container\"><input type=\"hidden\" name=\"_wpcf7\" value=\"12\" \/><input type=\"hidden\" name=\"_wpcf7_version\" value=\"6.1.5\" \/><input type=\"hidden\" name=\"_wpcf7_locale\" value=\"en_US\" \/><input type=\"hidden\" name=\"_wpcf7_unit_tag\" value=\"wpcf7-f12-o1\" \/><input type=\"hidden\" name=\"_wpcf7_container_post\" value=\"0\" \/><input type=\"hidden\" name=\"_wpcf7_posted_data_hash\" value=\"\" \/>\n<\/fieldset>\n<div style='text-align: center;font-size: 30px;font-weight:bold;' class='pro-form'>\n\t<p>Laissez un message pour plus de d\u00e9tails et de prix\n\t<\/p>\n<\/div>\n<div style='width:50%;float:left'>\n\t<p><label> Votre nom<br \/>\n<span class=\"wpcf7-form-control-wrap\" data-name=\"your-name\"><input size=\"40\" maxlength=\"400\" class=\"wpcf7-form-control wpcf7-text\" aria-invalid=\"false\" value=\"\" type=\"text\" name=\"your-name\" \/><\/span> <\/label>\n\t<\/p>\n<\/div>\n<div style='width:50%;float:left'>\n\t<p><label> Votre pays<br \/>\n<span class=\"wpcf7-form-control-wrap\" data-name=\"text-899\"><input size=\"40\" maxlength=\"400\" class=\"wpcf7-form-control wpcf7-text\" aria-invalid=\"false\" value=\"\" type=\"text\" name=\"text-899\" \/><\/span> <\/label>\n\t<\/p>\n<\/div>\n<div style='clear:both'>\n<\/div>\n<div style='width:50%;float:left'>\n\t<p><label> *Votre email<br \/>\n<span class=\"wpcf7-form-control-wrap\" data-name=\"your-email\"><input size=\"40\" maxlength=\"400\" class=\"wpcf7-form-control wpcf7-email wpcf7-validates-as-required wpcf7-text wpcf7-validates-as-email\" aria-required=\"true\" aria-invalid=\"false\" value=\"\" type=\"email\" name=\"your-email\" \/><\/span> <\/label>\n\t<\/p>\n<\/div>\n<div style='width:50%;float:left'>\n\t<p><label> Votre t\u00e9l<br \/>\n<span class=\"wpcf7-form-control-wrap\" data-name=\"text-89\"><input size=\"40\" maxlength=\"400\" class=\"wpcf7-form-control wpcf7-text\" aria-invalid=\"false\" value=\"\" type=\"text\" name=\"text-89\" \/><\/span> <\/label>\n\t<\/p>\n<\/div>\n<div style='clear:both'>\n<\/div>\n<p><label> *Votre message<br \/>\n<span class=\"wpcf7-form-control-wrap\" data-name=\"your-message\"><textarea cols=\"40\" rows=\"10\" maxlength=\"2000\" class=\"wpcf7-form-control wpcf7-textarea wpcf7-validates-as-required\" aria-required=\"true\" aria-invalid=\"false\" name=\"your-message\"><\/textarea><\/span> <\/label>\n<\/p>\n<p><input class=\"wpcf7-form-control wpcf7-submit has-spinner\" type=\"submit\" value=\"Soumettre\" \/>\n<\/p><p style=\"display: none !important;\" class=\"akismet-fields-container\" data-prefix=\"_wpcf7_ak_\"><label>\u0394<textarea name=\"_wpcf7_ak_hp_textarea\" cols=\"45\" rows=\"8\" maxlength=\"100\"><\/textarea><\/label><input type=\"hidden\" id=\"ak_js_1\" name=\"_wpcf7_ak_js\" value=\"36\"\/><script>document.getElementById( \"ak_js_1\" ).setAttribute( \"value\", ( new Date() ).getTime() );<\/script><\/p><div class=\"wpcf7-response-output\" aria-hidden=\"true\"><\/div>\n<input type=\"hidden\" name=\"trp-form-language\" value=\"fr\"\/><\/form>\n<\/div>","protected":false},"excerpt":{"rendered":"<ul>\n<li><strong>Fonction :<\/strong> Peler<\/li>\n<li><strong>Mat\u00e9riau applicable :<\/strong> oignon<\/li>\n<li><strong>M\u00e9thode d'\u00e9pluchage :<\/strong> pelage \u00e0 sec<\/li>\n<li><strong>Dimensions :<\/strong> 2570*850-1270 (mm)<\/li>\n<\/ul>","protected":false},"featured_media":1650,"comment_status":"open","ping_status":"closed","template":"","meta":{"site-sidebar-layout":"default","site-content-layout":"default","ast-main-header-display":"","ast-hfb-above-header-display":"","ast-hfb-below-header-display":"","ast-hfb-mobile-header-display":"","site-post-title":"disabled","ast-breadcrumbs-content":"disabled","ast-featured-img":"","footer-sml-layout":"","theme-transparent-header-meta":"default","adv-header-id-meta":"","stick-header-meta":"","header-above-stick-meta":"","header-main-stick-meta":"","header-below-stick-meta":"","yasr_overall_rating":0,"yasr_post_is_review":"","yasr_auto_insert_disabled":"","yasr_review_type":""},"product_brand":[],"product_cat":[31],"product_tag":[],"class_list":{"0":"post-1093","1":"product","2":"type-product","3":"status-publish","4":"has-post-thumbnail","6":"product_cat-peeling-machine","8":"first","9":"instock","10":"shipping-taxable","11":"product-type-simple"},"yasr_visitor_votes":{"stars_attributes":{"read_only":false,"span_bottom":false},"number_of_votes":0,"sum_votes":0},"yoast_head":"<!-- This site is optimized with the Yoast SEO plugin v26.9 - https:\/\/yoast.com\/product\/yoast-seo-wordpress\/ -->\n<title>95% Peeling Rate Commercial Onion Skin Peeler Machine Price -<\/title>\n<meta name=\"description\" content=\"This onion skin peeler machine ensures the integrity, freshness, and contamination-free of onions. At the same time, it saves electricity and saves energy.\" \/>\n<meta name=\"robots\" content=\"index, follow, max-snippet:-1, max-image-preview:large, max-video-preview:-1\" \/>\n<link rel=\"canonical\" href=\"https:\/\/www.onionmachines.com\/fr\/produit\/onion-skin-peeler\/\" \/>\n<meta property=\"og:locale\" content=\"fr_FR\" \/>\n<meta property=\"og:type\" content=\"article\" \/>\n<meta property=\"og:title\" content=\"95% Peeling Rate Commercial Onion Skin Peeler Machine Price -\" \/>\n<meta property=\"og:description\" content=\"This onion skin peeler machine ensures the integrity, freshness, and contamination-free of onions. At the same time, it saves electricity and saves energy.\" \/>\n<meta property=\"og:url\" content=\"https:\/\/www.onionmachines.com\/fr\/produit\/onion-skin-peeler\/\" \/>\n<meta property=\"og:site_name\" content=\"Onion Processing Machine\" \/>\n<meta property=\"article:modified_time\" content=\"2022-11-05T06:57:10+00:00\" \/>\n<meta property=\"og:image\" content=\"https:\/\/www.onionmachines.com\/wp-content\/uploads\/2021\/04\/commercial-onion-peeler-machine.jpg\" \/>\n\t<meta property=\"og:image:width\" content=\"600\" \/>\n\t<meta property=\"og:image:height\" content=\"600\" \/>\n\t<meta property=\"og:image:type\" content=\"image\/jpeg\" \/>\n<meta name=\"twitter:card\" content=\"summary_large_image\" \/>\n<meta name=\"twitter:label1\" content=\"Dur\u00e9e de lecture estim\u00e9e\" \/>\n\t<meta name=\"twitter:data1\" content=\"3 minutes\" \/>\n<script type=\"application\/ld+json\" class=\"yoast-schema-graph\">{\"@context\":\"https:\/\/schema.org\",\"@graph\":[{\"@type\":\"WebPage\",\"@id\":\"https:\/\/www.onionmachines.com\/product\/onion-skin-peeler\/\",\"url\":\"https:\/\/www.onionmachines.com\/product\/onion-skin-peeler\/\",\"name\":\"95% Peeling Rate Commercial Onion Skin Peeler Machine Price -\",\"isPartOf\":{\"@id\":\"https:\/\/www.onionmachines.com\/#website\"},\"primaryImageOfPage\":{\"@id\":\"https:\/\/www.onionmachines.com\/product\/onion-skin-peeler\/#primaryimage\"},\"image\":{\"@id\":\"https:\/\/www.onionmachines.com\/product\/onion-skin-peeler\/#primaryimage\"},\"thumbnailUrl\":\"https:\/\/www.onionmachines.com\/wp-content\/uploads\/2021\/04\/commercial-onion-peeler-machine.jpg\",\"datePublished\":\"2021-04-05T07:48:40+00:00\",\"dateModified\":\"2022-11-05T06:57:10+00:00\",\"description\":\"This onion skin peeler machine ensures the integrity, freshness, and contamination-free of onions. At the same time, it saves electricity and saves energy.\",\"breadcrumb\":{\"@id\":\"https:\/\/www.onionmachines.com\/product\/onion-skin-peeler\/#breadcrumb\"},\"inLanguage\":\"fr-FR\",\"potentialAction\":[{\"@type\":\"ReadAction\",\"target\":[\"https:\/\/www.onionmachines.com\/product\/onion-skin-peeler\/\"]}]},{\"@type\":\"ImageObject\",\"inLanguage\":\"fr-FR\",\"@id\":\"https:\/\/www.onionmachines.com\/product\/onion-skin-peeler\/#primaryimage\",\"url\":\"https:\/\/www.onionmachines.com\/wp-content\/uploads\/2021\/04\/commercial-onion-peeler-machine.jpg\",\"contentUrl\":\"https:\/\/www.onionmachines.com\/wp-content\/uploads\/2021\/04\/commercial-onion-peeler-machine.jpg\",\"width\":600,\"height\":600,\"caption\":\"onion skin peeler machine\"},{\"@type\":\"BreadcrumbList\",\"@id\":\"https:\/\/www.onionmachines.com\/product\/onion-skin-peeler\/#breadcrumb\",\"itemListElement\":[{\"@type\":\"ListItem\",\"position\":1,\"name\":\"Home\",\"item\":\"https:\/\/www.onionmachines.com\/\"},{\"@type\":\"ListItem\",\"position\":2,\"name\":\"Products\",\"item\":\"https:\/\/www.onionmachines.com\/products\/\"},{\"@type\":\"ListItem\",\"position\":3,\"name\":\"95% Peeling Rate Commercial Onion Skin Peeler Machine Price\"}]},{\"@type\":\"WebSite\",\"@id\":\"https:\/\/www.onionmachines.com\/#website\",\"url\":\"https:\/\/www.onionmachines.com\/\",\"name\":\"Onion Processing Machine\",\"description\":\"Onion Machines Supplier\",\"potentialAction\":[{\"@type\":\"SearchAction\",\"target\":{\"@type\":\"EntryPoint\",\"urlTemplate\":\"https:\/\/www.onionmachines.com\/?s={search_term_string}\"},\"query-input\":{\"@type\":\"PropertyValueSpecification\",\"valueRequired\":true,\"valueName\":\"search_term_string\"}}],\"inLanguage\":\"fr-FR\"},false]}<\/script>\n<!-- \/ Yoast SEO plugin. -->","yoast_head_json":{"title":"95% Machine \u00e0 \u00e9plucher les oignons Prix de la machine \u00e0 \u00e9plucher les oignons - - - -.","description":"Cette machine \u00e0 \u00e9plucher les oignons garantit l'int\u00e9grit\u00e9, la fra\u00eecheur et l'absence de contamination des oignons. En m\u00eame temps, elle permet d'\u00e9conomiser de l'\u00e9lectricit\u00e9 et de l'\u00e9nergie.","robots":{"index":"index","follow":"follow","max-snippet":"max-snippet:-1","max-image-preview":"max-image-preview:large","max-video-preview":"max-video-preview:-1"},"canonical":"https:\/\/www.onionmachines.com\/fr\/produit\/onion-skin-peeler\/","og_locale":"fr_FR","og_type":"article","og_title":"95% Peeling Rate Commercial Onion Skin Peeler Machine Price -","og_description":"This onion skin peeler machine ensures the integrity, freshness, and contamination-free of onions. At the same time, it saves electricity and saves energy.","og_url":"https:\/\/www.onionmachines.com\/fr\/produit\/onion-skin-peeler\/","og_site_name":"Onion Processing Machine","article_modified_time":"2022-11-05T06:57:10+00:00","og_image":[{"width":600,"height":600,"url":"https:\/\/www.onionmachines.com\/wp-content\/uploads\/2021\/04\/commercial-onion-peeler-machine.jpg","type":"image\/jpeg"}],"twitter_card":"summary_large_image","twitter_misc":{"Dur\u00e9e de lecture estim\u00e9e":"3 minutes"},"schema":{"@context":"https:\/\/schema.org","@graph":[{"@type":"WebPage","@id":"https:\/\/www.onionmachines.com\/product\/onion-skin-peeler\/","url":"https:\/\/www.onionmachines.com\/product\/onion-skin-peeler\/","name":"95% Machine \u00e0 \u00e9plucher les oignons Prix de la machine \u00e0 \u00e9plucher les oignons - - - -.","isPartOf":{"@id":"https:\/\/www.onionmachines.com\/#website"},"primaryImageOfPage":{"@id":"https:\/\/www.onionmachines.com\/product\/onion-skin-peeler\/#primaryimage"},"image":{"@id":"https:\/\/www.onionmachines.com\/product\/onion-skin-peeler\/#primaryimage"},"thumbnailUrl":"https:\/\/www.onionmachines.com\/wp-content\/uploads\/2021\/04\/commercial-onion-peeler-machine.jpg","datePublished":"2021-04-05T07:48:40+00:00","dateModified":"2022-11-05T06:57:10+00:00","description":"Cette machine \u00e0 \u00e9plucher les oignons garantit l'int\u00e9grit\u00e9, la fra\u00eecheur et l'absence de contamination des oignons. En m\u00eame temps, elle permet d'\u00e9conomiser de l'\u00e9lectricit\u00e9 et de l'\u00e9nergie.","breadcrumb":{"@id":"https:\/\/www.onionmachines.com\/product\/onion-skin-peeler\/#breadcrumb"},"inLanguage":"fr-FR","potentialAction":[{"@type":"ReadAction","target":["https:\/\/www.onionmachines.com\/product\/onion-skin-peeler\/"]}]},{"@type":"ImageObject","inLanguage":"fr-FR","@id":"https:\/\/www.onionmachines.com\/product\/onion-skin-peeler\/#primaryimage","url":"https:\/\/www.onionmachines.com\/wp-content\/uploads\/2021\/04\/commercial-onion-peeler-machine.jpg","contentUrl":"https:\/\/www.onionmachines.com\/wp-content\/uploads\/2021\/04\/commercial-onion-peeler-machine.jpg","width":600,"height":600,"caption":"onion skin peeler machine"},{"@type":"BreadcrumbList","@id":"https:\/\/www.onionmachines.com\/product\/onion-skin-peeler\/#breadcrumb","itemListElement":[{"@type":"ListItem","position":1,"name":"Home","item":"https:\/\/www.onionmachines.com\/"},{"@type":"ListItem","position":2,"name":"Products","item":"https:\/\/www.onionmachines.com\/products\/"},{"@type":"ListItem","position":3,"name":"95% Peeling Rate Commercial Onion Skin Peeler Machine Price"}]},{"@type":"WebSite","@id":"https:\/\/www.onionmachines.com\/#website","url":"https:\/\/www.onionmachines.com\/","name":"Machine de traitement des oignons","description":"Machines \u00e0 oignons Fournisseur","potentialAction":[{"@type":"SearchAction","target":{"@type":"EntryPoint","urlTemplate":"https:\/\/www.onionmachines.com\/?s={search_term_string}"},"query-input":{"@type":"PropertyValueSpecification","valueRequired":true,"valueName":"search_term_string"}}],"inLanguage":"fr-FR"},false]}},"_links":{"self":[{"href":"https:\/\/www.onionmachines.com\/fr\/wp-json\/wp\/v2\/product\/1093","targetHints":{"allow":["GET"]}}],"collection":[{"href":"https:\/\/www.onionmachines.com\/fr\/wp-json\/wp\/v2\/product"}],"about":[{"href":"https:\/\/www.onionmachines.com\/fr\/wp-json\/wp\/v2\/types\/product"}],"replies":[{"embeddable":true,"href":"https:\/\/www.onionmachines.com\/fr\/wp-json\/wp\/v2\/comments?post=1093"}],"wp:featuredmedia":[{"embeddable":true,"href":"https:\/\/www.onionmachines.com\/fr\/wp-json\/wp\/v2\/media\/1650"}],"wp:attachment":[{"href":"https:\/\/www.onionmachines.com\/fr\/wp-json\/wp\/v2\/media?parent=1093"}],"wp:term":[{"taxonomy":"product_brand","embeddable":true,"href":"https:\/\/www.onionmachines.com\/fr\/wp-json\/wp\/v2\/product_brand?post=1093"},{"taxonomy":"product_cat","embeddable":true,"href":"https:\/\/www.onionmachines.com\/fr\/wp-json\/wp\/v2\/product_cat?post=1093"},{"taxonomy":"product_tag","embeddable":true,"href":"https:\/\/www.onionmachines.com\/fr\/wp-json\/wp\/v2\/product_tag?post=1093"}],"curies":[{"name":"wp","href":"https:\/\/api.w.org\/{rel}","templated":true}]}}