{"id":1091,"date":"2021-04-05T07:48:36","date_gmt":"2021-04-05T07:48:36","guid":{"rendered":"http:\/\/www.onionmachines.com\/product\/bicycle-gloves-yellow\/"},"modified":"2022-05-24T02:06:32","modified_gmt":"2022-05-24T02:06:32","slug":"automatic-onion-peeler-machine","status":"publish","type":"product","link":"https:\/\/www.onionmachines.com\/fr\/produit\/automatic-onion-peeler-machine\/","title":{"rendered":"Machine automatique \u00e0 \u00e9plucher les oignons pour la vente - taux d'\u00e9pluchage \u00e9lev\u00e9"},"content":{"rendered":"<p>Cette machine automatique \u00e0 \u00e9plucher les oignons utilise de l'air comprim\u00e9 pour s\u00e9parer la peau de l'oignon, et l'oignon s'\u00e9pluche sans interruption. Pendant le processus d'\u00e9pluchage, les oignons sont compl\u00e8tement \u00e9pluch\u00e9s sans effet de friction de duret\u00e9, ce qui garantit que les oignons ne sont pas endommag\u00e9s apr\u00e8s le traitement. Cette machine \u00e0 \u00e9plucher les oignons en vente a un taux d'\u00e9pluchage \u00e9lev\u00e9 et un haut degr\u00e9 d'automatisation, ce qui peut r\u00e9duire consid\u00e9rablement les co\u00fbts de main-d'\u0153uvre.<\/p>\n<p><img loading=\"lazy\" decoding=\"async\" class=\"alignnone wp-image-1664 size-full\" src=\"http:\/\/www.onionmachines.com\/wp-content\/uploads\/2021\/04\/5-2.jpg\" alt=\"machine commerciale \u00e0 \u00e9plucher les oignons d\u00e9tails\" width=\"800\" height=\"500\" srcset=\"https:\/\/www.onionmachines.com\/wp-content\/uploads\/2021\/04\/5-2.jpg 800w, https:\/\/www.onionmachines.com\/wp-content\/uploads\/2021\/04\/5-2-300x188.jpg 300w, https:\/\/www.onionmachines.com\/wp-content\/uploads\/2021\/04\/5-2-768x480.jpg 768w, https:\/\/www.onionmachines.com\/wp-content\/uploads\/2021\/04\/5-2-600x375.jpg 600w\" sizes=\"auto, (max-width: 800px) 100vw, 800px\" \/><\/p>\n<h2><strong><b>Avantages de la <\/b><\/strong><strong><b>Machine \u00e0 \u00e9plucher les oignons \u00e0 vendre<\/b><\/strong><\/h2>\n<ul>\n<li>Apr\u00e8s l'\u00e9pluchage, la peau de l'oignon est lisse et le taux de casse est faible, ce qui convient \u00e0 diverses industries de transformation des aliments.<\/li>\n<li>Utilisation d'un mat\u00e9riau en acier inoxydable de haute qualit\u00e9, conforme aux normes d'hygi\u00e8ne.<\/li>\n<li>La machine \u00e0 \u00e9plucher les oignons pr\u00e9sente les caract\u00e9ristiques suivantes : s\u00e9chage, automatisation de l'\u00e9pluchage, efficacit\u00e9 de production \u00e9lev\u00e9e, facilit\u00e9 d'entretien et de nettoyage, faible taux de d\u00e9faillance.<\/li>\n<li>Cette \u00e9plucheuse d'oignons peut \u00eatre \u00e9quip\u00e9e d'un alimentateur pour \u00e9viter le gaspillage de main-d'\u0153uvre et augmenter le rendement.<\/li>\n<li>La vitesse de transmission de l'\u00e9pluchage et de la cha\u00eene de la machine d'\u00e9pluchage coop\u00e8rent l'une avec l'autre, et la vitesse de l'\u00e9pluchage et de la cha\u00eene peut \u00eatre augment\u00e9e ou diminu\u00e9e gr\u00e2ce au panneau de r\u00e9glage situ\u00e9 sur le ch\u00e2ssis, afin de contr\u00f4ler le rendement du traitement.<\/li>\n<li>6. La machine \u00e0 \u00e9plucher les oignons est facile \u00e0 utiliser et a un rendement \u00e9lev\u00e9. Il n'y a pas de limite \u00e0 la taille et au type d'oignon.<\/li>\n<li>7. Peut \u00eatre personnalis\u00e9 en fonction des besoins de production du client.<\/li>\n<\/ul>\n<h2><strong><b>Vid\u00e9o de travail<\/b><\/strong><strong><b>\u00a0De <\/b><\/strong><strong><b>Machine automatique \u00e0 \u00e9plucher les oignons<\/b><\/strong><\/h2>\n<p>Vous trouverez ci-dessous la vid\u00e9o de fonctionnement de cette machine \u00e0 \u00e9plucher les oignons \u00e0 vendre. La vid\u00e9o montre que cette machine a une efficacit\u00e9 de travail \u00e9lev\u00e9e et que la surface de l'oignon \u00e9pluch\u00e9 est lisse et sans pollution. De plus, le processus de travail est sec et l'\u00e9pluchage se fait sans eau, ce qui permet d'\u00e9conomiser les ressources et de r\u00e9duire les co\u00fbts pour les clients.<\/p>\n<p><iframe loading=\"lazy\" title=\"Lecteur vid\u00e9o YouTube\" src=\"https:\/\/www.youtube.com\/embed\/-TGQV6sgnXw\" width=\"800\" height=\"475.5\" frameborder=\"0\" allowfullscreen=\"allowfullscreen\"><span data-mce-type=\"bookmark\" style=\"display: inline-block; width: 0px; overflow: hidden; line-height: 0;\" class=\"mce_SELRES_start\"><\/span><\/iframe><\/p>\n<h2><strong><b>Utilisation et fonctionnement<\/b><\/strong><strong><b>\u00a0De <\/b><\/strong><strong><b>Machine \u00e0 \u00e9plucher les oignons \u00e0 vendre<\/b><\/strong><\/h2>\n<p>L'alimentation \u00e9lectrique de cette machine est de 380V. Avant de d\u00e9marrer la machine, r\u00e9glez la pression d'air du compresseur d'air \u00e0 0,8mpa et v\u00e9rifiez qu'il n'y a pas de d\u00e9bris sur le convoyeur \u00e0 cha\u00eene. V\u00e9rifier que le sens de marche de la machine \u00e0 \u00e9plucher les oignons est conforme au sens indiqu\u00e9 sur la machine. Si le sens n'est pas conforme, la machine doit \u00eatre d\u00e9bogu\u00e9e dans le m\u00eame sens que le sens du march\u00e9 avant de pouvoir \u00eatre utilis\u00e9e.<\/p>\n<p>Si vous souhaitez obtenir plus de d\u00e9tails sur cette machine automatique \u00e0 \u00e9plucher les oignons, vous pouvez nous laisser un message. Nous vous contacterons dans les plus brefs d\u00e9lais et \u00e9tablirons un devis en fonction de vos besoins.<\/p>\n<h2><strong>PARAM\u00c8TRES TECHNIQUES<\/strong><\/h2>\n<table>\n<tbody>\n<tr>\n<td>Mod\u00e8le<\/td>\n<td>GGYB-2<\/td>\n<\/tr>\n<tr>\n<td>Puissance<\/td>\n<td>1,5kw, 380V\/415V<\/td>\n<\/tr>\n<tr>\n<td>M\u00e9thode d'alimentation<\/td>\n<td>M\u00e9thode d'alimentation par double convoyeur<\/td>\n<\/tr>\n<tr>\n<td>Taux de pelage<\/td>\n<td>70-80pcs\/minute<\/td>\n<\/tr>\n<tr>\n<td>Capacit\u00e9<\/td>\n<td>1500-2000kg\/h<\/td>\n<\/tr>\n<tr>\n<td>M\u00e9thode d'\u00e9pluchage<\/td>\n<td>M\u00e9thode de pelage au gaz \u00e0 haute pression<\/td>\n<\/tr>\n<tr>\n<td>Dimension<\/td>\n<td>2300*1000*1800mm<\/td>\n<\/tr>\n<tr>\n<td>Poids<\/td>\n<td>280 kg<\/td>\n<\/tr>\n<\/tbody>\n<\/table>\n\n<div class=\"wpcf7 no-js\" id=\"wpcf7-f12-o1\" lang=\"en-US\" dir=\"ltr\" data-wpcf7-id=\"12\">\n<div class=\"screen-reader-response\"><p role=\"status\" aria-live=\"polite\" aria-atomic=\"true\"><\/p> <ul><\/ul><\/div>\n<form action=\"\/fr\/wp-json\/wp\/v2\/product\/1091#wpcf7-f12-o1\" method=\"post\" class=\"wpcf7-form init\" aria-label=\"Formulaire de contact\" novalidate=\"novalidate\" data-status=\"init\" data-trp-original-action=\"\/fr\/wp-json\/wp\/v2\/product\/1091#wpcf7-f12-o1\">\n<fieldset class=\"hidden-fields-container\"><input type=\"hidden\" name=\"_wpcf7\" value=\"12\" \/><input type=\"hidden\" name=\"_wpcf7_version\" value=\"6.1.5\" \/><input type=\"hidden\" name=\"_wpcf7_locale\" value=\"en_US\" \/><input type=\"hidden\" name=\"_wpcf7_unit_tag\" value=\"wpcf7-f12-o1\" \/><input type=\"hidden\" name=\"_wpcf7_container_post\" value=\"0\" \/><input type=\"hidden\" name=\"_wpcf7_posted_data_hash\" value=\"\" \/>\n<\/fieldset>\n<div style='text-align: center;font-size: 30px;font-weight:bold;' class='pro-form'>\n\t<p>Laissez un message pour plus de d\u00e9tails et de prix\n\t<\/p>\n<\/div>\n<div style='width:50%;float:left'>\n\t<p><label> Votre nom<br \/>\n<span class=\"wpcf7-form-control-wrap\" data-name=\"your-name\"><input size=\"40\" maxlength=\"400\" class=\"wpcf7-form-control wpcf7-text\" aria-invalid=\"false\" value=\"\" type=\"text\" name=\"your-name\" \/><\/span> <\/label>\n\t<\/p>\n<\/div>\n<div style='width:50%;float:left'>\n\t<p><label> Votre pays<br \/>\n<span class=\"wpcf7-form-control-wrap\" data-name=\"text-899\"><input size=\"40\" maxlength=\"400\" class=\"wpcf7-form-control wpcf7-text\" aria-invalid=\"false\" value=\"\" type=\"text\" name=\"text-899\" \/><\/span> <\/label>\n\t<\/p>\n<\/div>\n<div style='clear:both'>\n<\/div>\n<div style='width:50%;float:left'>\n\t<p><label> *Votre email<br \/>\n<span class=\"wpcf7-form-control-wrap\" data-name=\"your-email\"><input size=\"40\" maxlength=\"400\" class=\"wpcf7-form-control wpcf7-email wpcf7-validates-as-required wpcf7-text wpcf7-validates-as-email\" aria-required=\"true\" aria-invalid=\"false\" value=\"\" type=\"email\" name=\"your-email\" \/><\/span> <\/label>\n\t<\/p>\n<\/div>\n<div style='width:50%;float:left'>\n\t<p><label> Votre t\u00e9l<br \/>\n<span class=\"wpcf7-form-control-wrap\" data-name=\"text-89\"><input size=\"40\" maxlength=\"400\" class=\"wpcf7-form-control wpcf7-text\" aria-invalid=\"false\" value=\"\" type=\"text\" name=\"text-89\" \/><\/span> <\/label>\n\t<\/p>\n<\/div>\n<div style='clear:both'>\n<\/div>\n<p><label> *Votre message<br \/>\n<span class=\"wpcf7-form-control-wrap\" data-name=\"your-message\"><textarea cols=\"40\" rows=\"10\" maxlength=\"2000\" class=\"wpcf7-form-control wpcf7-textarea wpcf7-validates-as-required\" aria-required=\"true\" aria-invalid=\"false\" name=\"your-message\"><\/textarea><\/span> <\/label>\n<\/p>\n<p><input class=\"wpcf7-form-control wpcf7-submit has-spinner\" type=\"submit\" value=\"Soumettre\" \/>\n<\/p><p style=\"display: none !important;\" class=\"akismet-fields-container\" data-prefix=\"_wpcf7_ak_\"><label>\u0394<textarea name=\"_wpcf7_ak_hp_textarea\" cols=\"45\" rows=\"8\" maxlength=\"100\"><\/textarea><\/label><input type=\"hidden\" id=\"ak_js_1\" name=\"_wpcf7_ak_js\" value=\"52\"\/><script>document.getElementById( \"ak_js_1\" ).setAttribute( \"value\", ( new Date() ).getTime() );<\/script><\/p><div class=\"wpcf7-response-output\" aria-hidden=\"true\"><\/div>\n<input type=\"hidden\" name=\"trp-form-language\" value=\"fr\"\/><\/form>\n<\/div>","protected":false},"excerpt":{"rendered":"<ul>\n<li>Un degr\u00e9 \u00e9lev\u00e9 d'automatisation.<\/li>\n<li>Taux d'\u00e9pluchage \u00e9lev\u00e9, sup\u00e9rieur \u00e0 95%.<\/li>\n<li>Le taux de rupture est extr\u00eamement faible.<\/li>\n<li>Personnalisation de l'assistance.<\/li>\n<\/ul>","protected":false},"featured_media":1660,"comment_status":"open","ping_status":"closed","template":"","meta":{"site-sidebar-layout":"default","site-content-layout":"default","ast-main-header-display":"","ast-hfb-above-header-display":"","ast-hfb-below-header-display":"","ast-hfb-mobile-header-display":"","site-post-title":"disabled","ast-breadcrumbs-content":"disabled","ast-featured-img":"","footer-sml-layout":"","theme-transparent-header-meta":"default","adv-header-id-meta":"","stick-header-meta":"","header-above-stick-meta":"","header-main-stick-meta":"","header-below-stick-meta":"","yasr_overall_rating":0,"yasr_post_is_review":"","yasr_auto_insert_disabled":"","yasr_review_type":""},"product_brand":[],"product_cat":[31],"product_tag":[],"class_list":{"0":"post-1091","1":"product","2":"type-product","3":"status-publish","4":"has-post-thumbnail","6":"product_cat-peeling-machine","8":"first","9":"instock","10":"shipping-taxable","11":"product-type-simple"},"yasr_visitor_votes":{"stars_attributes":{"read_only":false,"span_bottom":false},"number_of_votes":0,"sum_votes":0},"yoast_head":"<!-- This site is optimized with the Yoast SEO plugin v26.9 - https:\/\/yoast.com\/product\/yoast-seo-wordpress\/ -->\n<title>Automatic Onion Peeler Machine For Sale-High Peeling Rate -<\/title>\n<meta name=\"description\" content=\"The automatic onion peeler machine is easy to operate and has high output. The outer membrane of the onion and onion is peeled off using compressed air as power.\" \/>\n<meta name=\"robots\" content=\"index, follow, max-snippet:-1, max-image-preview:large, max-video-preview:-1\" \/>\n<link rel=\"canonical\" href=\"https:\/\/www.onionmachines.com\/fr\/produit\/automatic-onion-peeler-machine\/\" \/>\n<meta property=\"og:locale\" content=\"fr_FR\" \/>\n<meta property=\"og:type\" content=\"article\" \/>\n<meta property=\"og:title\" content=\"Automatic Onion Peeler Machine For Sale-High Peeling Rate -\" \/>\n<meta property=\"og:description\" content=\"The automatic onion peeler machine is easy to operate and has high output. The outer membrane of the onion and onion is peeled off using compressed air as power.\" \/>\n<meta property=\"og:url\" content=\"https:\/\/www.onionmachines.com\/fr\/produit\/automatic-onion-peeler-machine\/\" \/>\n<meta property=\"og:site_name\" content=\"Onion Processing Machine\" \/>\n<meta property=\"article:modified_time\" content=\"2022-05-24T02:06:32+00:00\" \/>\n<meta property=\"og:image\" content=\"https:\/\/www.onionmachines.com\/wp-content\/uploads\/2021\/04\/1-1.jpg\" \/>\n\t<meta property=\"og:image:width\" content=\"600\" \/>\n\t<meta property=\"og:image:height\" content=\"600\" \/>\n\t<meta property=\"og:image:type\" content=\"image\/jpeg\" \/>\n<meta name=\"twitter:card\" content=\"summary_large_image\" \/>\n<meta name=\"twitter:label1\" content=\"Dur\u00e9e de lecture estim\u00e9e\" \/>\n\t<meta name=\"twitter:data1\" content=\"3 minutes\" \/>\n<script type=\"application\/ld+json\" class=\"yoast-schema-graph\">{\"@context\":\"https:\/\/schema.org\",\"@graph\":[{\"@type\":\"WebPage\",\"@id\":\"https:\/\/www.onionmachines.com\/product\/automatic-onion-peeler-machine\/\",\"url\":\"https:\/\/www.onionmachines.com\/product\/automatic-onion-peeler-machine\/\",\"name\":\"Automatic Onion Peeler Machine For Sale-High Peeling Rate -\",\"isPartOf\":{\"@id\":\"https:\/\/www.onionmachines.com\/#website\"},\"primaryImageOfPage\":{\"@id\":\"https:\/\/www.onionmachines.com\/product\/automatic-onion-peeler-machine\/#primaryimage\"},\"image\":{\"@id\":\"https:\/\/www.onionmachines.com\/product\/automatic-onion-peeler-machine\/#primaryimage\"},\"thumbnailUrl\":\"https:\/\/www.onionmachines.com\/wp-content\/uploads\/2021\/04\/1-1.jpg\",\"datePublished\":\"2021-04-05T07:48:36+00:00\",\"dateModified\":\"2022-05-24T02:06:32+00:00\",\"description\":\"The automatic onion peeler machine is easy to operate and has high output. The outer membrane of the onion and onion is peeled off using compressed air as power.\",\"breadcrumb\":{\"@id\":\"https:\/\/www.onionmachines.com\/product\/automatic-onion-peeler-machine\/#breadcrumb\"},\"inLanguage\":\"fr-FR\",\"potentialAction\":[{\"@type\":\"ReadAction\",\"target\":[\"https:\/\/www.onionmachines.com\/product\/automatic-onion-peeler-machine\/\"]}]},{\"@type\":\"ImageObject\",\"inLanguage\":\"fr-FR\",\"@id\":\"https:\/\/www.onionmachines.com\/product\/automatic-onion-peeler-machine\/#primaryimage\",\"url\":\"https:\/\/www.onionmachines.com\/wp-content\/uploads\/2021\/04\/1-1.jpg\",\"contentUrl\":\"https:\/\/www.onionmachines.com\/wp-content\/uploads\/2021\/04\/1-1.jpg\",\"width\":600,\"height\":600,\"caption\":\"automatic onion peeler machine\"},{\"@type\":\"BreadcrumbList\",\"@id\":\"https:\/\/www.onionmachines.com\/product\/automatic-onion-peeler-machine\/#breadcrumb\",\"itemListElement\":[{\"@type\":\"ListItem\",\"position\":1,\"name\":\"Home\",\"item\":\"https:\/\/www.onionmachines.com\/\"},{\"@type\":\"ListItem\",\"position\":2,\"name\":\"Products\",\"item\":\"https:\/\/www.onionmachines.com\/products\/\"},{\"@type\":\"ListItem\",\"position\":3,\"name\":\"Automatic Onion Peeler Machine For Sale&#8211;High Peeling Rate\"}]},{\"@type\":\"WebSite\",\"@id\":\"https:\/\/www.onionmachines.com\/#website\",\"url\":\"https:\/\/www.onionmachines.com\/\",\"name\":\"Onion Processing Machine\",\"description\":\"Onion Machines Supplier\",\"potentialAction\":[{\"@type\":\"SearchAction\",\"target\":{\"@type\":\"EntryPoint\",\"urlTemplate\":\"https:\/\/www.onionmachines.com\/?s={search_term_string}\"},\"query-input\":{\"@type\":\"PropertyValueSpecification\",\"valueRequired\":true,\"valueName\":\"search_term_string\"}}],\"inLanguage\":\"fr-FR\"},false]}<\/script>\n<!-- \/ Yoast SEO plugin. -->","yoast_head_json":{"title":"Machine automatique \u00e0 \u00e9plucher les oignons pour la vente - taux d'\u00e9pluchage \u00e9lev\u00e9","description":"La machine automatique \u00e0 \u00e9plucher les oignons est facile \u00e0 utiliser et a un rendement \u00e9lev\u00e9. La membrane ext\u00e9rieure de l'oignon et l'oignon sont \u00e9pluch\u00e9s \u00e0 l'aide d'air comprim\u00e9.","robots":{"index":"index","follow":"follow","max-snippet":"max-snippet:-1","max-image-preview":"max-image-preview:large","max-video-preview":"max-video-preview:-1"},"canonical":"https:\/\/www.onionmachines.com\/fr\/produit\/automatic-onion-peeler-machine\/","og_locale":"fr_FR","og_type":"article","og_title":"Automatic Onion Peeler Machine For Sale-High Peeling Rate -","og_description":"The automatic onion peeler machine is easy to operate and has high output. The outer membrane of the onion and onion is peeled off using compressed air as power.","og_url":"https:\/\/www.onionmachines.com\/fr\/produit\/automatic-onion-peeler-machine\/","og_site_name":"Onion Processing Machine","article_modified_time":"2022-05-24T02:06:32+00:00","og_image":[{"width":600,"height":600,"url":"https:\/\/www.onionmachines.com\/wp-content\/uploads\/2021\/04\/1-1.jpg","type":"image\/jpeg"}],"twitter_card":"summary_large_image","twitter_misc":{"Dur\u00e9e de lecture estim\u00e9e":"3 minutes"},"schema":{"@context":"https:\/\/schema.org","@graph":[{"@type":"WebPage","@id":"https:\/\/www.onionmachines.com\/product\/automatic-onion-peeler-machine\/","url":"https:\/\/www.onionmachines.com\/product\/automatic-onion-peeler-machine\/","name":"Machine automatique \u00e0 \u00e9plucher les oignons pour la vente - taux d'\u00e9pluchage \u00e9lev\u00e9","isPartOf":{"@id":"https:\/\/www.onionmachines.com\/#website"},"primaryImageOfPage":{"@id":"https:\/\/www.onionmachines.com\/product\/automatic-onion-peeler-machine\/#primaryimage"},"image":{"@id":"https:\/\/www.onionmachines.com\/product\/automatic-onion-peeler-machine\/#primaryimage"},"thumbnailUrl":"https:\/\/www.onionmachines.com\/wp-content\/uploads\/2021\/04\/1-1.jpg","datePublished":"2021-04-05T07:48:36+00:00","dateModified":"2022-05-24T02:06:32+00:00","description":"La machine automatique \u00e0 \u00e9plucher les oignons est facile \u00e0 utiliser et a un rendement \u00e9lev\u00e9. La membrane ext\u00e9rieure de l'oignon et l'oignon sont \u00e9pluch\u00e9s \u00e0 l'aide d'air comprim\u00e9.","breadcrumb":{"@id":"https:\/\/www.onionmachines.com\/product\/automatic-onion-peeler-machine\/#breadcrumb"},"inLanguage":"fr-FR","potentialAction":[{"@type":"ReadAction","target":["https:\/\/www.onionmachines.com\/product\/automatic-onion-peeler-machine\/"]}]},{"@type":"ImageObject","inLanguage":"fr-FR","@id":"https:\/\/www.onionmachines.com\/product\/automatic-onion-peeler-machine\/#primaryimage","url":"https:\/\/www.onionmachines.com\/wp-content\/uploads\/2021\/04\/1-1.jpg","contentUrl":"https:\/\/www.onionmachines.com\/wp-content\/uploads\/2021\/04\/1-1.jpg","width":600,"height":600,"caption":"automatic onion peeler machine"},{"@type":"BreadcrumbList","@id":"https:\/\/www.onionmachines.com\/product\/automatic-onion-peeler-machine\/#breadcrumb","itemListElement":[{"@type":"ListItem","position":1,"name":"Home","item":"https:\/\/www.onionmachines.com\/"},{"@type":"ListItem","position":2,"name":"Products","item":"https:\/\/www.onionmachines.com\/products\/"},{"@type":"ListItem","position":3,"name":"Automatic Onion Peeler Machine For Sale&#8211;High Peeling Rate"}]},{"@type":"WebSite","@id":"https:\/\/www.onionmachines.com\/#website","url":"https:\/\/www.onionmachines.com\/","name":"Machine de traitement des oignons","description":"Machines \u00e0 oignons Fournisseur","potentialAction":[{"@type":"SearchAction","target":{"@type":"EntryPoint","urlTemplate":"https:\/\/www.onionmachines.com\/?s={search_term_string}"},"query-input":{"@type":"PropertyValueSpecification","valueRequired":true,"valueName":"search_term_string"}}],"inLanguage":"fr-FR"},false]}},"_links":{"self":[{"href":"https:\/\/www.onionmachines.com\/fr\/wp-json\/wp\/v2\/product\/1091","targetHints":{"allow":["GET"]}}],"collection":[{"href":"https:\/\/www.onionmachines.com\/fr\/wp-json\/wp\/v2\/product"}],"about":[{"href":"https:\/\/www.onionmachines.com\/fr\/wp-json\/wp\/v2\/types\/product"}],"replies":[{"embeddable":true,"href":"https:\/\/www.onionmachines.com\/fr\/wp-json\/wp\/v2\/comments?post=1091"}],"wp:featuredmedia":[{"embeddable":true,"href":"https:\/\/www.onionmachines.com\/fr\/wp-json\/wp\/v2\/media\/1660"}],"wp:attachment":[{"href":"https:\/\/www.onionmachines.com\/fr\/wp-json\/wp\/v2\/media?parent=1091"}],"wp:term":[{"taxonomy":"product_brand","embeddable":true,"href":"https:\/\/www.onionmachines.com\/fr\/wp-json\/wp\/v2\/product_brand?post=1091"},{"taxonomy":"product_cat","embeddable":true,"href":"https:\/\/www.onionmachines.com\/fr\/wp-json\/wp\/v2\/product_cat?post=1091"},{"taxonomy":"product_tag","embeddable":true,"href":"https:\/\/www.onionmachines.com\/fr\/wp-json\/wp\/v2\/product_tag?post=1091"}],"curies":[{"name":"wp","href":"https:\/\/api.w.org\/{rel}","templated":true}]}}